{"id":5599,"date":"2020-01-28T12:04:37","date_gmt":"2020-01-28T05:04:37","guid":{"rendered":"https:\/\/sayconcept.com\/arc\/?page_id=5599"},"modified":"2020-10-30T17:10:46","modified_gmt":"2020-10-30T10:10:46","slug":"y-tuong-thiet-ke-can-ho-container","status":"publish","type":"page","link":"https:\/\/sayconcept.com\/arc\/y-tuong-thiet-ke-can-ho-container\/","title":{"rendered":"\u00dd t\u01b0\u1edfng thi\u1ebft k\u1ebf c\u0103n h\u1ed9 Container"},"content":{"rendered":"\t\t<div data-elementor-type=\"wp-page\" data-elementor-id=\"5599\" class=\"elementor elementor-5599\" data-elementor-settings=\"[]\">\n\t\t\t\t\t\t<div class=\"elementor-inner\">\n\t\t\t\t\t\t\t<div class=\"elementor-section-wrap\">\n\t\t\t\t\t\t\t<section class=\"elementor-section elementor-top-section elementor-element elementor-element-5dd2dda elementor-section-stretched elementor-section-height-min-height elementor-section-boxed elementor-section-height-default elementor-section-items-middle\" data-id=\"5dd2dda\" data-element_type=\"section\" data-settings=\"{&quot;stretch_section&quot;:&quot;section-stretched&quot;,&quot;background_background&quot;:&quot;classic&quot;,&quot;architecturer_ext_is_background_parallax&quot;:&quot;false&quot;,&quot;architecturer_ext_is_background_on_scroll&quot;:&quot;false&quot;}\">\n\t\t\t\t\t\t<div class=\"elementor-container elementor-column-gap-default\">\n\t\t\t\t\t\t\t<div class=\"elementor-row\">\n\t\t\t\t\t<div class=\"elementor-column elementor-col-100 elementor-top-column elementor-element elementor-element-5291bae\" data-id=\"5291bae\" data-element_type=\"column\" data-settings=\"{&quot;architecturer_ext_is_mobile_menu&quot;:&quot;false&quot;,&quot;architecturer_ext_is_scrollme&quot;:&quot;false&quot;,&quot;architecturer_ext_is_smoove&quot;:&quot;false&quot;,&quot;architecturer_ext_is_parallax_mouse&quot;:&quot;false&quot;,&quot;architecturer_ext_is_infinite&quot;:&quot;false&quot;,&quot;architecturer_ext_is_fadeout_animation&quot;:&quot;false&quot;}\">\n\t\t\t<div class=\"elementor-column-wrap\">\n\t\t\t\t\t\t\t<div class=\"elementor-widget-wrap\">\n\t\t\t\t\t\t\t\t<\/div>\n\t\t\t\t\t<\/div>\n\t\t<\/div>\n\t\t\t\t\t\t\t\t<\/div>\n\t\t\t\t\t<\/div>\n\t\t<\/section>\n\t\t\t\t<section class=\"elementor-section elementor-top-section elementor-element elementor-element-060d36e elementor-section-boxed elementor-section-height-default elementor-section-height-default\" data-id=\"060d36e\" data-element_type=\"section\" data-settings=\"{&quot;architecturer_ext_is_background_parallax&quot;:&quot;false&quot;,&quot;architecturer_ext_is_background_on_scroll&quot;:&quot;false&quot;}\">\n\t\t\t\t\t\t<div class=\"elementor-container elementor-column-gap-default\">\n\t\t\t\t\t\t\t<div class=\"elementor-row\">\n\t\t\t\t\t<div class=\"elementor-column elementor-col-100 elementor-top-column elementor-element elementor-element-7807550\" data-id=\"7807550\" data-element_type=\"column\" data-settings=\"{&quot;architecturer_ext_is_mobile_menu&quot;:&quot;false&quot;,&quot;architecturer_ext_is_scrollme&quot;:&quot;false&quot;,&quot;architecturer_ext_is_smoove&quot;:&quot;false&quot;,&quot;architecturer_ext_is_parallax_mouse&quot;:&quot;false&quot;,&quot;architecturer_ext_is_infinite&quot;:&quot;false&quot;,&quot;architecturer_ext_is_fadeout_animation&quot;:&quot;false&quot;}\">\n\t\t\t<div class=\"elementor-column-wrap elementor-element-populated\">\n\t\t\t\t\t\t\t<div class=\"elementor-widget-wrap\">\n\t\t\t\t\t\t<div class=\"elementor-element elementor-element-8019ae4 elementor-widget elementor-widget-spacer\" data-id=\"8019ae4\" data-element_type=\"widget\" data-settings=\"{&quot;architecturer_ext_is_mobile_menu&quot;:&quot;false&quot;,&quot;architecturer_ext_is_scrollme&quot;:&quot;false&quot;,&quot;architecturer_ext_is_smoove&quot;:&quot;false&quot;,&quot;architecturer_ext_is_parallax_mouse&quot;:&quot;false&quot;,&quot;architecturer_ext_is_infinite&quot;:&quot;false&quot;,&quot;architecturer_ext_is_fadeout_animation&quot;:&quot;false&quot;}\" data-widget_type=\"spacer.default\">\n\t\t\t\t<div class=\"elementor-widget-container\">\n\t\t\t\t\t<div class=\"elementor-spacer\">\n\t\t\t<div class=\"elementor-spacer-inner\"><\/div>\n\t\t<\/div>\n\t\t\t\t<\/div>\n\t\t\t\t<\/div>\n\t\t\t\t<div class=\"elementor-element elementor-element-70b28bb elementor-widget-divider--view-line elementor-widget elementor-widget-divider\" data-id=\"70b28bb\" data-element_type=\"widget\" data-settings=\"{&quot;architecturer_ext_is_mobile_menu&quot;:&quot;false&quot;,&quot;architecturer_ext_is_scrollme&quot;:&quot;false&quot;,&quot;architecturer_ext_is_smoove&quot;:&quot;false&quot;,&quot;architecturer_ext_is_parallax_mouse&quot;:&quot;false&quot;,&quot;architecturer_ext_is_infinite&quot;:&quot;false&quot;,&quot;architecturer_ext_is_fadeout_animation&quot;:&quot;false&quot;}\" data-widget_type=\"divider.default\">\n\t\t\t\t<div class=\"elementor-widget-container\">\n\t\t\t\t\t<div class=\"elementor-divider\">\n\t\t\t<span class=\"elementor-divider-separator\">\n\t\t\t\t\t\t<\/span>\n\t\t<\/div>\n\t\t\t\t<\/div>\n\t\t\t\t<\/div>\n\t\t\t\t<div class=\"elementor-element elementor-element-d601cdf elementor-widget elementor-widget-spacer\" data-id=\"d601cdf\" data-element_type=\"widget\" data-settings=\"{&quot;architecturer_ext_is_mobile_menu&quot;:&quot;false&quot;,&quot;architecturer_ext_is_scrollme&quot;:&quot;false&quot;,&quot;architecturer_ext_is_smoove&quot;:&quot;false&quot;,&quot;architecturer_ext_is_parallax_mouse&quot;:&quot;false&quot;,&quot;architecturer_ext_is_infinite&quot;:&quot;false&quot;,&quot;architecturer_ext_is_fadeout_animation&quot;:&quot;false&quot;}\" data-widget_type=\"spacer.default\">\n\t\t\t\t<div class=\"elementor-widget-container\">\n\t\t\t\t\t<div class=\"elementor-spacer\">\n\t\t\t<div class=\"elementor-spacer-inner\"><\/div>\n\t\t<\/div>\n\t\t\t\t<\/div>\n\t\t\t\t<\/div>\n\t\t\t\t\t\t<\/div>\n\t\t\t\t\t<\/div>\n\t\t<\/div>\n\t\t\t\t\t\t\t\t<\/div>\n\t\t\t\t\t<\/div>\n\t\t<\/section>\n\t\t\t\t<section class=\"elementor-section elementor-top-section elementor-element elementor-element-398f08b elementor-section-boxed elementor-section-height-default elementor-section-height-default\" data-id=\"398f08b\" data-element_type=\"section\" data-settings=\"{&quot;background_background&quot;:&quot;classic&quot;,&quot;architecturer_ext_is_background_parallax&quot;:&quot;false&quot;,&quot;architecturer_ext_is_background_on_scroll&quot;:&quot;false&quot;}\">\n\t\t\t\t\t\t<div class=\"elementor-container elementor-column-gap-default\">\n\t\t\t\t\t\t\t<div class=\"elementor-row\">\n\t\t\t\t\t<div class=\"elementor-column elementor-col-33 elementor-top-column elementor-element elementor-element-779591f\" data-id=\"779591f\" data-element_type=\"column\" data-settings=\"{&quot;architecturer_ext_is_mobile_menu&quot;:&quot;false&quot;,&quot;architecturer_ext_is_scrollme&quot;:&quot;false&quot;,&quot;architecturer_ext_is_smoove&quot;:&quot;false&quot;,&quot;architecturer_ext_is_parallax_mouse&quot;:&quot;false&quot;,&quot;architecturer_ext_is_infinite&quot;:&quot;false&quot;,&quot;architecturer_ext_is_fadeout_animation&quot;:&quot;false&quot;}\">\n\t\t\t<div class=\"elementor-column-wrap elementor-element-populated\">\n\t\t\t\t\t\t\t<div class=\"elementor-widget-wrap\">\n\t\t\t\t\t\t<div class=\"elementor-element elementor-element-1d5624a elementor-widget elementor-widget-heading\" data-id=\"1d5624a\" data-element_type=\"widget\" data-settings=\"{&quot;architecturer_ext_is_mobile_menu&quot;:&quot;false&quot;,&quot;architecturer_ext_is_scrollme&quot;:&quot;false&quot;,&quot;architecturer_ext_is_smoove&quot;:&quot;false&quot;,&quot;architecturer_ext_is_parallax_mouse&quot;:&quot;false&quot;,&quot;architecturer_ext_is_infinite&quot;:&quot;false&quot;,&quot;architecturer_ext_is_fadeout_animation&quot;:&quot;false&quot;}\" data-widget_type=\"heading.default\">\n\t\t\t\t<div class=\"elementor-widget-container\">\n\t\t\t<h2 class=\"elementor-heading-title elementor-size-default\">Thi\u1ebft k\u1ebf  c\u0103n h\u1ed9 Container<\/h2>\t\t<\/div>\n\t\t\t\t<\/div>\n\t\t\t\t<div class=\"elementor-element elementor-element-78af842 elementor-widget elementor-widget-text-editor\" data-id=\"78af842\" data-element_type=\"widget\" data-settings=\"{&quot;architecturer_ext_is_mobile_menu&quot;:&quot;false&quot;,&quot;architecturer_ext_is_scrollme&quot;:&quot;false&quot;,&quot;architecturer_ext_is_smoove&quot;:&quot;false&quot;,&quot;architecturer_ext_is_parallax_mouse&quot;:&quot;false&quot;,&quot;architecturer_ext_is_infinite&quot;:&quot;false&quot;,&quot;architecturer_ext_is_fadeout_animation&quot;:&quot;false&quot;}\" data-widget_type=\"text-editor.default\">\n\t\t\t\t<div class=\"elementor-widget-container\">\n\t\t\t\t\t\t\t\t<div class=\"elementor-text-editor elementor-clearfix\">\n\t\t\t\t<p><strong>V\u1ecb tr\u00ed :<\/strong> Q8 HCM<\/p><p><strong>Quy m\u00f4:<\/strong> 50 m2 s\u00e0n<\/p><div class=\"text_exposed_show\"><p><strong>C\u00f4ng n\u0103ng y\u00eau c\u1ea7u :<\/strong><\/p><p>Ph\u00f2ng Ng\u1ee7\u00a0<br \/>Ph\u00f2ng \u0102n &#8211; B\u1ebfp<br \/>Ph\u00f2ng WC<br \/>Ph\u00f2ng \u0110\u1ec3 \u0111\u1ed3<br \/><br \/>Chi ph\u00ed thi\u1ebft k\u1ebf v\u00e0 thi c\u00f4ng:<\/p><p><span style=\"font-size: 16px;\">Ph\u00ed thi\u1ebft k\u1ebf 200K\/m2 .<\/span><\/p><p>Chi ph\u00ed thi c\u00f4ng v\u00e0 ho\u00e0n thi\u1ec7n: 300 tr<\/p><\/div>\t\t\t\t\t<\/div>\n\t\t\t\t\t\t<\/div>\n\t\t\t\t<\/div>\n\t\t\t\t\t\t<\/div>\n\t\t\t\t\t<\/div>\n\t\t<\/div>\n\t\t\t\t<div class=\"elementor-column elementor-col-66 elementor-top-column elementor-element elementor-element-7149e42\" data-id=\"7149e42\" data-element_type=\"column\" data-settings=\"{&quot;architecturer_ext_is_mobile_menu&quot;:&quot;false&quot;,&quot;architecturer_ext_is_scrollme&quot;:&quot;false&quot;,&quot;architecturer_ext_is_smoove&quot;:&quot;false&quot;,&quot;architecturer_ext_is_parallax_mouse&quot;:&quot;false&quot;,&quot;architecturer_ext_is_infinite&quot;:&quot;false&quot;,&quot;architecturer_ext_is_fadeout_animation&quot;:&quot;false&quot;}\">\n\t\t\t<div class=\"elementor-column-wrap elementor-element-populated\">\n\t\t\t\t\t\t\t<div class=\"elementor-widget-wrap\">\n\t\t\t\t\t\t<div class=\"elementor-element elementor-element-4d41128 elementor-widget elementor-widget-image\" data-id=\"4d41128\" data-element_type=\"widget\" data-settings=\"{&quot;architecturer_image_is_animation&quot;:&quot;false&quot;,&quot;architecturer_ext_is_mobile_menu&quot;:&quot;false&quot;,&quot;architecturer_ext_is_scrollme&quot;:&quot;false&quot;,&quot;architecturer_ext_is_smoove&quot;:&quot;false&quot;,&quot;architecturer_ext_is_parallax_mouse&quot;:&quot;false&quot;,&quot;architecturer_ext_is_infinite&quot;:&quot;false&quot;,&quot;architecturer_ext_is_fadeout_animation&quot;:&quot;false&quot;}\" data-widget_type=\"image.default\">\n\t\t\t\t<div class=\"elementor-widget-container\">\n\t\t\t\t\t\t\t\t<div class=\"elementor-image\">\n\t\t\t\t\t\t\t\t\t\t\t\t<img width=\"700\" height=\"466\" src=\"https:\/\/sayconcept.com\/arc\/wp-content\/uploads\/2020\/01\/22.effectsResult-700x466.png\" class=\"attachment-architecturer-gallery-grid size-architecturer-gallery-grid\" alt=\"\" loading=\"lazy\" \/>\t\t\t\t\t\t\t\t\t\t\t\t\t\t<\/div>\n\t\t\t\t\t\t<\/div>\n\t\t\t\t<\/div>\n\t\t\t\t\t\t<\/div>\n\t\t\t\t\t<\/div>\n\t\t<\/div>\n\t\t\t\t\t\t\t\t<\/div>\n\t\t\t\t\t<\/div>\n\t\t<\/section>\n\t\t\t\t<section class=\"elementor-section elementor-top-section elementor-element elementor-element-8115abf elementor-section-boxed elementor-section-height-default elementor-section-height-default\" data-id=\"8115abf\" data-element_type=\"section\" data-settings=\"{&quot;architecturer_ext_is_background_parallax&quot;:&quot;false&quot;,&quot;architecturer_ext_is_background_on_scroll&quot;:&quot;false&quot;}\">\n\t\t\t\t\t\t<div class=\"elementor-container elementor-column-gap-default\">\n\t\t\t\t\t\t\t<div class=\"elementor-row\">\n\t\t\t\t\t<div class=\"elementor-column elementor-col-100 elementor-top-column elementor-element elementor-element-396f6d8\" data-id=\"396f6d8\" data-element_type=\"column\" data-settings=\"{&quot;architecturer_ext_is_mobile_menu&quot;:&quot;false&quot;,&quot;architecturer_ext_is_scrollme&quot;:&quot;false&quot;,&quot;architecturer_ext_is_smoove&quot;:&quot;false&quot;,&quot;architecturer_ext_is_parallax_mouse&quot;:&quot;false&quot;,&quot;architecturer_ext_is_infinite&quot;:&quot;false&quot;,&quot;architecturer_ext_is_fadeout_animation&quot;:&quot;false&quot;}\">\n\t\t\t<div class=\"elementor-column-wrap elementor-element-populated\">\n\t\t\t\t\t\t\t<div class=\"elementor-widget-wrap\">\n\t\t\t\t\t\t<div class=\"elementor-element elementor-element-42dac7d elementor-widget elementor-widget-photographer-gallery-grid\" data-id=\"42dac7d\" data-element_type=\"widget\" data-settings=\"{&quot;architecturer_ext_is_mobile_menu&quot;:&quot;false&quot;,&quot;architecturer_ext_is_scrollme&quot;:&quot;false&quot;,&quot;architecturer_ext_is_smoove&quot;:&quot;false&quot;,&quot;architecturer_ext_is_parallax_mouse&quot;:&quot;false&quot;,&quot;architecturer_ext_is_infinite&quot;:&quot;false&quot;,&quot;architecturer_ext_is_fadeout_animation&quot;:&quot;false&quot;}\" data-widget_type=\"photographer-gallery-grid.default\">\n\t\t\t\t<div class=\"elementor-widget-container\">\n\t\t\t<div class=\"gallery_grid_content_wrapper layout_tg_three_cols \">\n\t\t<div class=\"gallery_grid_item tg_three_cols   \">\n\t\t\t\t\t\t\t<a class=\"tg_gallery_lightbox\" href=\"https:\/\/sayconcept.com\/arc\/wp-content\/uploads\/2020\/01\/11.effectsResult.png\" data-thumb=\"https:\/\/sayconcept.com\/arc\/wp-content\/uploads\/2020\/01\/11.effectsResult-300x300.png\" data-rel=\"tg_gallery42dac7d\"  >\n\t\t\t\t\t\t\t<img  src=\"https:\/\/sayconcept.com\/arc\/wp-content\/uploads\/2020\/01\/11.effectsResult-700x466.png\" class=\"\" alt=\"\" \/>\n\t\t\t\t\t\n\t\t\t\t<div class=\"bg_overlay\"><\/div>\n\t\t\t\t<div class=\"tg_gallery_grid_title\">11.effectsResult<\/div>\n\t\t\t\t\t\t\t<\/a>\n\t\t\t\t\t<\/div>\n\t\t<div class=\"gallery_grid_item tg_three_cols   \">\n\t\t\t\t\t\t\t<a class=\"tg_gallery_lightbox\" href=\"https:\/\/sayconcept.com\/arc\/wp-content\/uploads\/2020\/01\/2020-0121-container_Scene-2.effectsResult.effectsResult.png\" data-thumb=\"https:\/\/sayconcept.com\/arc\/wp-content\/uploads\/2020\/01\/2020-0121-container_Scene-2.effectsResult.effectsResult-300x300.png\" data-rel=\"tg_gallery42dac7d\"  >\n\t\t\t\t\t\t\t<img  src=\"https:\/\/sayconcept.com\/arc\/wp-content\/uploads\/2020\/01\/2020-0121-container_Scene-2.effectsResult.effectsResult-700x466.png\" class=\"\" alt=\"\" \/>\n\t\t\t\t\t\n\t\t\t\t<div class=\"bg_overlay\"><\/div>\n\t\t\t\t<div class=\"tg_gallery_grid_title\">2020 0121 container_Scene 2.effectsResult.effectsResult<\/div>\n\t\t\t\t\t\t\t<\/a>\n\t\t\t\t\t<\/div>\n\t\t<div class=\"gallery_grid_item tg_three_cols last  \">\n\t\t\t\t\t\t\t<a class=\"tg_gallery_lightbox\" href=\"https:\/\/sayconcept.com\/arc\/wp-content\/uploads\/2020\/01\/2020-0121-container_Scene-3.effectsResult.effectsResult.png\" data-thumb=\"https:\/\/sayconcept.com\/arc\/wp-content\/uploads\/2020\/01\/2020-0121-container_Scene-3.effectsResult.effectsResult-300x300.png\" data-rel=\"tg_gallery42dac7d\"  >\n\t\t\t\t\t\t\t<img  src=\"https:\/\/sayconcept.com\/arc\/wp-content\/uploads\/2020\/01\/2020-0121-container_Scene-3.effectsResult.effectsResult-700x466.png\" class=\"\" alt=\"\" \/>\n\t\t\t\t\t\n\t\t\t\t<div class=\"bg_overlay\"><\/div>\n\t\t\t\t<div class=\"tg_gallery_grid_title\">2020 0121 container_Scene 3.effectsResult.effectsResult<\/div>\n\t\t\t\t\t\t\t<\/a>\n\t\t\t\t\t<\/div>\n\t\t<div class=\"gallery_grid_item tg_three_cols   \">\n\t\t\t\t\t\t\t<a class=\"tg_gallery_lightbox\" href=\"https:\/\/sayconcept.com\/arc\/wp-content\/uploads\/2020\/01\/2020-0121-container_Scene-12.effectsResult.png\" data-thumb=\"https:\/\/sayconcept.com\/arc\/wp-content\/uploads\/2020\/01\/2020-0121-container_Scene-12.effectsResult-300x300.png\" data-rel=\"tg_gallery42dac7d\"  >\n\t\t\t\t\t\t\t<img  src=\"https:\/\/sayconcept.com\/arc\/wp-content\/uploads\/2020\/01\/2020-0121-container_Scene-12.effectsResult-700x466.png\" class=\"\" alt=\"\" \/>\n\t\t\t\t\t\n\t\t\t\t<div class=\"bg_overlay\"><\/div>\n\t\t\t\t<div class=\"tg_gallery_grid_title\">2020 0121 container_Scene 12.effectsResult<\/div>\n\t\t\t\t\t\t\t<\/a>\n\t\t\t\t\t<\/div>\n\t\t<div class=\"gallery_grid_item tg_three_cols   \">\n\t\t\t\t\t\t\t<a class=\"tg_gallery_lightbox\" href=\"https:\/\/sayconcept.com\/arc\/wp-content\/uploads\/2020\/01\/2020-0121-container_Scene-13.effectsResult.png\" data-thumb=\"https:\/\/sayconcept.com\/arc\/wp-content\/uploads\/2020\/01\/2020-0121-container_Scene-13.effectsResult-300x300.png\" data-rel=\"tg_gallery42dac7d\"  >\n\t\t\t\t\t\t\t<img  src=\"https:\/\/sayconcept.com\/arc\/wp-content\/uploads\/2020\/01\/2020-0121-container_Scene-13.effectsResult-700x466.png\" class=\"\" alt=\"\" \/>\n\t\t\t\t\t\n\t\t\t\t<div class=\"bg_overlay\"><\/div>\n\t\t\t\t<div class=\"tg_gallery_grid_title\">2020 0121 container_Scene 13.effectsResult<\/div>\n\t\t\t\t\t\t\t<\/a>\n\t\t\t\t\t<\/div>\n\t\t<div class=\"gallery_grid_item tg_three_cols last  \">\n\t\t\t\t\t\t\t<a class=\"tg_gallery_lightbox\" href=\"https:\/\/sayconcept.com\/arc\/wp-content\/uploads\/2020\/01\/2020-0121-container_Scene-14.effectsResult.effectsResult.png\" data-thumb=\"https:\/\/sayconcept.com\/arc\/wp-content\/uploads\/2020\/01\/2020-0121-container_Scene-14.effectsResult.effectsResult-300x300.png\" data-rel=\"tg_gallery42dac7d\"  >\n\t\t\t\t\t\t\t<img  src=\"https:\/\/sayconcept.com\/arc\/wp-content\/uploads\/2020\/01\/2020-0121-container_Scene-14.effectsResult.effectsResult-700x466.png\" class=\"\" alt=\"\" \/>\n\t\t\t\t\t\n\t\t\t\t<div class=\"bg_overlay\"><\/div>\n\t\t\t\t<div class=\"tg_gallery_grid_title\">2020 0121 container_Scene 14.effectsResult.effectsResult<\/div>\n\t\t\t\t\t\t\t<\/a>\n\t\t\t\t\t<\/div>\n<br class=\"clear\"\/>\n<\/div>\n\t\t<\/div>\n\t\t\t\t<\/div>\n\t\t\t\t\t\t<\/div>\n\t\t\t\t\t<\/div>\n\t\t<\/div>\n\t\t\t\t\t\t\t\t<\/div>\n\t\t\t\t\t<\/div>\n\t\t<\/section>\n\t\t\t\t\t\t<\/div>\n\t\t\t\t\t\t<\/div>\n\t\t\t\t\t<\/div>\n\t\t","protected":false},"excerpt":{"rendered":"<p>Thi\u1ebft k\u1ebf c\u0103n h\u1ed9 Container V\u1ecb tr\u00ed : Q8 HCM Quy m\u00f4: 50 m2 s\u00e0n C\u00f4ng n\u0103ng y\u00eau c\u1ea7u : Ph\u00f2ng Ng\u1ee7&nbsp; Ph\u00f2ng \u0102n &#8211; B\u1ebfp Ph\u00f2ng WC Ph\u00f2ng \u0110\u1ec3 \u0111\u1ed3 Chi ph\u00ed thi\u1ebft k\u1ebf v\u00e0 thi c\u00f4ng: Ph\u00ed thi\u1ebft [&hellip;]<\/p>\n","protected":false},"author":1,"featured_media":0,"parent":0,"menu_order":0,"comment_status":"closed","ping_status":"closed","template":"","meta":[],"yoast_head":"<!-- This site is optimized with the Yoast SEO plugin v17.8 - https:\/\/yoast.com\/wordpress\/plugins\/seo\/ -->\n<title>Thi\u1ebft k\u1ebf c\u0103n h\u1ed9 container sang tr\u1ecdng v\u00e0 \u0111\u1eb3ng c\u1ea5p cho ng\u01b0\u1eddi \u0111\u1ed9c th\u00e2n<\/title>\n<meta name=\"description\" content=\"C\u0103n h\u1ed9 Container l\u00e0 g\u00ec? Chi ph\u00ed x\u00e2y d\u1ef1ng c\u0103n h\u1ed9 Container c\u00f3 \u0111\u1eaft kh\u00f4ng? Nh\u1eefng l\u01b0u \u00fd khi thi\u1ebft k\u1ebf c\u0103n h\u1ed9 container\" \/>\n<meta name=\"robots\" content=\"index, follow, max-snippet:-1, max-image-preview:large, max-video-preview:-1\" \/>\n<link rel=\"canonical\" href=\"https:\/\/sayconcept.com\/arc\/y-tuong-thiet-ke-can-ho-container\/\" \/>\n<meta property=\"og:locale\" content=\"en_US\" \/>\n<meta property=\"og:type\" content=\"article\" \/>\n<meta property=\"og:title\" content=\"Thi\u1ebft k\u1ebf c\u0103n h\u1ed9 container sang tr\u1ecdng v\u00e0 \u0111\u1eb3ng c\u1ea5p cho ng\u01b0\u1eddi \u0111\u1ed9c th\u00e2n\" \/>\n<meta property=\"og:description\" content=\"C\u0103n h\u1ed9 Container l\u00e0 g\u00ec? Chi ph\u00ed x\u00e2y d\u1ef1ng c\u0103n h\u1ed9 Container c\u00f3 \u0111\u1eaft kh\u00f4ng? Nh\u1eefng l\u01b0u \u00fd khi thi\u1ebft k\u1ebf c\u0103n h\u1ed9 container\" \/>\n<meta property=\"og:url\" content=\"https:\/\/sayconcept.com\/arc\/y-tuong-thiet-ke-can-ho-container\/\" \/>\n<meta property=\"og:site_name\" content=\"SAY concept\" \/>\n<meta property=\"article:publisher\" content=\"https:\/\/www.facebook.com\/Sayconcept\/\" \/>\n<meta property=\"article:modified_time\" content=\"2020-10-30T10:10:46+00:00\" \/>\n<meta property=\"og:image\" content=\"https:\/\/sayconcept.com\/arc\/wp-content\/uploads\/2020\/01\/22.effectsResult-700x466.png\" \/>\n<meta name=\"twitter:card\" content=\"summary_large_image\" \/>\n<script type=\"application\/ld+json\" class=\"yoast-schema-graph\">{\"@context\":\"https:\/\/schema.org\",\"@graph\":[{\"@type\":\"WebSite\",\"@id\":\"https:\/\/sayconcept.com\/arc\/#website\",\"url\":\"https:\/\/sayconcept.com\/arc\/\",\"name\":\"SAY concept\",\"description\":\"Thi\\u1ebft k\\u1ebf kh\\u00f4ng gian s\\u1ed1ng\",\"potentialAction\":[{\"@type\":\"SearchAction\",\"target\":{\"@type\":\"EntryPoint\",\"urlTemplate\":\"https:\/\/sayconcept.com\/arc\/?s={search_term_string}\"},\"query-input\":\"required name=search_term_string\"}],\"inLanguage\":\"en-US\"},{\"@type\":\"ImageObject\",\"@id\":\"https:\/\/sayconcept.com\/arc\/y-tuong-thiet-ke-can-ho-container\/#primaryimage\",\"inLanguage\":\"en-US\",\"url\":\"https:\/\/sayconcept.com\/arc\/wp-content\/uploads\/2020\/01\/22.effectsResult.png\",\"contentUrl\":\"https:\/\/sayconcept.com\/arc\/wp-content\/uploads\/2020\/01\/22.effectsResult.png\",\"width\":1080,\"height\":1080,\"caption\":\"Thi\\u1ebft k\\u1ebf c\\u0103n h\\u1ed9 container\"},{\"@type\":\"WebPage\",\"@id\":\"https:\/\/sayconcept.com\/arc\/y-tuong-thiet-ke-can-ho-container\/#webpage\",\"url\":\"https:\/\/sayconcept.com\/arc\/y-tuong-thiet-ke-can-ho-container\/\",\"name\":\"Thi\\u1ebft k\\u1ebf c\\u0103n h\\u1ed9 container sang tr\\u1ecdng v\\u00e0 \\u0111\\u1eb3ng c\\u1ea5p cho ng\\u01b0\\u1eddi \\u0111\\u1ed9c th\\u00e2n\",\"isPartOf\":{\"@id\":\"https:\/\/sayconcept.com\/arc\/#website\"},\"primaryImageOfPage\":{\"@id\":\"https:\/\/sayconcept.com\/arc\/y-tuong-thiet-ke-can-ho-container\/#primaryimage\"},\"datePublished\":\"2020-01-28T05:04:37+00:00\",\"dateModified\":\"2020-10-30T10:10:46+00:00\",\"description\":\"C\\u0103n h\\u1ed9 Container l\\u00e0 g\\u00ec? Chi ph\\u00ed x\\u00e2y d\\u1ef1ng c\\u0103n h\\u1ed9 Container c\\u00f3 \\u0111\\u1eaft kh\\u00f4ng? Nh\\u1eefng l\\u01b0u \\u00fd khi thi\\u1ebft k\\u1ebf c\\u0103n h\\u1ed9 container\",\"breadcrumb\":{\"@id\":\"https:\/\/sayconcept.com\/arc\/y-tuong-thiet-ke-can-ho-container\/#breadcrumb\"},\"inLanguage\":\"en-US\",\"potentialAction\":[{\"@type\":\"ReadAction\",\"target\":[\"https:\/\/sayconcept.com\/arc\/y-tuong-thiet-ke-can-ho-container\/\"]}]},{\"@type\":\"BreadcrumbList\",\"@id\":\"https:\/\/sayconcept.com\/arc\/y-tuong-thiet-ke-can-ho-container\/#breadcrumb\",\"itemListElement\":[{\"@type\":\"ListItem\",\"position\":1,\"name\":\"Home\",\"item\":\"https:\/\/sayconcept.com\/arc\/\"},{\"@type\":\"ListItem\",\"position\":2,\"name\":\"\\u00dd t\\u01b0\\u1edfng thi\\u1ebft k\\u1ebf c\\u0103n h\\u1ed9 Container\"}]}]}<\/script>\n<!-- \/ Yoast SEO plugin. -->","yoast_head_json":{"title":"Thi\u1ebft k\u1ebf c\u0103n h\u1ed9 container sang tr\u1ecdng v\u00e0 \u0111\u1eb3ng c\u1ea5p cho ng\u01b0\u1eddi \u0111\u1ed9c th\u00e2n","description":"C\u0103n h\u1ed9 Container l\u00e0 g\u00ec? Chi ph\u00ed x\u00e2y d\u1ef1ng c\u0103n h\u1ed9 Container c\u00f3 \u0111\u1eaft kh\u00f4ng? Nh\u1eefng l\u01b0u \u00fd khi thi\u1ebft k\u1ebf c\u0103n h\u1ed9 container","robots":{"index":"index","follow":"follow","max-snippet":"max-snippet:-1","max-image-preview":"max-image-preview:large","max-video-preview":"max-video-preview:-1"},"canonical":"https:\/\/sayconcept.com\/arc\/y-tuong-thiet-ke-can-ho-container\/","og_locale":"en_US","og_type":"article","og_title":"Thi\u1ebft k\u1ebf c\u0103n h\u1ed9 container sang tr\u1ecdng v\u00e0 \u0111\u1eb3ng c\u1ea5p cho ng\u01b0\u1eddi \u0111\u1ed9c th\u00e2n","og_description":"C\u0103n h\u1ed9 Container l\u00e0 g\u00ec? Chi ph\u00ed x\u00e2y d\u1ef1ng c\u0103n h\u1ed9 Container c\u00f3 \u0111\u1eaft kh\u00f4ng? Nh\u1eefng l\u01b0u \u00fd khi thi\u1ebft k\u1ebf c\u0103n h\u1ed9 container","og_url":"https:\/\/sayconcept.com\/arc\/y-tuong-thiet-ke-can-ho-container\/","og_site_name":"SAY concept","article_publisher":"https:\/\/www.facebook.com\/Sayconcept\/","article_modified_time":"2020-10-30T10:10:46+00:00","og_image":[{"url":"https:\/\/sayconcept.com\/arc\/wp-content\/uploads\/2020\/01\/22.effectsResult-700x466.png"}],"twitter_card":"summary_large_image","schema":{"@context":"https:\/\/schema.org","@graph":[{"@type":"WebSite","@id":"https:\/\/sayconcept.com\/arc\/#website","url":"https:\/\/sayconcept.com\/arc\/","name":"SAY concept","description":"Thi\u1ebft k\u1ebf kh\u00f4ng gian s\u1ed1ng","potentialAction":[{"@type":"SearchAction","target":{"@type":"EntryPoint","urlTemplate":"https:\/\/sayconcept.com\/arc\/?s={search_term_string}"},"query-input":"required name=search_term_string"}],"inLanguage":"en-US"},{"@type":"ImageObject","@id":"https:\/\/sayconcept.com\/arc\/y-tuong-thiet-ke-can-ho-container\/#primaryimage","inLanguage":"en-US","url":"https:\/\/sayconcept.com\/arc\/wp-content\/uploads\/2020\/01\/22.effectsResult.png","contentUrl":"https:\/\/sayconcept.com\/arc\/wp-content\/uploads\/2020\/01\/22.effectsResult.png","width":1080,"height":1080,"caption":"Thi\u1ebft k\u1ebf c\u0103n h\u1ed9 container"},{"@type":"WebPage","@id":"https:\/\/sayconcept.com\/arc\/y-tuong-thiet-ke-can-ho-container\/#webpage","url":"https:\/\/sayconcept.com\/arc\/y-tuong-thiet-ke-can-ho-container\/","name":"Thi\u1ebft k\u1ebf c\u0103n h\u1ed9 container sang tr\u1ecdng v\u00e0 \u0111\u1eb3ng c\u1ea5p cho ng\u01b0\u1eddi \u0111\u1ed9c th\u00e2n","isPartOf":{"@id":"https:\/\/sayconcept.com\/arc\/#website"},"primaryImageOfPage":{"@id":"https:\/\/sayconcept.com\/arc\/y-tuong-thiet-ke-can-ho-container\/#primaryimage"},"datePublished":"2020-01-28T05:04:37+00:00","dateModified":"2020-10-30T10:10:46+00:00","description":"C\u0103n h\u1ed9 Container l\u00e0 g\u00ec? Chi ph\u00ed x\u00e2y d\u1ef1ng c\u0103n h\u1ed9 Container c\u00f3 \u0111\u1eaft kh\u00f4ng? Nh\u1eefng l\u01b0u \u00fd khi thi\u1ebft k\u1ebf c\u0103n h\u1ed9 container","breadcrumb":{"@id":"https:\/\/sayconcept.com\/arc\/y-tuong-thiet-ke-can-ho-container\/#breadcrumb"},"inLanguage":"en-US","potentialAction":[{"@type":"ReadAction","target":["https:\/\/sayconcept.com\/arc\/y-tuong-thiet-ke-can-ho-container\/"]}]},{"@type":"BreadcrumbList","@id":"https:\/\/sayconcept.com\/arc\/y-tuong-thiet-ke-can-ho-container\/#breadcrumb","itemListElement":[{"@type":"ListItem","position":1,"name":"Home","item":"https:\/\/sayconcept.com\/arc\/"},{"@type":"ListItem","position":2,"name":"\u00dd t\u01b0\u1edfng thi\u1ebft k\u1ebf c\u0103n h\u1ed9 Container"}]}]}},"_links":{"self":[{"href":"https:\/\/sayconcept.com\/arc\/wp-json\/wp\/v2\/pages\/5599"}],"collection":[{"href":"https:\/\/sayconcept.com\/arc\/wp-json\/wp\/v2\/pages"}],"about":[{"href":"https:\/\/sayconcept.com\/arc\/wp-json\/wp\/v2\/types\/page"}],"author":[{"embeddable":true,"href":"https:\/\/sayconcept.com\/arc\/wp-json\/wp\/v2\/users\/1"}],"replies":[{"embeddable":true,"href":"https:\/\/sayconcept.com\/arc\/wp-json\/wp\/v2\/comments?post=5599"}],"version-history":[{"count":6,"href":"https:\/\/sayconcept.com\/arc\/wp-json\/wp\/v2\/pages\/5599\/revisions"}],"predecessor-version":[{"id":6145,"href":"https:\/\/sayconcept.com\/arc\/wp-json\/wp\/v2\/pages\/5599\/revisions\/6145"}],"wp:attachment":[{"href":"https:\/\/sayconcept.com\/arc\/wp-json\/wp\/v2\/media?parent=5599"}],"curies":[{"name":"wp","href":"https:\/\/api.w.org\/{rel}","templated":true}]}}