{"id":5473,"date":"2019-11-07T11:41:16","date_gmt":"2019-11-07T04:41:16","guid":{"rendered":"https:\/\/sayconcept.com\/arc\/?page_id=5473"},"modified":"2019-11-07T11:43:19","modified_gmt":"2019-11-07T04:43:19","slug":"hop-tac-lien-ket-sale-bat-dong-san","status":"publish","type":"page","link":"https:\/\/sayconcept.com\/arc\/hop-tac-lien-ket-sale-bat-dong-san\/","title":{"rendered":"H\u1ee3p t\u00e1c li\u00ean k\u1ebft v\u00e0 h\u1ed7 tr\u1ee3 c\u00e1c b\u1ea1n sale B\u0111s nh\u00e0 ph\u1ed1, c\u0103n h\u1ed9 l\u00e0m vi\u1ec7c t\u1ef1 do, c\u00e1 nh\u00e2n"},"content":{"rendered":"\t\t<div data-elementor-type=\"wp-page\" data-elementor-id=\"5473\" class=\"elementor elementor-5473\" data-elementor-settings=\"[]\">\n\t\t\t\t\t\t<div class=\"elementor-inner\">\n\t\t\t\t\t\t\t<div class=\"elementor-section-wrap\">\n\t\t\t\t\t\t\t<section class=\"elementor-section elementor-top-section elementor-element elementor-element-edebced elementor-section-boxed elementor-section-height-default elementor-section-height-default\" data-id=\"edebced\" data-element_type=\"section\" data-settings=\"{&quot;architecturer_ext_is_background_parallax&quot;:&quot;false&quot;,&quot;architecturer_ext_is_background_on_scroll&quot;:&quot;false&quot;}\">\n\t\t\t\t\t\t<div class=\"elementor-container elementor-column-gap-default\">\n\t\t\t\t\t\t\t<div class=\"elementor-row\">\n\t\t\t\t\t<div class=\"elementor-column elementor-col-100 elementor-top-column elementor-element elementor-element-e9b09e6\" data-id=\"e9b09e6\" data-element_type=\"column\" data-settings=\"{&quot;architecturer_ext_is_mobile_menu&quot;:&quot;false&quot;,&quot;architecturer_ext_is_scrollme&quot;:&quot;false&quot;,&quot;architecturer_ext_is_smoove&quot;:&quot;false&quot;,&quot;architecturer_ext_is_parallax_mouse&quot;:&quot;false&quot;,&quot;architecturer_ext_is_infinite&quot;:&quot;false&quot;,&quot;architecturer_ext_is_fadeout_animation&quot;:&quot;false&quot;}\">\n\t\t\t<div class=\"elementor-column-wrap elementor-element-populated\">\n\t\t\t\t\t\t\t<div class=\"elementor-widget-wrap\">\n\t\t\t\t\t\t<div class=\"elementor-element elementor-element-679a24c elementor-widget elementor-widget-text-editor\" data-id=\"679a24c\" data-element_type=\"widget\" data-settings=\"{&quot;architecturer_ext_is_mobile_menu&quot;:&quot;false&quot;,&quot;architecturer_ext_is_scrollme&quot;:&quot;false&quot;,&quot;architecturer_ext_is_smoove&quot;:&quot;false&quot;,&quot;architecturer_ext_is_parallax_mouse&quot;:&quot;false&quot;,&quot;architecturer_ext_is_infinite&quot;:&quot;false&quot;,&quot;architecturer_ext_is_fadeout_animation&quot;:&quot;false&quot;}\" data-widget_type=\"text-editor.default\">\n\t\t\t\t<div class=\"elementor-widget-container\">\n\t\t\t\t\t\t\t\t<div class=\"elementor-text-editor elementor-clearfix\">\n\t\t\t\t<p><span style=\"font-size: 16px;\">B\u00ean m\u00ecnh l\u00e0 cty Thi\u1ebft k\u1ebf &#8211; Thi c\u00f4ng Ki\u1ebfn tr\u00fac N\u1ed9i th\u1ea5t Sayconcept <\/span><\/p><p>Hi\u1ec7n Cty c\u1ea7n m\u1edf r\u1ed9ng m\u1ea1ng l\u01b0\u1edbi sale v\u1ec1 l\u0129nh v\u1ef1c n\u00e0y n\u00ean mong mu\u1ed1n h\u1ee3p t\u00e1c v\u1edbi c\u00e1c b\u1ea1n Sale B\u0111s ,\u0111\u1eb7c bi\u1ec7t l\u00e0 c\u00e1c b\u1ea1n sale B\u0111s t\u1ef1 do, c\u00e1 nh\u00e2n \u0111ang c\u1ea7n x\u00e2y d\u1ef1ng th\u01b0\u01a1ng hi\u1ec7u ri\u00eang cho m\u00ecnh.<\/p><p><strong>M\u1ee9c chi\u1ebft kh\u1ea5u h\u1ee3p l\u00fd t\u00f9y theo d\u1ef1 \u00e1n<\/strong><\/p><p><strong>Ngo\u00e0i ra b\u00ean h\u1ed7 tr\u1ee3 :<\/strong><\/p><p>-H\u01b0\u1edbng d\u1eabn c\u00e1c b\u1ea1n t\u1ef1 x\u00e2y d\u1ef1ng Website c\u00e1 nh\u00e2n b\u1eb1ng WordPress, seo google, qu\u1ea3n l\u00fd website &#8230; nh\u1eb1m ph\u1ee5c v\u1ee5 vi\u1ec7c mua b\u00e1n B\u0111s v\u00e0 x\u00e2y d\u1ef1ng th\u01b0\u01a1ng hi\u1ec7u c\u00e1c nh\u00e2n.<\/p><p>-Li\u00ean k\u1ebft website c\u00f4ng ty v\u00e0 c\u00e1c b\u1ea1n sale nh\u1eb1m x\u00e2y d\u1ef1ng m\u1ea1ng l\u01b0\u1edbi h\u1ed7 tr\u1ee3 nhau trong c\u00f4ng vi\u1ec7c.<\/p><p>-H\u1ed7 tr\u1ee3 ch\u1ed7 l\u00e0m vi\u1ec7c linh \u0111\u1ed9ng \u1edf Q1 cho c\u00e1c b\u1ea1n kh\u00f4ng c\u00f3 m\u1eb7t b\u1eb1ng l\u00e0m vi\u1ec7c<\/p><p><strong>Li\u00ean h\u1ec7 qua facebook ho\u1eb7c zalo 0813138168 .<\/strong><\/p><p>Tr\u00e2n tr\u1ecdng<\/p>\t\t\t\t\t<\/div>\n\t\t\t\t\t\t<\/div>\n\t\t\t\t<\/div>\n\t\t\t\t<div class=\"elementor-element elementor-element-caa2228 elementor-widget elementor-widget-image\" data-id=\"caa2228\" data-element_type=\"widget\" data-settings=\"{&quot;architecturer_image_is_animation&quot;:&quot;false&quot;,&quot;architecturer_ext_is_mobile_menu&quot;:&quot;false&quot;,&quot;architecturer_ext_is_scrollme&quot;:&quot;false&quot;,&quot;architecturer_ext_is_smoove&quot;:&quot;false&quot;,&quot;architecturer_ext_is_parallax_mouse&quot;:&quot;false&quot;,&quot;architecturer_ext_is_infinite&quot;:&quot;false&quot;,&quot;architecturer_ext_is_fadeout_animation&quot;:&quot;false&quot;}\" data-widget_type=\"image.default\">\n\t\t\t\t<div class=\"elementor-widget-container\">\n\t\t\t\t\t\t\t\t<div class=\"elementor-image\">\n\t\t\t\t\t\t\t\t\t\t\t\t<img width=\"1024\" height=\"724\" src=\"https:\/\/sayconcept.com\/arc\/wp-content\/uploads\/2019\/11\/Untitled-1-1024x724.jpg\" class=\"attachment-large size-large\" alt=\"\" loading=\"lazy\" srcset=\"https:\/\/sayconcept.com\/arc\/wp-content\/uploads\/2019\/11\/Untitled-1-1024x724.jpg 1024w, https:\/\/sayconcept.com\/arc\/wp-content\/uploads\/2019\/11\/Untitled-1-600x424.jpg 600w, https:\/\/sayconcept.com\/arc\/wp-content\/uploads\/2019\/11\/Untitled-1-300x212.jpg 300w, https:\/\/sayconcept.com\/arc\/wp-content\/uploads\/2019\/11\/Untitled-1-768x543.jpg 768w, https:\/\/sayconcept.com\/arc\/wp-content\/uploads\/2019\/11\/Untitled-1-440x311.jpg 440w, https:\/\/sayconcept.com\/arc\/wp-content\/uploads\/2019\/11\/Untitled-1.jpg 1754w\" sizes=\"(max-width: 1024px) 100vw, 1024px\" \/>\t\t\t\t\t\t\t\t\t\t\t\t\t\t<\/div>\n\t\t\t\t\t\t<\/div>\n\t\t\t\t<\/div>\n\t\t\t\t\t\t<\/div>\n\t\t\t\t\t<\/div>\n\t\t<\/div>\n\t\t\t\t\t\t\t\t<\/div>\n\t\t\t\t\t<\/div>\n\t\t<\/section>\n\t\t\t\t\t\t<\/div>\n\t\t\t\t\t\t<\/div>\n\t\t\t\t\t<\/div>\n\t\t","protected":false},"excerpt":{"rendered":"<p>B\u00ean m\u00ecnh l\u00e0 cty Thi\u1ebft k\u1ebf &#8211; Thi c\u00f4ng Ki\u1ebfn tr\u00fac N\u1ed9i th\u1ea5t Sayconcept Hi\u1ec7n Cty c\u1ea7n m\u1edf r\u1ed9ng m\u1ea1ng l\u01b0\u1edbi sale v\u1ec1 l\u0129nh v\u1ef1c n\u00e0y n\u00ean mong mu\u1ed1n h\u1ee3p t\u00e1c v\u1edbi c\u00e1c b\u1ea1n Sale B\u0111s ,\u0111\u1eb7c bi\u1ec7t l\u00e0 c\u00e1c [&hellip;]<\/p>\n","protected":false},"author":1,"featured_media":0,"parent":0,"menu_order":0,"comment_status":"closed","ping_status":"closed","template":"","meta":[],"yoast_head":"<!-- This site is optimized with the Yoast SEO plugin v17.8 - https:\/\/yoast.com\/wordpress\/plugins\/seo\/ -->\n<title>H\u1ee3p t\u00e1c li\u00ean k\u1ebft v\u00e0 h\u1ed7 tr\u1ee3 c\u00e1c b\u1ea1n sale B\u0111s nh\u00e0 ph\u1ed1, c\u0103n h\u1ed9 l\u00e0m vi\u1ec7c t\u1ef1 do, c\u00e1 nh\u00e2n - SAY concept<\/title>\n<meta name=\"description\" content=\"H\u1ee3p t\u00e1c li\u00ean k\u1ebft v\u00e0 h\u1ed7 tr\u1ee3 c\u00e1c b\u1ea1n sale B\u0111s nh\u00e0 ph\u1ed1, c\u0103n h\u1ed9 l\u00e0m vi\u1ec7c t\u1ef1 do, c\u00e1 nh\u00e2n. Chi\u1ebft kh\u1ea5u v\u00e0 hoa h\u00f4ng cao t\u00f9y theo d\u1ef1 \u00e1n\" \/>\n<meta name=\"robots\" content=\"index, follow, max-snippet:-1, max-image-preview:large, max-video-preview:-1\" \/>\n<link rel=\"canonical\" href=\"https:\/\/sayconcept.com\/arc\/hop-tac-lien-ket-sale-bat-dong-san\/\" \/>\n<meta property=\"og:locale\" content=\"en_US\" \/>\n<meta property=\"og:type\" content=\"article\" \/>\n<meta property=\"og:title\" content=\"H\u1ee3p t\u00e1c li\u00ean k\u1ebft v\u00e0 h\u1ed7 tr\u1ee3 c\u00e1c b\u1ea1n sale B\u0111s nh\u00e0 ph\u1ed1, c\u0103n h\u1ed9 l\u00e0m vi\u1ec7c t\u1ef1 do, c\u00e1 nh\u00e2n - SAY concept\" \/>\n<meta property=\"og:description\" content=\"H\u1ee3p t\u00e1c li\u00ean k\u1ebft v\u00e0 h\u1ed7 tr\u1ee3 c\u00e1c b\u1ea1n sale B\u0111s nh\u00e0 ph\u1ed1, c\u0103n h\u1ed9 l\u00e0m vi\u1ec7c t\u1ef1 do, c\u00e1 nh\u00e2n. Chi\u1ebft kh\u1ea5u v\u00e0 hoa h\u00f4ng cao t\u00f9y theo d\u1ef1 \u00e1n\" \/>\n<meta property=\"og:url\" content=\"https:\/\/sayconcept.com\/arc\/hop-tac-lien-ket-sale-bat-dong-san\/\" \/>\n<meta property=\"og:site_name\" content=\"SAY concept\" \/>\n<meta property=\"article:publisher\" content=\"https:\/\/www.facebook.com\/Sayconcept\/\" \/>\n<meta property=\"article:modified_time\" content=\"2019-11-07T04:43:19+00:00\" \/>\n<meta property=\"og:image\" content=\"https:\/\/sayconcept.com\/arc\/wp-content\/uploads\/2019\/11\/Untitled-1-1024x724.jpg\" \/>\n<meta name=\"twitter:card\" content=\"summary_large_image\" \/>\n<meta name=\"twitter:label1\" content=\"Est. reading time\" \/>\n\t<meta name=\"twitter:data1\" content=\"1 minute\" \/>\n<script type=\"application\/ld+json\" class=\"yoast-schema-graph\">{\"@context\":\"https:\/\/schema.org\",\"@graph\":[{\"@type\":\"WebSite\",\"@id\":\"https:\/\/sayconcept.com\/arc\/#website\",\"url\":\"https:\/\/sayconcept.com\/arc\/\",\"name\":\"SAY concept\",\"description\":\"Thi\\u1ebft k\\u1ebf kh\\u00f4ng gian s\\u1ed1ng\",\"potentialAction\":[{\"@type\":\"SearchAction\",\"target\":{\"@type\":\"EntryPoint\",\"urlTemplate\":\"https:\/\/sayconcept.com\/arc\/?s={search_term_string}\"},\"query-input\":\"required name=search_term_string\"}],\"inLanguage\":\"en-US\"},{\"@type\":\"ImageObject\",\"@id\":\"https:\/\/sayconcept.com\/arc\/hop-tac-lien-ket-sale-bat-dong-san\/#primaryimage\",\"inLanguage\":\"en-US\",\"url\":\"https:\/\/sayconcept.com\/arc\/wp-content\/uploads\/2019\/11\/Untitled-1.jpg\",\"contentUrl\":\"https:\/\/sayconcept.com\/arc\/wp-content\/uploads\/2019\/11\/Untitled-1.jpg\",\"width\":1754,\"height\":1240,\"caption\":\"H\\u1ee3p t\\u00e1c li\\u00ean k\\u1ebft v\\u00e0 h\\u1ed7 tr\\u1ee3 c\\u00e1c b\\u1ea1n sale B\\u0111s nh\\u00e0 ph\\u1ed1, c\\u0103n h\\u1ed9 l\\u00e0m vi\\u1ec7c t\\u1ef1 do, c\\u00e1 nh\\u00e2n\"},{\"@type\":\"WebPage\",\"@id\":\"https:\/\/sayconcept.com\/arc\/hop-tac-lien-ket-sale-bat-dong-san\/#webpage\",\"url\":\"https:\/\/sayconcept.com\/arc\/hop-tac-lien-ket-sale-bat-dong-san\/\",\"name\":\"H\\u1ee3p t\\u00e1c li\\u00ean k\\u1ebft v\\u00e0 h\\u1ed7 tr\\u1ee3 c\\u00e1c b\\u1ea1n sale B\\u0111s nh\\u00e0 ph\\u1ed1, c\\u0103n h\\u1ed9 l\\u00e0m vi\\u1ec7c t\\u1ef1 do, c\\u00e1 nh\\u00e2n - SAY concept\",\"isPartOf\":{\"@id\":\"https:\/\/sayconcept.com\/arc\/#website\"},\"primaryImageOfPage\":{\"@id\":\"https:\/\/sayconcept.com\/arc\/hop-tac-lien-ket-sale-bat-dong-san\/#primaryimage\"},\"datePublished\":\"2019-11-07T04:41:16+00:00\",\"dateModified\":\"2019-11-07T04:43:19+00:00\",\"description\":\"H\\u1ee3p t\\u00e1c li\\u00ean k\\u1ebft v\\u00e0 h\\u1ed7 tr\\u1ee3 c\\u00e1c b\\u1ea1n sale B\\u0111s nh\\u00e0 ph\\u1ed1, c\\u0103n h\\u1ed9 l\\u00e0m vi\\u1ec7c t\\u1ef1 do, c\\u00e1 nh\\u00e2n. Chi\\u1ebft kh\\u1ea5u v\\u00e0 hoa h\\u00f4ng cao t\\u00f9y theo d\\u1ef1 \\u00e1n\",\"breadcrumb\":{\"@id\":\"https:\/\/sayconcept.com\/arc\/hop-tac-lien-ket-sale-bat-dong-san\/#breadcrumb\"},\"inLanguage\":\"en-US\",\"potentialAction\":[{\"@type\":\"ReadAction\",\"target\":[\"https:\/\/sayconcept.com\/arc\/hop-tac-lien-ket-sale-bat-dong-san\/\"]}]},{\"@type\":\"BreadcrumbList\",\"@id\":\"https:\/\/sayconcept.com\/arc\/hop-tac-lien-ket-sale-bat-dong-san\/#breadcrumb\",\"itemListElement\":[{\"@type\":\"ListItem\",\"position\":1,\"name\":\"Home\",\"item\":\"https:\/\/sayconcept.com\/arc\/\"},{\"@type\":\"ListItem\",\"position\":2,\"name\":\"H\\u1ee3p t\\u00e1c li\\u00ean k\\u1ebft v\\u00e0 h\\u1ed7 tr\\u1ee3 c\\u00e1c b\\u1ea1n sale B\\u0111s nh\\u00e0 ph\\u1ed1, c\\u0103n h\\u1ed9 l\\u00e0m vi\\u1ec7c t\\u1ef1 do, c\\u00e1 nh\\u00e2n\"}]}]}<\/script>\n<!-- \/ Yoast SEO plugin. -->","yoast_head_json":{"title":"H\u1ee3p t\u00e1c li\u00ean k\u1ebft v\u00e0 h\u1ed7 tr\u1ee3 c\u00e1c b\u1ea1n sale B\u0111s nh\u00e0 ph\u1ed1, c\u0103n h\u1ed9 l\u00e0m vi\u1ec7c t\u1ef1 do, c\u00e1 nh\u00e2n - SAY concept","description":"H\u1ee3p t\u00e1c li\u00ean k\u1ebft v\u00e0 h\u1ed7 tr\u1ee3 c\u00e1c b\u1ea1n sale B\u0111s nh\u00e0 ph\u1ed1, c\u0103n h\u1ed9 l\u00e0m vi\u1ec7c t\u1ef1 do, c\u00e1 nh\u00e2n. Chi\u1ebft kh\u1ea5u v\u00e0 hoa h\u00f4ng cao t\u00f9y theo d\u1ef1 \u00e1n","robots":{"index":"index","follow":"follow","max-snippet":"max-snippet:-1","max-image-preview":"max-image-preview:large","max-video-preview":"max-video-preview:-1"},"canonical":"https:\/\/sayconcept.com\/arc\/hop-tac-lien-ket-sale-bat-dong-san\/","og_locale":"en_US","og_type":"article","og_title":"H\u1ee3p t\u00e1c li\u00ean k\u1ebft v\u00e0 h\u1ed7 tr\u1ee3 c\u00e1c b\u1ea1n sale B\u0111s nh\u00e0 ph\u1ed1, c\u0103n h\u1ed9 l\u00e0m vi\u1ec7c t\u1ef1 do, c\u00e1 nh\u00e2n - SAY concept","og_description":"H\u1ee3p t\u00e1c li\u00ean k\u1ebft v\u00e0 h\u1ed7 tr\u1ee3 c\u00e1c b\u1ea1n sale B\u0111s nh\u00e0 ph\u1ed1, c\u0103n h\u1ed9 l\u00e0m vi\u1ec7c t\u1ef1 do, c\u00e1 nh\u00e2n. Chi\u1ebft kh\u1ea5u v\u00e0 hoa h\u00f4ng cao t\u00f9y theo d\u1ef1 \u00e1n","og_url":"https:\/\/sayconcept.com\/arc\/hop-tac-lien-ket-sale-bat-dong-san\/","og_site_name":"SAY concept","article_publisher":"https:\/\/www.facebook.com\/Sayconcept\/","article_modified_time":"2019-11-07T04:43:19+00:00","og_image":[{"url":"https:\/\/sayconcept.com\/arc\/wp-content\/uploads\/2019\/11\/Untitled-1-1024x724.jpg"}],"twitter_card":"summary_large_image","twitter_misc":{"Est. reading time":"1 minute"},"schema":{"@context":"https:\/\/schema.org","@graph":[{"@type":"WebSite","@id":"https:\/\/sayconcept.com\/arc\/#website","url":"https:\/\/sayconcept.com\/arc\/","name":"SAY concept","description":"Thi\u1ebft k\u1ebf kh\u00f4ng gian s\u1ed1ng","potentialAction":[{"@type":"SearchAction","target":{"@type":"EntryPoint","urlTemplate":"https:\/\/sayconcept.com\/arc\/?s={search_term_string}"},"query-input":"required name=search_term_string"}],"inLanguage":"en-US"},{"@type":"ImageObject","@id":"https:\/\/sayconcept.com\/arc\/hop-tac-lien-ket-sale-bat-dong-san\/#primaryimage","inLanguage":"en-US","url":"https:\/\/sayconcept.com\/arc\/wp-content\/uploads\/2019\/11\/Untitled-1.jpg","contentUrl":"https:\/\/sayconcept.com\/arc\/wp-content\/uploads\/2019\/11\/Untitled-1.jpg","width":1754,"height":1240,"caption":"H\u1ee3p t\u00e1c li\u00ean k\u1ebft v\u00e0 h\u1ed7 tr\u1ee3 c\u00e1c b\u1ea1n sale B\u0111s nh\u00e0 ph\u1ed1, c\u0103n h\u1ed9 l\u00e0m vi\u1ec7c t\u1ef1 do, c\u00e1 nh\u00e2n"},{"@type":"WebPage","@id":"https:\/\/sayconcept.com\/arc\/hop-tac-lien-ket-sale-bat-dong-san\/#webpage","url":"https:\/\/sayconcept.com\/arc\/hop-tac-lien-ket-sale-bat-dong-san\/","name":"H\u1ee3p t\u00e1c li\u00ean k\u1ebft v\u00e0 h\u1ed7 tr\u1ee3 c\u00e1c b\u1ea1n sale B\u0111s nh\u00e0 ph\u1ed1, c\u0103n h\u1ed9 l\u00e0m vi\u1ec7c t\u1ef1 do, c\u00e1 nh\u00e2n - SAY concept","isPartOf":{"@id":"https:\/\/sayconcept.com\/arc\/#website"},"primaryImageOfPage":{"@id":"https:\/\/sayconcept.com\/arc\/hop-tac-lien-ket-sale-bat-dong-san\/#primaryimage"},"datePublished":"2019-11-07T04:41:16+00:00","dateModified":"2019-11-07T04:43:19+00:00","description":"H\u1ee3p t\u00e1c li\u00ean k\u1ebft v\u00e0 h\u1ed7 tr\u1ee3 c\u00e1c b\u1ea1n sale B\u0111s nh\u00e0 ph\u1ed1, c\u0103n h\u1ed9 l\u00e0m vi\u1ec7c t\u1ef1 do, c\u00e1 nh\u00e2n. Chi\u1ebft kh\u1ea5u v\u00e0 hoa h\u00f4ng cao t\u00f9y theo d\u1ef1 \u00e1n","breadcrumb":{"@id":"https:\/\/sayconcept.com\/arc\/hop-tac-lien-ket-sale-bat-dong-san\/#breadcrumb"},"inLanguage":"en-US","potentialAction":[{"@type":"ReadAction","target":["https:\/\/sayconcept.com\/arc\/hop-tac-lien-ket-sale-bat-dong-san\/"]}]},{"@type":"BreadcrumbList","@id":"https:\/\/sayconcept.com\/arc\/hop-tac-lien-ket-sale-bat-dong-san\/#breadcrumb","itemListElement":[{"@type":"ListItem","position":1,"name":"Home","item":"https:\/\/sayconcept.com\/arc\/"},{"@type":"ListItem","position":2,"name":"H\u1ee3p t\u00e1c li\u00ean k\u1ebft v\u00e0 h\u1ed7 tr\u1ee3 c\u00e1c b\u1ea1n sale B\u0111s nh\u00e0 ph\u1ed1, c\u0103n h\u1ed9 l\u00e0m vi\u1ec7c t\u1ef1 do, c\u00e1 nh\u00e2n"}]}]}},"_links":{"self":[{"href":"https:\/\/sayconcept.com\/arc\/wp-json\/wp\/v2\/pages\/5473"}],"collection":[{"href":"https:\/\/sayconcept.com\/arc\/wp-json\/wp\/v2\/pages"}],"about":[{"href":"https:\/\/sayconcept.com\/arc\/wp-json\/wp\/v2\/types\/page"}],"author":[{"embeddable":true,"href":"https:\/\/sayconcept.com\/arc\/wp-json\/wp\/v2\/users\/1"}],"replies":[{"embeddable":true,"href":"https:\/\/sayconcept.com\/arc\/wp-json\/wp\/v2\/comments?post=5473"}],"version-history":[{"count":2,"href":"https:\/\/sayconcept.com\/arc\/wp-json\/wp\/v2\/pages\/5473\/revisions"}],"predecessor-version":[{"id":5476,"href":"https:\/\/sayconcept.com\/arc\/wp-json\/wp\/v2\/pages\/5473\/revisions\/5476"}],"wp:attachment":[{"href":"https:\/\/sayconcept.com\/arc\/wp-json\/wp\/v2\/media?parent=5473"}],"curies":[{"name":"wp","href":"https:\/\/api.w.org\/{rel}","templated":true}]}}