{"id":4719,"date":"2019-04-02T10:56:34","date_gmt":"2019-04-02T03:56:34","guid":{"rendered":"https:\/\/sayconcept.com\/arc\/?page_id=4719"},"modified":"2019-04-02T11:00:50","modified_gmt":"2019-04-02T04:00:50","slug":"phuong-phap-tinh-dien-tich-thi-cong","status":"publish","type":"page","link":"https:\/\/sayconcept.com\/arc\/phuong-phap-tinh-dien-tich-thi-cong\/","title":{"rendered":"PH\u01af\u01a0NG PH\u00c1P T\u00cdNH DI\u1ec6N T\u00cdCH THI C\u00d4NG"},"content":{"rendered":"\t\t<div data-elementor-type=\"wp-post\" data-elementor-id=\"4719\" class=\"elementor elementor-4719\" data-elementor-settings=\"[]\">\n\t\t\t\t\t\t<div class=\"elementor-inner\">\n\t\t\t\t\t\t\t<div class=\"elementor-section-wrap\">\n\t\t\t\t\t\t\t<section class=\"elementor-section elementor-top-section elementor-element elementor-element-5fb5194 elementor-section-boxed elementor-section-height-default elementor-section-height-default\" data-id=\"5fb5194\" data-element_type=\"section\" data-settings=\"{&quot;architecturer_ext_is_background_parallax&quot;:&quot;false&quot;,&quot;architecturer_ext_is_background_on_scroll&quot;:&quot;false&quot;}\">\n\t\t\t\t\t\t<div class=\"elementor-container elementor-column-gap-default\">\n\t\t\t\t\t\t\t<div class=\"elementor-row\">\n\t\t\t\t\t<div class=\"elementor-column elementor-col-100 elementor-top-column elementor-element elementor-element-0cf34f0\" data-id=\"0cf34f0\" data-element_type=\"column\" data-settings=\"{&quot;architecturer_ext_is_mobile_menu&quot;:&quot;false&quot;,&quot;architecturer_ext_is_scrollme&quot;:&quot;false&quot;,&quot;architecturer_ext_is_smoove&quot;:&quot;false&quot;,&quot;architecturer_ext_is_parallax_mouse&quot;:&quot;false&quot;,&quot;architecturer_ext_is_infinite&quot;:&quot;false&quot;,&quot;architecturer_ext_is_fadeout_animation&quot;:&quot;false&quot;}\">\n\t\t\t<div class=\"elementor-column-wrap elementor-element-populated\">\n\t\t\t\t\t\t\t<div class=\"elementor-widget-wrap\">\n\t\t\t\t\t\t<div class=\"elementor-element elementor-element-cd4aff3 elementor-widget elementor-widget-heading\" data-id=\"cd4aff3\" data-element_type=\"widget\" data-settings=\"{&quot;architecturer_ext_is_mobile_menu&quot;:&quot;false&quot;,&quot;architecturer_ext_is_scrollme&quot;:&quot;false&quot;,&quot;architecturer_ext_is_smoove&quot;:&quot;false&quot;,&quot;architecturer_ext_is_parallax_mouse&quot;:&quot;false&quot;,&quot;architecturer_ext_is_infinite&quot;:&quot;false&quot;,&quot;architecturer_ext_is_fadeout_animation&quot;:&quot;false&quot;}\" data-widget_type=\"heading.default\">\n\t\t\t\t<div class=\"elementor-widget-container\">\n\t\t\t<h2 class=\"elementor-heading-title elementor-size-default\">Ph\u01b0\u01a1ng ph\u00e1p t\u00ednh di\u1ec7n t\u00edch thi c\u00f4ng c\u1ee7a ng\u00f4i nh\u00e0 nh\u01b0 th\u1ebf n\u00e0o \u0111\u1ec3 nh\u00e2n v\u1edbi \u0111\u01a1n gi\u00e1 x\u00e2y d\u1ef1ng ra gi\u00e1 tr\u1ecb c\u1ee7a ng\u00f4i nh\u00e0 ?<\/h2>\t\t<\/div>\n\t\t\t\t<\/div>\n\t\t\t\t<div class=\"elementor-element elementor-element-ff81e8d elementor-widget elementor-widget-text-editor\" data-id=\"ff81e8d\" data-element_type=\"widget\" data-settings=\"{&quot;architecturer_ext_is_mobile_menu&quot;:&quot;false&quot;,&quot;architecturer_ext_is_scrollme&quot;:&quot;false&quot;,&quot;architecturer_ext_is_smoove&quot;:&quot;false&quot;,&quot;architecturer_ext_is_parallax_mouse&quot;:&quot;false&quot;,&quot;architecturer_ext_is_infinite&quot;:&quot;false&quot;,&quot;architecturer_ext_is_fadeout_animation&quot;:&quot;false&quot;}\" data-widget_type=\"text-editor.default\">\n\t\t\t\t<div class=\"elementor-widget-container\">\n\t\t\t\t\t\t\t\t<div class=\"elementor-text-editor elementor-clearfix\">\n\t\t\t\t<p>\u0110\u00e2y l\u00e0 c\u00e2u h\u1ecfi m\u00e0 t\u00f4i \u0111\u01b0\u1ee3c nghe nhi\u1ec1u nh\u1ea5t t\u1eeb kh\u00e1ch h\u00e0ng c\u1ee7a m\u00ecnh gi\u00fap h\u1ecd t\u00ednh \u0111\u01b0\u1ee3c t\u1ed5ng chi ph\u00ed d\u1ef1 ki\u1ebfn m\u1ed9t c\u00e1ch ch\u00ednh x\u00e1c. T\u00f4i xin h\u01b0\u1edbng d\u1eabn b\u1ea1n c\u00e1ch t\u00ednh di\u1ec7n t\u00edch h\u1ee3p l\u00fd nh\u1ea5t hi\u1ec7n nay nh\u01b0 sau :<\/p>\t\t\t\t\t<\/div>\n\t\t\t\t\t\t<\/div>\n\t\t\t\t<\/div>\n\t\t\t\t<div class=\"elementor-element elementor-element-484449e elementor-widget elementor-widget-image\" data-id=\"484449e\" data-element_type=\"widget\" data-settings=\"{&quot;architecturer_image_is_animation&quot;:&quot;false&quot;,&quot;architecturer_ext_is_mobile_menu&quot;:&quot;false&quot;,&quot;architecturer_ext_is_scrollme&quot;:&quot;false&quot;,&quot;architecturer_ext_is_smoove&quot;:&quot;false&quot;,&quot;architecturer_ext_is_parallax_mouse&quot;:&quot;false&quot;,&quot;architecturer_ext_is_infinite&quot;:&quot;false&quot;,&quot;architecturer_ext_is_fadeout_animation&quot;:&quot;false&quot;}\" data-widget_type=\"image.default\">\n\t\t\t\t<div class=\"elementor-widget-container\">\n\t\t\t\t\t\t\t\t<div class=\"elementor-image\">\n\t\t\t\t\t\t\t\t\t\t\t\t<img width=\"768\" height=\"1128\" src=\"https:\/\/sayconcept.com\/arc\/wp-content\/uploads\/2019\/04\/CONG-THUC-TINH-DIEN-TICH-768x1128.jpg\" class=\"attachment-medium_large size-medium_large\" alt=\"PH\u01af\u01a0NG PH\u00c1P T\u00cdNH DI\u1ec6N T\u00cdCH THI C\u00d4NG\" loading=\"lazy\" srcset=\"https:\/\/sayconcept.com\/arc\/wp-content\/uploads\/2019\/04\/CONG-THUC-TINH-DIEN-TICH-768x1128.jpg 768w, https:\/\/sayconcept.com\/arc\/wp-content\/uploads\/2019\/04\/CONG-THUC-TINH-DIEN-TICH-600x881.jpg 600w, https:\/\/sayconcept.com\/arc\/wp-content\/uploads\/2019\/04\/CONG-THUC-TINH-DIEN-TICH-204x300.jpg 204w, https:\/\/sayconcept.com\/arc\/wp-content\/uploads\/2019\/04\/CONG-THUC-TINH-DIEN-TICH-697x1024.jpg 697w, https:\/\/sayconcept.com\/arc\/wp-content\/uploads\/2019\/04\/CONG-THUC-TINH-DIEN-TICH-440x646.jpg 440w, https:\/\/sayconcept.com\/arc\/wp-content\/uploads\/2019\/04\/CONG-THUC-TINH-DIEN-TICH.jpg 1394w\" sizes=\"(max-width: 768px) 100vw, 768px\" \/>\t\t\t\t\t\t\t\t\t\t\t\t\t\t<\/div>\n\t\t\t\t\t\t<\/div>\n\t\t\t\t<\/div>\n\t\t\t\t\t\t<\/div>\n\t\t\t\t\t<\/div>\n\t\t<\/div>\n\t\t\t\t\t\t\t\t<\/div>\n\t\t\t\t\t<\/div>\n\t\t<\/section>\n\t\t\t\t<section class=\"elementor-section elementor-top-section elementor-element elementor-element-a3f1028 elementor-section-boxed elementor-section-height-default elementor-section-height-default\" data-id=\"a3f1028\" data-element_type=\"section\" data-settings=\"{&quot;architecturer_ext_is_background_parallax&quot;:&quot;false&quot;,&quot;architecturer_ext_is_background_on_scroll&quot;:&quot;false&quot;}\">\n\t\t\t\t\t\t<div class=\"elementor-container elementor-column-gap-default\">\n\t\t\t\t\t\t\t<div class=\"elementor-row\">\n\t\t\t\t\t<div class=\"elementor-column elementor-col-100 elementor-top-column elementor-element elementor-element-3ef38c2\" data-id=\"3ef38c2\" data-element_type=\"column\" data-settings=\"{&quot;architecturer_ext_is_mobile_menu&quot;:&quot;false&quot;,&quot;architecturer_ext_is_scrollme&quot;:&quot;false&quot;,&quot;architecturer_ext_is_smoove&quot;:&quot;false&quot;,&quot;architecturer_ext_is_parallax_mouse&quot;:&quot;false&quot;,&quot;architecturer_ext_is_infinite&quot;:&quot;false&quot;,&quot;architecturer_ext_is_fadeout_animation&quot;:&quot;false&quot;}\">\n\t\t\t<div class=\"elementor-column-wrap elementor-element-populated\">\n\t\t\t\t\t\t\t<div class=\"elementor-widget-wrap\">\n\t\t\t\t\t\t<div class=\"elementor-element elementor-element-225f27d elementor-widget elementor-widget-text-editor\" data-id=\"225f27d\" data-element_type=\"widget\" data-settings=\"{&quot;architecturer_ext_is_mobile_menu&quot;:&quot;false&quot;,&quot;architecturer_ext_is_scrollme&quot;:&quot;false&quot;,&quot;architecturer_ext_is_smoove&quot;:&quot;false&quot;,&quot;architecturer_ext_is_parallax_mouse&quot;:&quot;false&quot;,&quot;architecturer_ext_is_infinite&quot;:&quot;false&quot;,&quot;architecturer_ext_is_fadeout_animation&quot;:&quot;false&quot;}\" data-widget_type=\"text-editor.default\">\n\t\t\t\t<div class=\"elementor-widget-container\">\n\t\t\t\t\t\t\t\t<div class=\"elementor-text-editor elementor-clearfix\">\n\t\t\t\t<p><strong>\u0110\u0103ng k\u00fd t\u01b0 v\u1ea5n thi\u1ebft k\u1ebf n\u1ed9i th\u1ea5t g\u1edfi v\u1ec1 \u0111\u1ecba ch\u1ec9 :<\/strong><\/p><p>Email : home.sayconcept@gmail.com<\/p><p>Hotline:\u00a0<strong>0813 138 168<\/strong><\/p><p>Fb: https:\/\/www.facebook.com\/Sayconcept\/<\/p><p><strong>B\u1ea3ng gi\u00e1 thi\u1ebft k\u1ebf ki\u1ebfn tr\u00fac : <a href=\"https:\/\/sayconcept.com\/arc\/bang-gia-thiet-ke\/\" target=\"_blank\" rel=\"noopener\">B\u1ea3ng gi\u00e1<\/a><\/strong><\/p><p><strong>B\u1ea3ng gi\u00e1 ho\u00e0n thi\u1ec7n n\u1ed9i th\u1ea5t: <a href=\"https:\/\/sayconcept.com\/arc\/bao-gia-hoan-thien-noi-that-chung-cu-2019\/\" target=\"_blank\" rel=\"noopener\">B\u1ea3ng gi\u00e1<\/a><\/strong><\/p>\t\t\t\t\t<\/div>\n\t\t\t\t\t\t<\/div>\n\t\t\t\t<\/div>\n\t\t\t\t\t\t<\/div>\n\t\t\t\t\t<\/div>\n\t\t<\/div>\n\t\t\t\t\t\t\t\t<\/div>\n\t\t\t\t\t<\/div>\n\t\t<\/section>\n\t\t\t\t\t\t<\/div>\n\t\t\t\t\t\t<\/div>\n\t\t\t\t\t<\/div>\n\t\t","protected":false},"excerpt":{"rendered":"<p>Ph\u01b0\u01a1ng ph\u00e1p t\u00ednh di\u1ec7n t\u00edch thi c\u00f4ng c\u1ee7a ng\u00f4i nh\u00e0 nh\u01b0 th\u1ebf n\u00e0o \u0111\u1ec3 nh\u00e2n v\u1edbi \u0111\u01a1n gi\u00e1 x\u00e2y d\u1ef1ng ra gi\u00e1 tr\u1ecb c\u1ee7a ng\u00f4i nh\u00e0 ? \u0110\u00e2y l\u00e0 c\u00e2u h\u1ecfi m\u00e0 t\u00f4i \u0111\u01b0\u1ee3c nghe nhi\u1ec1u nh\u1ea5t t\u1eeb kh\u00e1ch h\u00e0ng [&hellip;]<\/p>\n","protected":false},"author":1,"featured_media":4540,"parent":0,"menu_order":0,"comment_status":"closed","ping_status":"closed","template":"","meta":[],"yoast_head":"<!-- This site is optimized with the Yoast SEO plugin v17.8 - https:\/\/yoast.com\/wordpress\/plugins\/seo\/ -->\n<title>PH\u01af\u01a0NG PH\u00c1P T\u00cdNH DI\u1ec6N T\u00cdCH THI C\u00d4NG - SAY concept<\/title>\n<meta name=\"description\" content=\"SAY CONCEPT - Thi\u1ebft k\u1ebf Ki\u1ebfn tr\u00fac N\u1ed9i th\u1ea5t Nh\u00e0 ph\u1ed1, Bi\u1ec7t th\u1ef1, C\u0103n h\u1ed9 chung c\u01b0, V\u0103n ph\u00f2ng, Qu\u00e1n c\u00e0 ph\u00ea, Nh\u00e0 h\u00e0ng ... PH\u01af\u01a0NG PH\u00c1P T\u00cdNH DI\u1ec6N T\u00cdCH THI C\u00d4NG\" \/>\n<meta name=\"robots\" content=\"index, follow, max-snippet:-1, max-image-preview:large, max-video-preview:-1\" \/>\n<link rel=\"canonical\" href=\"https:\/\/sayconcept.com\/arc\/phuong-phap-tinh-dien-tich-thi-cong\/\" \/>\n<meta property=\"og:locale\" content=\"en_US\" \/>\n<meta property=\"og:type\" content=\"article\" \/>\n<meta property=\"og:title\" content=\"PH\u01af\u01a0NG PH\u00c1P T\u00cdNH DI\u1ec6N T\u00cdCH THI C\u00d4NG - SAY concept\" \/>\n<meta property=\"og:description\" content=\"SAY CONCEPT - Thi\u1ebft k\u1ebf Ki\u1ebfn tr\u00fac N\u1ed9i th\u1ea5t Nh\u00e0 ph\u1ed1, Bi\u1ec7t th\u1ef1, C\u0103n h\u1ed9 chung c\u01b0, V\u0103n ph\u00f2ng, Qu\u00e1n c\u00e0 ph\u00ea, Nh\u00e0 h\u00e0ng ... PH\u01af\u01a0NG PH\u00c1P T\u00cdNH DI\u1ec6N T\u00cdCH THI C\u00d4NG\" \/>\n<meta property=\"og:url\" content=\"https:\/\/sayconcept.com\/arc\/phuong-phap-tinh-dien-tich-thi-cong\/\" \/>\n<meta property=\"og:site_name\" content=\"SAY concept\" \/>\n<meta property=\"article:publisher\" content=\"https:\/\/www.facebook.com\/Sayconcept\/\" \/>\n<meta property=\"article:modified_time\" content=\"2019-04-02T04:00:50+00:00\" \/>\n<meta property=\"og:image\" content=\"https:\/\/sayconcept.com\/arc\/wp-content\/uploads\/2019\/02\/sayconcept-nhaphodep-02.jpg\" \/>\n\t<meta property=\"og:image:width\" content=\"668\" \/>\n\t<meta property=\"og:image:height\" content=\"742\" \/>\n<meta name=\"twitter:card\" content=\"summary_large_image\" \/>\n<meta name=\"twitter:label1\" content=\"Est. reading time\" \/>\n\t<meta name=\"twitter:data1\" content=\"1 minute\" \/>\n<script type=\"application\/ld+json\" class=\"yoast-schema-graph\">{\"@context\":\"https:\/\/schema.org\",\"@graph\":[{\"@type\":\"WebSite\",\"@id\":\"https:\/\/sayconcept.com\/arc\/#website\",\"url\":\"https:\/\/sayconcept.com\/arc\/\",\"name\":\"SAY concept\",\"description\":\"Thi\\u1ebft k\\u1ebf kh\\u00f4ng gian s\\u1ed1ng\",\"potentialAction\":[{\"@type\":\"SearchAction\",\"target\":{\"@type\":\"EntryPoint\",\"urlTemplate\":\"https:\/\/sayconcept.com\/arc\/?s={search_term_string}\"},\"query-input\":\"required name=search_term_string\"}],\"inLanguage\":\"en-US\"},{\"@type\":\"ImageObject\",\"@id\":\"https:\/\/sayconcept.com\/arc\/phuong-phap-tinh-dien-tich-thi-cong\/#primaryimage\",\"inLanguage\":\"en-US\",\"url\":\"https:\/\/sayconcept.com\/arc\/wp-content\/uploads\/2019\/02\/sayconcept-nhaphodep-02.jpg\",\"contentUrl\":\"https:\/\/sayconcept.com\/arc\/wp-content\/uploads\/2019\/02\/sayconcept-nhaphodep-02.jpg\",\"width\":668,\"height\":742,\"caption\":\"Thi\\u1ebft k\\u1ebf nh\\u00e0 ph\\u1ed1 \\u0111\\u1eb9p\"},{\"@type\":\"WebPage\",\"@id\":\"https:\/\/sayconcept.com\/arc\/phuong-phap-tinh-dien-tich-thi-cong\/#webpage\",\"url\":\"https:\/\/sayconcept.com\/arc\/phuong-phap-tinh-dien-tich-thi-cong\/\",\"name\":\"PH\\u01af\\u01a0NG PH\\u00c1P T\\u00cdNH DI\\u1ec6N T\\u00cdCH THI C\\u00d4NG - SAY concept\",\"isPartOf\":{\"@id\":\"https:\/\/sayconcept.com\/arc\/#website\"},\"primaryImageOfPage\":{\"@id\":\"https:\/\/sayconcept.com\/arc\/phuong-phap-tinh-dien-tich-thi-cong\/#primaryimage\"},\"datePublished\":\"2019-04-02T03:56:34+00:00\",\"dateModified\":\"2019-04-02T04:00:50+00:00\",\"description\":\"SAY CONCEPT - Thi\\u1ebft k\\u1ebf Ki\\u1ebfn tr\\u00fac N\\u1ed9i th\\u1ea5t Nh\\u00e0 ph\\u1ed1, Bi\\u1ec7t th\\u1ef1, C\\u0103n h\\u1ed9 chung c\\u01b0, V\\u0103n ph\\u00f2ng, Qu\\u00e1n c\\u00e0 ph\\u00ea, Nh\\u00e0 h\\u00e0ng ... PH\\u01af\\u01a0NG PH\\u00c1P T\\u00cdNH DI\\u1ec6N T\\u00cdCH THI C\\u00d4NG\",\"breadcrumb\":{\"@id\":\"https:\/\/sayconcept.com\/arc\/phuong-phap-tinh-dien-tich-thi-cong\/#breadcrumb\"},\"inLanguage\":\"en-US\",\"potentialAction\":[{\"@type\":\"ReadAction\",\"target\":[\"https:\/\/sayconcept.com\/arc\/phuong-phap-tinh-dien-tich-thi-cong\/\"]}]},{\"@type\":\"BreadcrumbList\",\"@id\":\"https:\/\/sayconcept.com\/arc\/phuong-phap-tinh-dien-tich-thi-cong\/#breadcrumb\",\"itemListElement\":[{\"@type\":\"ListItem\",\"position\":1,\"name\":\"Home\",\"item\":\"https:\/\/sayconcept.com\/arc\/\"},{\"@type\":\"ListItem\",\"position\":2,\"name\":\"PH\\u01af\\u01a0NG PH\\u00c1P T\\u00cdNH DI\\u1ec6N T\\u00cdCH THI C\\u00d4NG\"}]}]}<\/script>\n<!-- \/ Yoast SEO plugin. -->","yoast_head_json":{"title":"PH\u01af\u01a0NG PH\u00c1P T\u00cdNH DI\u1ec6N T\u00cdCH THI C\u00d4NG - SAY concept","description":"SAY CONCEPT - Thi\u1ebft k\u1ebf Ki\u1ebfn tr\u00fac N\u1ed9i th\u1ea5t Nh\u00e0 ph\u1ed1, Bi\u1ec7t th\u1ef1, C\u0103n h\u1ed9 chung c\u01b0, V\u0103n ph\u00f2ng, Qu\u00e1n c\u00e0 ph\u00ea, Nh\u00e0 h\u00e0ng ... PH\u01af\u01a0NG PH\u00c1P T\u00cdNH DI\u1ec6N T\u00cdCH THI C\u00d4NG","robots":{"index":"index","follow":"follow","max-snippet":"max-snippet:-1","max-image-preview":"max-image-preview:large","max-video-preview":"max-video-preview:-1"},"canonical":"https:\/\/sayconcept.com\/arc\/phuong-phap-tinh-dien-tich-thi-cong\/","og_locale":"en_US","og_type":"article","og_title":"PH\u01af\u01a0NG PH\u00c1P T\u00cdNH DI\u1ec6N T\u00cdCH THI C\u00d4NG - SAY concept","og_description":"SAY CONCEPT - Thi\u1ebft k\u1ebf Ki\u1ebfn tr\u00fac N\u1ed9i th\u1ea5t Nh\u00e0 ph\u1ed1, Bi\u1ec7t th\u1ef1, C\u0103n h\u1ed9 chung c\u01b0, V\u0103n ph\u00f2ng, Qu\u00e1n c\u00e0 ph\u00ea, Nh\u00e0 h\u00e0ng ... PH\u01af\u01a0NG PH\u00c1P T\u00cdNH DI\u1ec6N T\u00cdCH THI C\u00d4NG","og_url":"https:\/\/sayconcept.com\/arc\/phuong-phap-tinh-dien-tich-thi-cong\/","og_site_name":"SAY concept","article_publisher":"https:\/\/www.facebook.com\/Sayconcept\/","article_modified_time":"2019-04-02T04:00:50+00:00","og_image":[{"width":668,"height":742,"url":"https:\/\/sayconcept.com\/arc\/wp-content\/uploads\/2019\/02\/sayconcept-nhaphodep-02.jpg","type":"image\/jpeg"}],"twitter_card":"summary_large_image","twitter_misc":{"Est. reading time":"1 minute"},"schema":{"@context":"https:\/\/schema.org","@graph":[{"@type":"WebSite","@id":"https:\/\/sayconcept.com\/arc\/#website","url":"https:\/\/sayconcept.com\/arc\/","name":"SAY concept","description":"Thi\u1ebft k\u1ebf kh\u00f4ng gian s\u1ed1ng","potentialAction":[{"@type":"SearchAction","target":{"@type":"EntryPoint","urlTemplate":"https:\/\/sayconcept.com\/arc\/?s={search_term_string}"},"query-input":"required name=search_term_string"}],"inLanguage":"en-US"},{"@type":"ImageObject","@id":"https:\/\/sayconcept.com\/arc\/phuong-phap-tinh-dien-tich-thi-cong\/#primaryimage","inLanguage":"en-US","url":"https:\/\/sayconcept.com\/arc\/wp-content\/uploads\/2019\/02\/sayconcept-nhaphodep-02.jpg","contentUrl":"https:\/\/sayconcept.com\/arc\/wp-content\/uploads\/2019\/02\/sayconcept-nhaphodep-02.jpg","width":668,"height":742,"caption":"Thi\u1ebft k\u1ebf nh\u00e0 ph\u1ed1 \u0111\u1eb9p"},{"@type":"WebPage","@id":"https:\/\/sayconcept.com\/arc\/phuong-phap-tinh-dien-tich-thi-cong\/#webpage","url":"https:\/\/sayconcept.com\/arc\/phuong-phap-tinh-dien-tich-thi-cong\/","name":"PH\u01af\u01a0NG PH\u00c1P T\u00cdNH DI\u1ec6N T\u00cdCH THI C\u00d4NG - SAY concept","isPartOf":{"@id":"https:\/\/sayconcept.com\/arc\/#website"},"primaryImageOfPage":{"@id":"https:\/\/sayconcept.com\/arc\/phuong-phap-tinh-dien-tich-thi-cong\/#primaryimage"},"datePublished":"2019-04-02T03:56:34+00:00","dateModified":"2019-04-02T04:00:50+00:00","description":"SAY CONCEPT - Thi\u1ebft k\u1ebf Ki\u1ebfn tr\u00fac N\u1ed9i th\u1ea5t Nh\u00e0 ph\u1ed1, Bi\u1ec7t th\u1ef1, C\u0103n h\u1ed9 chung c\u01b0, V\u0103n ph\u00f2ng, Qu\u00e1n c\u00e0 ph\u00ea, Nh\u00e0 h\u00e0ng ... PH\u01af\u01a0NG PH\u00c1P T\u00cdNH DI\u1ec6N T\u00cdCH THI C\u00d4NG","breadcrumb":{"@id":"https:\/\/sayconcept.com\/arc\/phuong-phap-tinh-dien-tich-thi-cong\/#breadcrumb"},"inLanguage":"en-US","potentialAction":[{"@type":"ReadAction","target":["https:\/\/sayconcept.com\/arc\/phuong-phap-tinh-dien-tich-thi-cong\/"]}]},{"@type":"BreadcrumbList","@id":"https:\/\/sayconcept.com\/arc\/phuong-phap-tinh-dien-tich-thi-cong\/#breadcrumb","itemListElement":[{"@type":"ListItem","position":1,"name":"Home","item":"https:\/\/sayconcept.com\/arc\/"},{"@type":"ListItem","position":2,"name":"PH\u01af\u01a0NG PH\u00c1P T\u00cdNH DI\u1ec6N T\u00cdCH THI C\u00d4NG"}]}]}},"_links":{"self":[{"href":"https:\/\/sayconcept.com\/arc\/wp-json\/wp\/v2\/pages\/4719"}],"collection":[{"href":"https:\/\/sayconcept.com\/arc\/wp-json\/wp\/v2\/pages"}],"about":[{"href":"https:\/\/sayconcept.com\/arc\/wp-json\/wp\/v2\/types\/page"}],"author":[{"embeddable":true,"href":"https:\/\/sayconcept.com\/arc\/wp-json\/wp\/v2\/users\/1"}],"replies":[{"embeddable":true,"href":"https:\/\/sayconcept.com\/arc\/wp-json\/wp\/v2\/comments?post=4719"}],"version-history":[{"count":6,"href":"https:\/\/sayconcept.com\/arc\/wp-json\/wp\/v2\/pages\/4719\/revisions"}],"predecessor-version":[{"id":4727,"href":"https:\/\/sayconcept.com\/arc\/wp-json\/wp\/v2\/pages\/4719\/revisions\/4727"}],"wp:featuredmedia":[{"embeddable":true,"href":"https:\/\/sayconcept.com\/arc\/wp-json\/wp\/v2\/media\/4540"}],"wp:attachment":[{"href":"https:\/\/sayconcept.com\/arc\/wp-json\/wp\/v2\/media?parent=4719"}],"curies":[{"name":"wp","href":"https:\/\/api.w.org\/{rel}","templated":true}]}}