{"id":4635,"date":"2019-03-28T15:41:30","date_gmt":"2019-03-28T08:41:30","guid":{"rendered":"https:\/\/sayconcept.com\/arc\/?page_id=4635"},"modified":"2019-03-28T15:53:44","modified_gmt":"2019-03-28T08:53:44","slug":"goi-noi-that-can-ho-cho-thue","status":"publish","type":"page","link":"https:\/\/sayconcept.com\/arc\/goi-noi-that-can-ho-cho-thue\/","title":{"rendered":"G\u00f3i N\u1ed9i th\u1ea5t c\u0103n h\u1ed9 cho thu\u00ea"},"content":{"rendered":"\t\t<div data-elementor-type=\"wp-post\" data-elementor-id=\"4635\" class=\"elementor elementor-4635\" data-elementor-settings=\"[]\">\n\t\t\t\t\t\t<div class=\"elementor-inner\">\n\t\t\t\t\t\t\t<div class=\"elementor-section-wrap\">\n\t\t\t\t\t\t\t<section class=\"elementor-section elementor-top-section elementor-element elementor-element-4e9b853 elementor-section-boxed elementor-section-height-default elementor-section-height-default\" data-id=\"4e9b853\" data-element_type=\"section\" data-settings=\"{&quot;architecturer_ext_is_background_parallax&quot;:&quot;false&quot;,&quot;architecturer_ext_is_background_on_scroll&quot;:&quot;false&quot;}\">\n\t\t\t\t\t\t<div class=\"elementor-container elementor-column-gap-default\">\n\t\t\t\t\t\t\t<div class=\"elementor-row\">\n\t\t\t\t\t<div class=\"elementor-column elementor-col-100 elementor-top-column elementor-element elementor-element-73c4171\" data-id=\"73c4171\" data-element_type=\"column\" data-settings=\"{&quot;architecturer_ext_is_mobile_menu&quot;:&quot;false&quot;,&quot;architecturer_ext_is_scrollme&quot;:&quot;false&quot;,&quot;architecturer_ext_is_smoove&quot;:&quot;false&quot;,&quot;architecturer_ext_is_parallax_mouse&quot;:&quot;false&quot;,&quot;architecturer_ext_is_infinite&quot;:&quot;false&quot;,&quot;architecturer_ext_is_fadeout_animation&quot;:&quot;false&quot;}\">\n\t\t\t<div class=\"elementor-column-wrap elementor-element-populated\">\n\t\t\t\t\t\t\t<div class=\"elementor-widget-wrap\">\n\t\t\t\t\t\t<div class=\"elementor-element elementor-element-8d9b7f3 elementor-widget elementor-widget-heading\" data-id=\"8d9b7f3\" data-element_type=\"widget\" data-settings=\"{&quot;architecturer_ext_is_mobile_menu&quot;:&quot;false&quot;,&quot;architecturer_ext_is_scrollme&quot;:&quot;false&quot;,&quot;architecturer_ext_is_smoove&quot;:&quot;false&quot;,&quot;architecturer_ext_is_parallax_mouse&quot;:&quot;false&quot;,&quot;architecturer_ext_is_infinite&quot;:&quot;false&quot;,&quot;architecturer_ext_is_fadeout_animation&quot;:&quot;false&quot;}\" data-widget_type=\"heading.default\">\n\t\t\t\t<div class=\"elementor-widget-container\">\n\t\t\t<h3 class=\"elementor-heading-title elementor-size-default\">\u0110\u1ea7u t\u01b0 c\u0103n h\u1ed9 cho thu\u00ea hi\u1ec7n \u0111ang l\u00e0 m\u1ed9t trong nh\u1eefng k\u00eanh \u0111\u1ea7u t\u01b0 ph\u1ed5 bi\u1ebfn, mang l\u1ea1i nh\u1eefng kho\u1ea3n l\u1ee3i nhu\u1eadn h\u1ea5p d\u1eabn cho nh\u00e0 \u0111\u1ea7u t\u01b0.\u00a0<\/h3>\t\t<\/div>\n\t\t\t\t<\/div>\n\t\t\t\t<div class=\"elementor-element elementor-element-21e5ad4 elementor-widget elementor-widget-text-editor\" data-id=\"21e5ad4\" data-element_type=\"widget\" data-settings=\"{&quot;architecturer_ext_is_mobile_menu&quot;:&quot;false&quot;,&quot;architecturer_ext_is_scrollme&quot;:&quot;false&quot;,&quot;architecturer_ext_is_smoove&quot;:&quot;false&quot;,&quot;architecturer_ext_is_parallax_mouse&quot;:&quot;false&quot;,&quot;architecturer_ext_is_infinite&quot;:&quot;false&quot;,&quot;architecturer_ext_is_fadeout_animation&quot;:&quot;false&quot;}\" data-widget_type=\"text-editor.default\">\n\t\t\t\t<div class=\"elementor-widget-container\">\n\t\t\t\t\t\t\t\t<div class=\"elementor-text-editor elementor-clearfix\">\n\t\t\t\t<p>L\u00e0m sao \u0111\u1ea7u t\u01b0 n\u1ed9i th\u1ea5t v\u1edbi chi ph\u00ed h\u1ee3p l\u00fd nh\u01b0ng v\u1eabn \u0111\u1ea3m b\u1ea3o ti\u1ec7n \u00edch cho ng\u01b0\u1eddi thu\u00ea nh\u00e0 l\u00e0 c\u00e2u h\u1ecfi \u0111\u01b0\u1ee3c nhi\u1ec1u ch\u1ee7 \u0111\u1ea7u t\u01b0 \u0111\u1eb7t ra.<\/p><p>SAYconcept sau qu\u00e1 tr\u00ecnh thi\u1ebft k\u1ebf v\u00e0 thi c\u00f4ng c\u00e1c c\u0103n h\u1ed9 chung c\u01b0 cho c\u1ea3 ng\u01b0\u1eddi s\u1eed d\u1ee5ng v\u00e0 ng\u01b0\u1eddi \u0111\u1ea7u t\u01b0 \u0111\u01b0a ra m\u1ed9t s\u1ed1 g\u00f3i n\u1ed9i th\u1ea5t t\u1ed1i \u01b0u nh\u1ea5t cho b\u1ea1n l\u1ef1a ch\u1ecdn.<\/p>\t\t\t\t\t<\/div>\n\t\t\t\t\t\t<\/div>\n\t\t\t\t<\/div>\n\t\t\t\t<div class=\"elementor-element elementor-element-70c29a9 elementor-widget elementor-widget-image\" data-id=\"70c29a9\" data-element_type=\"widget\" data-settings=\"{&quot;architecturer_image_is_animation&quot;:&quot;false&quot;,&quot;architecturer_ext_is_mobile_menu&quot;:&quot;false&quot;,&quot;architecturer_ext_is_scrollme&quot;:&quot;false&quot;,&quot;architecturer_ext_is_smoove&quot;:&quot;false&quot;,&quot;architecturer_ext_is_parallax_mouse&quot;:&quot;false&quot;,&quot;architecturer_ext_is_infinite&quot;:&quot;false&quot;,&quot;architecturer_ext_is_fadeout_animation&quot;:&quot;false&quot;}\" data-widget_type=\"image.default\">\n\t\t\t\t<div class=\"elementor-widget-container\">\n\t\t\t\t\t\t\t\t<div class=\"elementor-image\">\n\t\t\t\t\t\t\t\t\t\t\t\t<img width=\"768\" height=\"614\" src=\"https:\/\/sayconcept.com\/arc\/wp-content\/uploads\/2019\/03\/COMBO-1-768x614.jpg\" class=\"attachment-medium_large size-medium_large\" alt=\"g\u00f3i n\u1ed9i th\u1ea5t c\u0103n h\u1ed9 cho thu\u00ea\" loading=\"lazy\" srcset=\"https:\/\/sayconcept.com\/arc\/wp-content\/uploads\/2019\/03\/COMBO-1-768x614.jpg 768w, https:\/\/sayconcept.com\/arc\/wp-content\/uploads\/2019\/03\/COMBO-1-600x480.jpg 600w, https:\/\/sayconcept.com\/arc\/wp-content\/uploads\/2019\/03\/COMBO-1-300x240.jpg 300w, https:\/\/sayconcept.com\/arc\/wp-content\/uploads\/2019\/03\/COMBO-1-1024x819.jpg 1024w, https:\/\/sayconcept.com\/arc\/wp-content\/uploads\/2019\/03\/COMBO-1-440x352.jpg 440w, https:\/\/sayconcept.com\/arc\/wp-content\/uploads\/2019\/03\/COMBO-1.jpg 1600w\" sizes=\"(max-width: 768px) 100vw, 768px\" \/>\t\t\t\t\t\t\t\t\t\t\t\t\t\t<\/div>\n\t\t\t\t\t\t<\/div>\n\t\t\t\t<\/div>\n\t\t\t\t\t\t<\/div>\n\t\t\t\t\t<\/div>\n\t\t<\/div>\n\t\t\t\t\t\t\t\t<\/div>\n\t\t\t\t\t<\/div>\n\t\t<\/section>\n\t\t\t\t<section class=\"elementor-section elementor-top-section elementor-element elementor-element-c4aa98b elementor-section-boxed elementor-section-height-default elementor-section-height-default\" data-id=\"c4aa98b\" data-element_type=\"section\" data-settings=\"{&quot;architecturer_ext_is_background_parallax&quot;:&quot;false&quot;,&quot;architecturer_ext_is_background_on_scroll&quot;:&quot;false&quot;}\">\n\t\t\t\t\t\t<div class=\"elementor-container elementor-column-gap-default\">\n\t\t\t\t\t\t\t<div class=\"elementor-row\">\n\t\t\t\t\t<div class=\"elementor-column elementor-col-100 elementor-top-column elementor-element elementor-element-2a35efd\" data-id=\"2a35efd\" data-element_type=\"column\" data-settings=\"{&quot;architecturer_ext_is_mobile_menu&quot;:&quot;false&quot;,&quot;architecturer_ext_is_scrollme&quot;:&quot;false&quot;,&quot;architecturer_ext_is_smoove&quot;:&quot;false&quot;,&quot;architecturer_ext_is_parallax_mouse&quot;:&quot;false&quot;,&quot;architecturer_ext_is_infinite&quot;:&quot;false&quot;,&quot;architecturer_ext_is_fadeout_animation&quot;:&quot;false&quot;}\">\n\t\t\t<div class=\"elementor-column-wrap elementor-element-populated\">\n\t\t\t\t\t\t\t<div class=\"elementor-widget-wrap\">\n\t\t\t\t\t\t<div class=\"elementor-element elementor-element-4caec34 elementor-widget elementor-widget-photographer-gallery-horizontal\" data-id=\"4caec34\" data-element_type=\"widget\" data-settings=\"{&quot;architecturer_ext_is_mobile_menu&quot;:&quot;false&quot;,&quot;architecturer_ext_is_scrollme&quot;:&quot;false&quot;,&quot;architecturer_ext_is_smoove&quot;:&quot;false&quot;,&quot;architecturer_ext_is_parallax_mouse&quot;:&quot;false&quot;,&quot;architecturer_ext_is_infinite&quot;:&quot;false&quot;,&quot;architecturer_ext_is_fadeout_animation&quot;:&quot;false&quot;}\" data-widget_type=\"photographer-gallery-horizontal.default\">\n\t\t\t\t<div class=\"elementor-widget-container\">\n\t\t\t<div class=\"tg_horizontal_gallery_wrapper\" data-autoplay=\"0\" data-loop=\"0\" data-navigation=\"1\" data-pagination=\"1\" data-parallax=\"1\" data-fullscreen=\"0\">\n\t\t<div class=\"tg_horizontal_gallery_cell\" style=\"margin-right:40px\">\n\t\t\t\t\t\t<img class=\"tg_horizontal_gallery_cell_img\" data-flickity-lazyload=\"https:\/\/sayconcept.com\/arc\/wp-content\/uploads\/2019\/03\/BASIC.jpg\" alt=\"g\u00f3i n\u1ed9i th\u1ea5t c\u0103n h\u1ed9 cho thu\u00ea c\u01a1 b\u1ea3n\" style=\"height:700px;\" \/>\n\t\t\t\t\t<\/div>\n\t\t<div class=\"tg_horizontal_gallery_cell\" style=\"margin-right:40px\">\n\t\t\t\t\t\t<img class=\"tg_horizontal_gallery_cell_img\" data-flickity-lazyload=\"https:\/\/sayconcept.com\/arc\/wp-content\/uploads\/2019\/03\/COMBO-STANDARD.jpg\" alt=\"g\u00f3i n\u1ed9i th\u1ea5t c\u0103n h\u1ed9 cho thu\u00ea ti\u00eau chu\u1ea9n\" style=\"height:700px;\" \/>\n\t\t\t\t\t<\/div>\n\t\t<div class=\"tg_horizontal_gallery_cell\" style=\"margin-right:40px\">\n\t\t\t\t\t\t<img class=\"tg_horizontal_gallery_cell_img\" data-flickity-lazyload=\"https:\/\/sayconcept.com\/arc\/wp-content\/uploads\/2019\/03\/LUXURY.jpg\" alt=\"g\u00f3i n\u1ed9i th\u1ea5t c\u0103n h\u1ed9 cho thu\u00ea cao c\u1ea5p\" style=\"height:700px;\" \/>\n\t\t\t\t\t<\/div>\n<\/div>\n\t\t<\/div>\n\t\t\t\t<\/div>\n\t\t\t\t\t\t<\/div>\n\t\t\t\t\t<\/div>\n\t\t<\/div>\n\t\t\t\t\t\t\t\t<\/div>\n\t\t\t\t\t<\/div>\n\t\t<\/section>\n\t\t\t\t<section class=\"elementor-section elementor-top-section elementor-element elementor-element-4a0e7d6 elementor-section-boxed elementor-section-height-default elementor-section-height-default\" data-id=\"4a0e7d6\" data-element_type=\"section\" data-settings=\"{&quot;architecturer_ext_is_background_parallax&quot;:&quot;false&quot;,&quot;architecturer_ext_is_background_on_scroll&quot;:&quot;false&quot;}\">\n\t\t\t\t\t\t<div class=\"elementor-container elementor-column-gap-default\">\n\t\t\t\t\t\t\t<div class=\"elementor-row\">\n\t\t\t\t\t<div class=\"elementor-column elementor-col-100 elementor-top-column elementor-element elementor-element-ec6f69a\" data-id=\"ec6f69a\" data-element_type=\"column\" data-settings=\"{&quot;architecturer_ext_is_mobile_menu&quot;:&quot;false&quot;,&quot;architecturer_ext_is_scrollme&quot;:&quot;false&quot;,&quot;architecturer_ext_is_smoove&quot;:&quot;false&quot;,&quot;architecturer_ext_is_parallax_mouse&quot;:&quot;false&quot;,&quot;architecturer_ext_is_infinite&quot;:&quot;false&quot;,&quot;architecturer_ext_is_fadeout_animation&quot;:&quot;false&quot;}\">\n\t\t\t<div class=\"elementor-column-wrap elementor-element-populated\">\n\t\t\t\t\t\t\t<div class=\"elementor-widget-wrap\">\n\t\t\t\t\t\t<div class=\"elementor-element elementor-element-a2f84e3 elementor-widget elementor-widget-spacer\" data-id=\"a2f84e3\" data-element_type=\"widget\" data-settings=\"{&quot;architecturer_ext_is_mobile_menu&quot;:&quot;false&quot;,&quot;architecturer_ext_is_scrollme&quot;:&quot;false&quot;,&quot;architecturer_ext_is_smoove&quot;:&quot;false&quot;,&quot;architecturer_ext_is_parallax_mouse&quot;:&quot;false&quot;,&quot;architecturer_ext_is_infinite&quot;:&quot;false&quot;,&quot;architecturer_ext_is_fadeout_animation&quot;:&quot;false&quot;}\" data-widget_type=\"spacer.default\">\n\t\t\t\t<div class=\"elementor-widget-container\">\n\t\t\t\t\t<div class=\"elementor-spacer\">\n\t\t\t<div class=\"elementor-spacer-inner\"><\/div>\n\t\t<\/div>\n\t\t\t\t<\/div>\n\t\t\t\t<\/div>\n\t\t\t\t<div class=\"elementor-element elementor-element-7ffdcde elementor-widget elementor-widget-heading\" data-id=\"7ffdcde\" data-element_type=\"widget\" data-settings=\"{&quot;architecturer_ext_is_mobile_menu&quot;:&quot;false&quot;,&quot;architecturer_ext_is_scrollme&quot;:&quot;false&quot;,&quot;architecturer_ext_is_smoove&quot;:&quot;false&quot;,&quot;architecturer_ext_is_parallax_mouse&quot;:&quot;false&quot;,&quot;architecturer_ext_is_infinite&quot;:&quot;false&quot;,&quot;architecturer_ext_is_fadeout_animation&quot;:&quot;false&quot;}\" data-widget_type=\"heading.default\">\n\t\t\t\t<div class=\"elementor-widget-container\">\n\t\t\t<h2 class=\"elementor-heading-title elementor-size-default\">8 kinh nghi\u1ec7m \u0111\u1ea7u t\u01b0 c\u0103n h\u1ed9 cho thu\u00ea sinh l\u1eddi cao, \u1ed5n \u0111\u1ecbnh<\/h2>\t\t<\/div>\n\t\t\t\t<\/div>\n\t\t\t\t<div class=\"elementor-element elementor-element-c1c4dec elementor-widget elementor-widget-text-editor\" data-id=\"c1c4dec\" data-element_type=\"widget\" data-settings=\"{&quot;architecturer_ext_is_mobile_menu&quot;:&quot;false&quot;,&quot;architecturer_ext_is_scrollme&quot;:&quot;false&quot;,&quot;architecturer_ext_is_smoove&quot;:&quot;false&quot;,&quot;architecturer_ext_is_parallax_mouse&quot;:&quot;false&quot;,&quot;architecturer_ext_is_infinite&quot;:&quot;false&quot;,&quot;architecturer_ext_is_fadeout_animation&quot;:&quot;false&quot;}\" data-widget_type=\"text-editor.default\">\n\t\t\t\t<div class=\"elementor-widget-container\">\n\t\t\t\t\t\t\t\t<div class=\"elementor-text-editor elementor-clearfix\">\n\t\t\t\t<p>Kinh nghi\u1ec7m th\u1ee9 nh\u1ea5t \u0111\u1ea7u t\u01b0 c\u0103n h\u1ed9 cho thu\u00ea: X\u00e1c \u0111\u1ecbnh r\u00f5 m\u1ee5c \u0111\u00edch \u0111\u1ea7u t\u01b0<\/p><p>Kinh nghi\u1ec7m th\u1ee9 hai \u0111\u1ea7u t\u01b0 c\u0103n h\u1ed9 cho thu\u00ea: C\u00e2n nh\u1eafc \u0111\u1ebfn vi\u1ec7c vay v\u1ed1n ng\u00e2n h\u00e0ng, \u00e1p d\u1ee5ng \u0111\u00f2n b\u1ea9y t\u00e0i ch\u00ednh<\/p><p>Kinh nghi\u1ec7m th\u1ee9 ba \u0111\u1ea7u t\u01b0 c\u0103n h\u1ed9 cho thu\u00ea: \u0110\u00e0m ph\u00e1n hi\u1ec7u qu\u1ea3, \u0111\u00f4i b\u00ean c\u00f9ng c\u00f3 l\u1ee3i<\/p><p>Kinh nghi\u1ec7m th\u1ee9 t\u01b0 \u0111\u1ea7u t\u01b0 c\u0103n h\u1ed9 cho thu\u00ea: C\u1ea3i t\u1ea1o \u0111\u1ec3 t\u1ed1i \u01b0u ho\u00e1 l\u1ee3i nhu\u1eadna<\/p><p>Kinh nghi\u1ec7m th\u1ee9 n\u0103m \u0111\u1ea7u t\u01b0 c\u0103n h\u1ed9 cho thu\u00ea: T\u00ecm ki\u1ebfm kh\u00e1ch h\u00e0ng m\u1ee5c ti\u00eau<\/p><p>Kinh nghi\u1ec7m th\u1ee9 s\u00e1u \u0111\u1ea7u t\u01b0 c\u0103n h\u1ed9 cho thu\u00ea: \u0110\u0103ng tin cho thu\u00ea ngay khi c\u00f3 th\u1ec3<\/p><p>Kinh nghi\u1ec7m th\u1ee9 b\u1ea3y \u0111\u1ea7u t\u01b0 c\u0103n h\u1ed9 cho thu\u00ea: V\u1eadn h\u00e0nh v\u00e0 qu\u1ea3n l\u00fd nh\u00e0 cho thu\u00ea hi\u1ec7u qu\u1ea3 \u0111\u1ec3 t\u1ed1i \u01b0u chi ph\u00ed<\/p><p>Kinh nghi\u1ec7m th\u1ee9 t\u00e1m \u0111\u1ea7u t\u01b0 c\u0103n h\u1ed9 cho thu\u00ea: Ch\u0103m s\u00f3c kh\u00e1ch thu\u00ea chu \u0111\u00e1o, t\u1eadn t\u00e2m<\/p>\t\t\t\t\t<\/div>\n\t\t\t\t\t\t<\/div>\n\t\t\t\t<\/div>\n\t\t\t\t\t\t<\/div>\n\t\t\t\t\t<\/div>\n\t\t<\/div>\n\t\t\t\t\t\t\t\t<\/div>\n\t\t\t\t\t<\/div>\n\t\t<\/section>\n\t\t\t\t<section class=\"elementor-section elementor-top-section elementor-element elementor-element-c560739 elementor-section-boxed elementor-section-height-default elementor-section-height-default\" data-id=\"c560739\" data-element_type=\"section\" data-settings=\"{&quot;architecturer_ext_is_background_parallax&quot;:&quot;false&quot;,&quot;architecturer_ext_is_background_on_scroll&quot;:&quot;false&quot;}\">\n\t\t\t\t\t\t<div class=\"elementor-container elementor-column-gap-default\">\n\t\t\t\t\t\t\t<div class=\"elementor-row\">\n\t\t\t\t\t<div class=\"elementor-column elementor-col-100 elementor-top-column elementor-element elementor-element-81e5276\" data-id=\"81e5276\" data-element_type=\"column\" data-settings=\"{&quot;architecturer_ext_is_mobile_menu&quot;:&quot;false&quot;,&quot;architecturer_ext_is_scrollme&quot;:&quot;false&quot;,&quot;architecturer_ext_is_smoove&quot;:&quot;false&quot;,&quot;architecturer_ext_is_parallax_mouse&quot;:&quot;false&quot;,&quot;architecturer_ext_is_infinite&quot;:&quot;false&quot;,&quot;architecturer_ext_is_fadeout_animation&quot;:&quot;false&quot;}\">\n\t\t\t<div class=\"elementor-column-wrap elementor-element-populated\">\n\t\t\t\t\t\t\t<div class=\"elementor-widget-wrap\">\n\t\t\t\t\t\t<div class=\"elementor-element elementor-element-52fff24 elementor-widget elementor-widget-text-editor\" data-id=\"52fff24\" data-element_type=\"widget\" data-settings=\"{&quot;architecturer_ext_is_mobile_menu&quot;:&quot;false&quot;,&quot;architecturer_ext_is_scrollme&quot;:&quot;false&quot;,&quot;architecturer_ext_is_smoove&quot;:&quot;false&quot;,&quot;architecturer_ext_is_parallax_mouse&quot;:&quot;false&quot;,&quot;architecturer_ext_is_infinite&quot;:&quot;false&quot;,&quot;architecturer_ext_is_fadeout_animation&quot;:&quot;false&quot;}\" data-widget_type=\"text-editor.default\">\n\t\t\t\t<div class=\"elementor-widget-container\">\n\t\t\t\t\t\t\t\t<div class=\"elementor-text-editor elementor-clearfix\">\n\t\t\t\t<p><strong>\u0110\u0103ng k\u00fd t\u01b0 v\u1ea5n thi\u1ebft k\u1ebf n\u1ed9i th\u1ea5t g\u1edfi v\u1ec1 \u0111\u1ecba ch\u1ec9 :<\/strong><\/p><p>Email : home.sayconcept@gmail.com<\/p><p>Hotline:\u00a0<strong>0813 138 168<\/strong><\/p><p>Fb: https:\/\/www.facebook.com\/Sayconcept\/<\/p><p><strong>B\u1ea3ng gi\u00e1 thi\u1ebft k\u1ebf ki\u1ebfn tr\u00fac : <a href=\"https:\/\/sayconcept.com\/arc\/bang-gia-thiet-ke\/\" target=\"_blank\" rel=\"noopener\">B\u1ea3ng gi\u00e1<\/a><\/strong><\/p><p><strong>B\u1ea3ng gi\u00e1 ho\u00e0n thi\u1ec7n n\u1ed9i th\u1ea5t: <a href=\"https:\/\/sayconcept.com\/arc\/bao-gia-hoan-thien-noi-that-chung-cu-2019\/\" target=\"_blank\" rel=\"noopener\">B\u1ea3ng gi\u00e1<\/a><\/strong><\/p>\t\t\t\t\t<\/div>\n\t\t\t\t\t\t<\/div>\n\t\t\t\t<\/div>\n\t\t\t\t\t\t<\/div>\n\t\t\t\t\t<\/div>\n\t\t<\/div>\n\t\t\t\t\t\t\t\t<\/div>\n\t\t\t\t\t<\/div>\n\t\t<\/section>\n\t\t\t\t\t\t<\/div>\n\t\t\t\t\t\t<\/div>\n\t\t\t\t\t<\/div>\n\t\t","protected":false},"excerpt":{"rendered":"<p>\u0110\u1ea7u t\u01b0 c\u0103n h\u1ed9 cho thu\u00ea hi\u1ec7n \u0111ang l\u00e0 m\u1ed9t trong nh\u1eefng k\u00eanh \u0111\u1ea7u t\u01b0 ph\u1ed5 bi\u1ebfn, mang l\u1ea1i nh\u1eefng kho\u1ea3n l\u1ee3i nhu\u1eadn h\u1ea5p d\u1eabn cho nh\u00e0 \u0111\u1ea7u t\u01b0.&nbsp; L\u00e0m sao \u0111\u1ea7u t\u01b0 n\u1ed9i th\u1ea5t v\u1edbi chi ph\u00ed h\u1ee3p l\u00fd [&hellip;]<\/p>\n","protected":false},"author":1,"featured_media":4599,"parent":0,"menu_order":0,"comment_status":"closed","ping_status":"closed","template":"","meta":[],"yoast_head":"<!-- This site is optimized with the Yoast SEO plugin v17.8 - https:\/\/yoast.com\/wordpress\/plugins\/seo\/ -->\n<title>G\u00f3i N\u1ed9i th\u1ea5t c\u0103n h\u1ed9 cho thu\u00ea - SAY concept<\/title>\n<meta name=\"description\" content=\"SAY CONCEPT - Thi\u1ebft k\u1ebf Ki\u1ebfn tr\u00fac N\u1ed9i th\u1ea5t C\u00f4ng tr\u00ecnh d\u00e2n d\u1ee5ng : Nh\u00e0 ph\u1ed1, Bi\u1ec7t th\u1ef1, C\u0103n h\u1ed9 cho thu\u00ea, V\u0103n ph\u00f2ng, Qu\u00e1n c\u00e0 ph\u00ea, Nh\u00e0 h\u00e0ng ...\" \/>\n<meta name=\"robots\" content=\"index, follow, max-snippet:-1, max-image-preview:large, max-video-preview:-1\" \/>\n<link rel=\"canonical\" href=\"https:\/\/sayconcept.com\/arc\/goi-noi-that-can-ho-cho-thue\/\" \/>\n<meta property=\"og:locale\" content=\"en_US\" \/>\n<meta property=\"og:type\" content=\"article\" \/>\n<meta property=\"og:title\" content=\"G\u00f3i N\u1ed9i th\u1ea5t c\u0103n h\u1ed9 cho thu\u00ea - SAY concept\" \/>\n<meta property=\"og:description\" content=\"SAY CONCEPT - Thi\u1ebft k\u1ebf Ki\u1ebfn tr\u00fac N\u1ed9i th\u1ea5t C\u00f4ng tr\u00ecnh d\u00e2n d\u1ee5ng : Nh\u00e0 ph\u1ed1, Bi\u1ec7t th\u1ef1, C\u0103n h\u1ed9 cho thu\u00ea, V\u0103n ph\u00f2ng, Qu\u00e1n c\u00e0 ph\u00ea, Nh\u00e0 h\u00e0ng ...\" \/>\n<meta property=\"og:url\" content=\"https:\/\/sayconcept.com\/arc\/goi-noi-that-can-ho-cho-thue\/\" \/>\n<meta property=\"og:site_name\" content=\"SAY concept\" \/>\n<meta property=\"article:publisher\" content=\"https:\/\/www.facebook.com\/Sayconcept\/\" \/>\n<meta property=\"article:modified_time\" content=\"2019-03-28T08:53:44+00:00\" \/>\n<meta property=\"og:image\" content=\"https:\/\/sayconcept.com\/arc\/wp-content\/uploads\/2019\/03\/nharong2m-05.jpg\" \/>\n\t<meta property=\"og:image:width\" content=\"600\" \/>\n\t<meta property=\"og:image:height\" content=\"686\" \/>\n<meta name=\"twitter:card\" content=\"summary_large_image\" \/>\n<meta name=\"twitter:label1\" content=\"Est. reading time\" \/>\n\t<meta name=\"twitter:data1\" content=\"2 minutes\" \/>\n<script type=\"application\/ld+json\" class=\"yoast-schema-graph\">{\"@context\":\"https:\/\/schema.org\",\"@graph\":[{\"@type\":\"WebSite\",\"@id\":\"https:\/\/sayconcept.com\/arc\/#website\",\"url\":\"https:\/\/sayconcept.com\/arc\/\",\"name\":\"SAY concept\",\"description\":\"Thi\\u1ebft k\\u1ebf kh\\u00f4ng gian s\\u1ed1ng\",\"potentialAction\":[{\"@type\":\"SearchAction\",\"target\":{\"@type\":\"EntryPoint\",\"urlTemplate\":\"https:\/\/sayconcept.com\/arc\/?s={search_term_string}\"},\"query-input\":\"required name=search_term_string\"}],\"inLanguage\":\"en-US\"},{\"@type\":\"ImageObject\",\"@id\":\"https:\/\/sayconcept.com\/arc\/goi-noi-that-can-ho-cho-thue\/#primaryimage\",\"inLanguage\":\"en-US\",\"url\":\"https:\/\/sayconcept.com\/arc\/wp-content\/uploads\/2019\/03\/nharong2m-05.jpg\",\"contentUrl\":\"https:\/\/sayconcept.com\/arc\/wp-content\/uploads\/2019\/03\/nharong2m-05.jpg\",\"width\":600,\"height\":686,\"caption\":\"Ph\\u00f2ng ng\\u1ee7 tr\\u00e0n ng\\u1eadp \\u00e1nh s\\u00e1ng t\\u1ef1 nhi\\u00ean\"},{\"@type\":\"WebPage\",\"@id\":\"https:\/\/sayconcept.com\/arc\/goi-noi-that-can-ho-cho-thue\/#webpage\",\"url\":\"https:\/\/sayconcept.com\/arc\/goi-noi-that-can-ho-cho-thue\/\",\"name\":\"G\\u00f3i N\\u1ed9i th\\u1ea5t c\\u0103n h\\u1ed9 cho thu\\u00ea - SAY concept\",\"isPartOf\":{\"@id\":\"https:\/\/sayconcept.com\/arc\/#website\"},\"primaryImageOfPage\":{\"@id\":\"https:\/\/sayconcept.com\/arc\/goi-noi-that-can-ho-cho-thue\/#primaryimage\"},\"datePublished\":\"2019-03-28T08:41:30+00:00\",\"dateModified\":\"2019-03-28T08:53:44+00:00\",\"description\":\"SAY CONCEPT - Thi\\u1ebft k\\u1ebf Ki\\u1ebfn tr\\u00fac N\\u1ed9i th\\u1ea5t C\\u00f4ng tr\\u00ecnh d\\u00e2n d\\u1ee5ng : Nh\\u00e0 ph\\u1ed1, Bi\\u1ec7t th\\u1ef1, C\\u0103n h\\u1ed9 cho thu\\u00ea, V\\u0103n ph\\u00f2ng, Qu\\u00e1n c\\u00e0 ph\\u00ea, Nh\\u00e0 h\\u00e0ng ...\",\"breadcrumb\":{\"@id\":\"https:\/\/sayconcept.com\/arc\/goi-noi-that-can-ho-cho-thue\/#breadcrumb\"},\"inLanguage\":\"en-US\",\"potentialAction\":[{\"@type\":\"ReadAction\",\"target\":[\"https:\/\/sayconcept.com\/arc\/goi-noi-that-can-ho-cho-thue\/\"]}]},{\"@type\":\"BreadcrumbList\",\"@id\":\"https:\/\/sayconcept.com\/arc\/goi-noi-that-can-ho-cho-thue\/#breadcrumb\",\"itemListElement\":[{\"@type\":\"ListItem\",\"position\":1,\"name\":\"Home\",\"item\":\"https:\/\/sayconcept.com\/arc\/\"},{\"@type\":\"ListItem\",\"position\":2,\"name\":\"G\\u00f3i N\\u1ed9i th\\u1ea5t c\\u0103n h\\u1ed9 cho thu\\u00ea\"}]}]}<\/script>\n<!-- \/ Yoast SEO plugin. -->","yoast_head_json":{"title":"G\u00f3i N\u1ed9i th\u1ea5t c\u0103n h\u1ed9 cho thu\u00ea - SAY concept","description":"SAY CONCEPT - Thi\u1ebft k\u1ebf Ki\u1ebfn tr\u00fac N\u1ed9i th\u1ea5t C\u00f4ng tr\u00ecnh d\u00e2n d\u1ee5ng : Nh\u00e0 ph\u1ed1, Bi\u1ec7t th\u1ef1, C\u0103n h\u1ed9 cho thu\u00ea, V\u0103n ph\u00f2ng, Qu\u00e1n c\u00e0 ph\u00ea, Nh\u00e0 h\u00e0ng ...","robots":{"index":"index","follow":"follow","max-snippet":"max-snippet:-1","max-image-preview":"max-image-preview:large","max-video-preview":"max-video-preview:-1"},"canonical":"https:\/\/sayconcept.com\/arc\/goi-noi-that-can-ho-cho-thue\/","og_locale":"en_US","og_type":"article","og_title":"G\u00f3i N\u1ed9i th\u1ea5t c\u0103n h\u1ed9 cho thu\u00ea - SAY concept","og_description":"SAY CONCEPT - Thi\u1ebft k\u1ebf Ki\u1ebfn tr\u00fac N\u1ed9i th\u1ea5t C\u00f4ng tr\u00ecnh d\u00e2n d\u1ee5ng : Nh\u00e0 ph\u1ed1, Bi\u1ec7t th\u1ef1, C\u0103n h\u1ed9 cho thu\u00ea, V\u0103n ph\u00f2ng, Qu\u00e1n c\u00e0 ph\u00ea, Nh\u00e0 h\u00e0ng ...","og_url":"https:\/\/sayconcept.com\/arc\/goi-noi-that-can-ho-cho-thue\/","og_site_name":"SAY concept","article_publisher":"https:\/\/www.facebook.com\/Sayconcept\/","article_modified_time":"2019-03-28T08:53:44+00:00","og_image":[{"width":600,"height":686,"url":"https:\/\/sayconcept.com\/arc\/wp-content\/uploads\/2019\/03\/nharong2m-05.jpg","type":"image\/jpeg"}],"twitter_card":"summary_large_image","twitter_misc":{"Est. reading time":"2 minutes"},"schema":{"@context":"https:\/\/schema.org","@graph":[{"@type":"WebSite","@id":"https:\/\/sayconcept.com\/arc\/#website","url":"https:\/\/sayconcept.com\/arc\/","name":"SAY concept","description":"Thi\u1ebft k\u1ebf kh\u00f4ng gian s\u1ed1ng","potentialAction":[{"@type":"SearchAction","target":{"@type":"EntryPoint","urlTemplate":"https:\/\/sayconcept.com\/arc\/?s={search_term_string}"},"query-input":"required name=search_term_string"}],"inLanguage":"en-US"},{"@type":"ImageObject","@id":"https:\/\/sayconcept.com\/arc\/goi-noi-that-can-ho-cho-thue\/#primaryimage","inLanguage":"en-US","url":"https:\/\/sayconcept.com\/arc\/wp-content\/uploads\/2019\/03\/nharong2m-05.jpg","contentUrl":"https:\/\/sayconcept.com\/arc\/wp-content\/uploads\/2019\/03\/nharong2m-05.jpg","width":600,"height":686,"caption":"Ph\u00f2ng ng\u1ee7 tr\u00e0n ng\u1eadp \u00e1nh s\u00e1ng t\u1ef1 nhi\u00ean"},{"@type":"WebPage","@id":"https:\/\/sayconcept.com\/arc\/goi-noi-that-can-ho-cho-thue\/#webpage","url":"https:\/\/sayconcept.com\/arc\/goi-noi-that-can-ho-cho-thue\/","name":"G\u00f3i N\u1ed9i th\u1ea5t c\u0103n h\u1ed9 cho thu\u00ea - SAY concept","isPartOf":{"@id":"https:\/\/sayconcept.com\/arc\/#website"},"primaryImageOfPage":{"@id":"https:\/\/sayconcept.com\/arc\/goi-noi-that-can-ho-cho-thue\/#primaryimage"},"datePublished":"2019-03-28T08:41:30+00:00","dateModified":"2019-03-28T08:53:44+00:00","description":"SAY CONCEPT - Thi\u1ebft k\u1ebf Ki\u1ebfn tr\u00fac N\u1ed9i th\u1ea5t C\u00f4ng tr\u00ecnh d\u00e2n d\u1ee5ng : Nh\u00e0 ph\u1ed1, Bi\u1ec7t th\u1ef1, C\u0103n h\u1ed9 cho thu\u00ea, V\u0103n ph\u00f2ng, Qu\u00e1n c\u00e0 ph\u00ea, Nh\u00e0 h\u00e0ng ...","breadcrumb":{"@id":"https:\/\/sayconcept.com\/arc\/goi-noi-that-can-ho-cho-thue\/#breadcrumb"},"inLanguage":"en-US","potentialAction":[{"@type":"ReadAction","target":["https:\/\/sayconcept.com\/arc\/goi-noi-that-can-ho-cho-thue\/"]}]},{"@type":"BreadcrumbList","@id":"https:\/\/sayconcept.com\/arc\/goi-noi-that-can-ho-cho-thue\/#breadcrumb","itemListElement":[{"@type":"ListItem","position":1,"name":"Home","item":"https:\/\/sayconcept.com\/arc\/"},{"@type":"ListItem","position":2,"name":"G\u00f3i N\u1ed9i th\u1ea5t c\u0103n h\u1ed9 cho thu\u00ea"}]}]}},"_links":{"self":[{"href":"https:\/\/sayconcept.com\/arc\/wp-json\/wp\/v2\/pages\/4635"}],"collection":[{"href":"https:\/\/sayconcept.com\/arc\/wp-json\/wp\/v2\/pages"}],"about":[{"href":"https:\/\/sayconcept.com\/arc\/wp-json\/wp\/v2\/types\/page"}],"author":[{"embeddable":true,"href":"https:\/\/sayconcept.com\/arc\/wp-json\/wp\/v2\/users\/1"}],"replies":[{"embeddable":true,"href":"https:\/\/sayconcept.com\/arc\/wp-json\/wp\/v2\/comments?post=4635"}],"version-history":[{"count":6,"href":"https:\/\/sayconcept.com\/arc\/wp-json\/wp\/v2\/pages\/4635\/revisions"}],"predecessor-version":[{"id":4645,"href":"https:\/\/sayconcept.com\/arc\/wp-json\/wp\/v2\/pages\/4635\/revisions\/4645"}],"wp:featuredmedia":[{"embeddable":true,"href":"https:\/\/sayconcept.com\/arc\/wp-json\/wp\/v2\/media\/4599"}],"wp:attachment":[{"href":"https:\/\/sayconcept.com\/arc\/wp-json\/wp\/v2\/media?parent=4635"}],"curies":[{"name":"wp","href":"https:\/\/api.w.org\/{rel}","templated":true}]}}