{"id":4404,"date":"2019-01-05T10:51:24","date_gmt":"2019-01-05T03:51:24","guid":{"rendered":"https:\/\/sayconcept.com\/arc\/?page_id=4404"},"modified":"2019-01-05T10:58:18","modified_gmt":"2019-01-05T03:58:18","slug":"dau-tu-bat-dong-san-cho-thue","status":"publish","type":"page","link":"https:\/\/sayconcept.com\/arc\/dau-tu-bat-dong-san-cho-thue\/","title":{"rendered":"T\u01b0 v\u1ea5n \u0111\u1ea7u t\u01b0 b\u1ea5t \u0111\u1ed9ng s\u1ea3n cho thu\u00ea"},"content":{"rendered":"\t\t<div data-elementor-type=\"wp-post\" data-elementor-id=\"4404\" class=\"elementor elementor-4404 elementor-bc-flex-widget\" data-elementor-settings=\"[]\">\n\t\t\t\t\t\t<div class=\"elementor-inner\">\n\t\t\t\t\t\t\t<div class=\"elementor-section-wrap\">\n\t\t\t\t\t\t\t<section class=\"elementor-section elementor-top-section elementor-element elementor-element-2627367 elementor-section-boxed elementor-section-height-default elementor-section-height-default\" data-id=\"2627367\" data-element_type=\"section\" data-settings=\"{&quot;architecturer_ext_is_background_parallax&quot;:&quot;false&quot;,&quot;architecturer_ext_is_background_on_scroll&quot;:&quot;false&quot;}\">\n\t\t\t\t\t\t<div class=\"elementor-container elementor-column-gap-default\">\n\t\t\t\t\t\t\t<div class=\"elementor-row\">\n\t\t\t\t\t<div class=\"elementor-column elementor-col-100 elementor-top-column elementor-element elementor-element-5dd8438\" data-id=\"5dd8438\" data-element_type=\"column\" data-settings=\"{&quot;architecturer_ext_is_mobile_menu&quot;:&quot;false&quot;,&quot;architecturer_ext_is_scrollme&quot;:&quot;false&quot;,&quot;architecturer_ext_is_smoove&quot;:&quot;false&quot;,&quot;architecturer_ext_is_parallax_mouse&quot;:&quot;false&quot;,&quot;architecturer_ext_is_infinite&quot;:&quot;false&quot;,&quot;architecturer_ext_is_fadeout_animation&quot;:&quot;false&quot;}\">\n\t\t\t<div class=\"elementor-column-wrap elementor-element-populated\">\n\t\t\t\t\t\t\t<div class=\"elementor-widget-wrap\">\n\t\t\t\t\t\t<div class=\"elementor-element elementor-element-11b2d9f elementor-widget elementor-widget-photographer-slider-horizontal\" data-id=\"11b2d9f\" data-element_type=\"widget\" data-settings=\"{&quot;architecturer_ext_is_mobile_menu&quot;:&quot;false&quot;,&quot;architecturer_ext_is_scrollme&quot;:&quot;false&quot;,&quot;architecturer_ext_is_smoove&quot;:&quot;false&quot;,&quot;architecturer_ext_is_parallax_mouse&quot;:&quot;false&quot;,&quot;architecturer_ext_is_infinite&quot;:&quot;false&quot;,&quot;architecturer_ext_is_fadeout_animation&quot;:&quot;false&quot;}\" data-widget_type=\"photographer-slider-horizontal.default\">\n\t\t\t\t<div class=\"elementor-widget-container\">\n\t\t\t<div class=\"tg_horizontal_slider_wrapper\" data-autoplay=\"0\" data-loop=\"0\" data-navigation=\"1\" data-pagination=\"1\" data-fullscreen=\"0\">\n\t\t<div class=\"tg_horizontal_slider_cell\" style=\"height:700px;\">\n\t\t\t<div class=\"tg_horizontal_slider_content\" style=\"padding:40px;width:30%;\">\n\t\t\t\t<div class=\"tg_horizontal_slider_content_wrap\">\n\t\t\t\t\t<div class=\"tg_horizontal_slider_content_cell\">\n\t\t\t\t\t\t\t\t\t\t     \t\t<div class=\"tg_horizontal_slide_content_title\"><h2>Xin ch\u00e0o !<\/h2><\/div>\n\t\t\t\t     \t\t\t\t\t\t\t\t<div class=\"tg_horizontal_slide_content_desc\">Ch\u00fang t\u00f4i l\u00e0m \u0111\u01b0\u1ee3c g\u00ec cho b\u1ea1n ?\n<\/div>\n\t\t\t\t\t\t\t\t\t\t\t<\/div>\n\t\t\t\t<\/div>\n\t\t\t<\/div>\n\t\t\t\n\t\t\t\t\t\t<div class=\"tg_horizontal_slider_bg\" style=\"padding:40px;width:70%;\">\n\t\t\t\t<div class=\"tg_horizontal_slider_bg_two_cols\" style=\"background-image:url(https:\/\/sayconcept.com\/arc\/wp-content\/uploads\/2019\/01\/sayconcept-dautu-batdongsan-01.jpg);\"><\/div>\n\t\t\t\t\n\t\t\t\t<div class=\"tg_horizontal_slider_bg_two_cols last\">\n\t\t\t\t\t<div class=\"tg_horizontal_slider_bg_two_rows\" style=\"background-image:url();\"><\/div>\n\t\t\t\t\n\t\t\t\t\t<div class=\"tg_horizontal_slider_bg_two_rows last\" style=\"background-image:url();\"><\/div>\n\t\t\t\t<\/div>\n\t\t\t<\/div>\n\t\t\t\t\t\t\n\t\t<\/div>\n\t\t<div class=\"tg_horizontal_slider_cell\" style=\"height:700px;\">\n\t\t\t<div class=\"tg_horizontal_slider_content\" style=\"padding:40px;width:30%;\">\n\t\t\t\t<div class=\"tg_horizontal_slider_content_wrap\">\n\t\t\t\t\t<div class=\"tg_horizontal_slider_content_cell\">\n\t\t\t\t\t\t\t\t\t\t     \t\t<div class=\"tg_horizontal_slide_content_title\"><h2>B\u1ea1n mu\u1ed1n g\u00ec ?<\/h2><\/div>\n\t\t\t\t     \t\t\t\t\t\t\t\t<div class=\"tg_horizontal_slide_content_desc\">B\u1ea1n mu\u1ed1n x\u00e2y c\u0103n h\u1ed9 d\u1ecbch v\u1ee5 cho thu\u00ea\nT\u1ea1i n\u01a1i \u0111\u00e2y, b\u1ea1n ch\u1ec9 c\u1ea7n n\u00f3i l\u00ean \u00fd t\u01b0\u1edfng v\u00e0 \u0111\u00e3 c01 m\u1ed9t m\u1ea3nh \u0111\u1ea5t \u0111ang mu\u1ed1n x\u00e2y d\u1ef1ng\u0111\u1ec3 kinh doanh c\u0103n h\u1ed9 d\u1ecbch v\u1ee5.\nT\u1ea5t c\u1ea3 m\u1ecdi c\u00f4ng vi\u1ec7c c\u00f2n l\u1ea1i \u0111\u00e3 c\u00f3 \u0111\u1ed9i ngu4cua3 ch\u00fang t\u00f4i c\u00e1ng \u0111\u00e1ng thay b\u1ea1n.\n<\/div>\n\t\t\t\t\t\t\t\t\t\t\t<\/div>\n\t\t\t\t<\/div>\n\t\t\t<\/div>\n\t\t\t\n\t\t\t\t\t\t<div class=\"tg_horizontal_slider_bg\" style=\"padding:40px;width:70%;\">\n\t\t\t\t<div class=\"tg_horizontal_slider_bg_two_cols\" style=\"background-image:url(https:\/\/sayconcept.com\/arc\/wp-content\/uploads\/2019\/01\/sayconcept-dautu-batdongsan-02.jpg);\"><\/div>\n\t\t\t\t\n\t\t\t\t<div class=\"tg_horizontal_slider_bg_two_cols last\">\n\t\t\t\t\t<div class=\"tg_horizontal_slider_bg_two_rows\" style=\"background-image:url();\"><\/div>\n\t\t\t\t\n\t\t\t\t\t<div class=\"tg_horizontal_slider_bg_two_rows last\" style=\"background-image:url();\"><\/div>\n\t\t\t\t<\/div>\n\t\t\t<\/div>\n\t\t\t\t\t\t\n\t\t<\/div>\n\t\t<div class=\"tg_horizontal_slider_cell\" style=\"height:700px;\">\n\t\t\t<div class=\"tg_horizontal_slider_content\" style=\"padding:40px;width:30%;\">\n\t\t\t\t<div class=\"tg_horizontal_slider_content_wrap\">\n\t\t\t\t\t<div class=\"tg_horizontal_slider_content_cell\">\n\t\t\t\t\t\t\t\t\t\t     \t\t<div class=\"tg_horizontal_slide_content_title\"><h2>L\u00e0m th\u1ebf n\u00e0o.<\/h2><\/div>\n\t\t\t\t     \t\t\t\t\t\t\t\t<div class=\"tg_horizontal_slide_content_desc\">Ch\u00fang t\u00f4i l\u00e0m th\u1ebf n\u00e0o.\n\n-T\u00ednh to\u00e1n chi ph\u00ed gi\u00fap b\u1ea1n.\nD\u1ef1 t\u00ednh ch\u00ednh x\u00e1c chi ph\u00ed \u0111\u1ea7u t\u01b0 ngay t\u1eeb \u0111\u1ea7u.\n\n-Thi\u1ebft k\u1ebf thi c\u00f4ng gi\u00fap b\u1ea1n\n\u0110\u1ea3m b\u1ea3o ng\u00f4i nh\u00e0 \u0111\u00e1p u7ng1dung1 nhu c\u1ea7u cho thu\u00ea.\n\n-T\u00ecm kh\u00e1ch thu\u00ea gi\u00fap b\u1ea1n\nCam k\u1ebft l\u1eafp \u0111\u1ea7y kh\u00e1ch sau khi ho\u00e0n th\u00e0nh d\u1ef1 \u00e1n.<\/div>\n\t\t\t\t\t\t\t\t\t\t\t<\/div>\n\t\t\t\t<\/div>\n\t\t\t<\/div>\n\t\t\t\n\t\t\t\t\t\t<div class=\"tg_horizontal_slider_bg\" style=\"padding:40px;width:70%;\">\n\t\t\t\t<div class=\"tg_horizontal_slider_bg_two_cols\" style=\"background-image:url(https:\/\/sayconcept.com\/arc\/wp-content\/uploads\/2019\/01\/sayconcept-dautu-batdongsan-03.png);\"><\/div>\n\t\t\t\t\n\t\t\t\t<div class=\"tg_horizontal_slider_bg_two_cols last\">\n\t\t\t\t\t<div class=\"tg_horizontal_slider_bg_two_rows\" style=\"background-image:url();\"><\/div>\n\t\t\t\t\n\t\t\t\t\t<div class=\"tg_horizontal_slider_bg_two_rows last\" style=\"background-image:url();\"><\/div>\n\t\t\t\t<\/div>\n\t\t\t<\/div>\n\t\t\t\t\t\t\n\t\t<\/div>\n\t\t<div class=\"tg_horizontal_slider_cell\" style=\"height:700px;\">\n\t\t\t<div class=\"tg_horizontal_slider_content\" style=\"padding:40px;width:30%;\">\n\t\t\t\t<div class=\"tg_horizontal_slider_content_wrap\">\n\t\t\t\t\t<div class=\"tg_horizontal_slider_content_cell\">\n\t\t\t\t\t\t\t\t\t\t     \t\t<div class=\"tg_horizontal_slide_content_title\"><h2>V\u00ec sao l\u00e0m \u0111\u01b0\u1ee3c<\/h2><\/div>\n\t\t\t\t     \t\t\t\t\t\t\t\t<div class=\"tg_horizontal_slide_content_desc\">Ch\u00fang t\u00f4i l\u00e0 nh\u1eefng ki\u1ebfn tr\u00fac s\u01b0 - k\u1ef9 s\u01b0 x\u00e2y d\u1ef1ng - m\u00f4i gi\u1edbi b\u1ea5t \u0111\u1ed9ng s\u1ea3n ch\u1ec9 ch\u1ecdn duy nh\u1ea5t l\u0129nh v\u1ef1c nh\u00e0 \u0111\u1ec3 kinh doanh c\u0103n h\u1ed9 d\u1ecbch v\u1ee5.\nHi\u1ec7n chung t\u00f4i \u0111ang qu\u1ea3n l\u00fd thi\u1ebft k\u1ebf - thi c\u00f4ng v\u00e0 m\u00f4i gi\u1edbi h\u00e0ng ch\u1ee5c ng\u00f4i nh\u00e0 , \u0111\u1ea5t ... cho ng\u01b0\u1eddi Vi\u1ec7t v\u00e0 ng\u01b0\u1eddi n\u01b0\u1edbc ngo\u00e0i.<\/div>\n\t\t\t\t\t\t\t\t\t\t\t<\/div>\n\t\t\t\t<\/div>\n\t\t\t<\/div>\n\t\t\t\n\t\t\t\t\t\t<div class=\"tg_horizontal_slider_bg\" style=\"padding:40px;width:70%;\">\n\t\t\t\t<div class=\"tg_horizontal_slider_bg_two_cols\" style=\"background-image:url(https:\/\/sayconcept.com\/arc\/wp-content\/uploads\/2019\/01\/sayconcept-dautu-batdongsan-04.jpg);\"><\/div>\n\t\t\t\t\n\t\t\t\t<div class=\"tg_horizontal_slider_bg_two_cols last\">\n\t\t\t\t\t<div class=\"tg_horizontal_slider_bg_two_rows\" style=\"background-image:url();\"><\/div>\n\t\t\t\t\n\t\t\t\t\t<div class=\"tg_horizontal_slider_bg_two_rows last\" style=\"background-image:url();\"><\/div>\n\t\t\t\t<\/div>\n\t\t\t<\/div>\n\t\t\t\t\t\t\n\t\t<\/div>\n\t\t<div class=\"tg_horizontal_slider_cell\" style=\"height:700px;\">\n\t\t\t<div class=\"tg_horizontal_slider_content\" style=\"padding:40px;width:30%;\">\n\t\t\t\t<div class=\"tg_horizontal_slider_content_wrap\">\n\t\t\t\t\t<div class=\"tg_horizontal_slider_content_cell\">\n\t\t\t\t\t\t\t\t\t\t     \t\t<div class=\"tg_horizontal_slide_content_title\"><h2>T\u1ea1i sao ?<\/h2><\/div>\n\t\t\t\t     \t\t\t\t\t\t\t\t<div class=\"tg_horizontal_slide_content_desc\">T\u1ea1i sao b\u1ea1n c\u1ea7n ch\u00fang t\u00f4i !<\/div>\n\t\t\t\t\t\t\t\t\t\t\t<\/div>\n\t\t\t\t<\/div>\n\t\t\t<\/div>\n\t\t\t\n\t\t\t\t\t\t<div class=\"tg_horizontal_slider_bg\" style=\"padding:40px;width:70%;\">\n\t\t\t\t<div class=\"tg_horizontal_slider_bg_two_cols\" style=\"background-image:url(https:\/\/sayconcept.com\/arc\/wp-content\/uploads\/2019\/01\/sayconcept-dautu-batdongsan-05.jpg);\"><\/div>\n\t\t\t\t\n\t\t\t\t<div class=\"tg_horizontal_slider_bg_two_cols last\">\n\t\t\t\t\t<div class=\"tg_horizontal_slider_bg_two_rows\" style=\"background-image:url();\"><\/div>\n\t\t\t\t\n\t\t\t\t\t<div class=\"tg_horizontal_slider_bg_two_rows last\" style=\"background-image:url();\"><\/div>\n\t\t\t\t<\/div>\n\t\t\t<\/div>\n\t\t\t\t\t\t\n\t\t<\/div>\n\t\t<div class=\"tg_horizontal_slider_cell\" style=\"height:700px;\">\n\t\t\t<div class=\"tg_horizontal_slider_content\" style=\"padding:40px;width:30%;\">\n\t\t\t\t<div class=\"tg_horizontal_slider_content_wrap\">\n\t\t\t\t\t<div class=\"tg_horizontal_slider_content_cell\">\n\t\t\t\t\t\t\t\t\t\t     \t\t<div class=\"tg_horizontal_slide_content_title\"><h2>Tr\u1ea3 l\u1eddi nh\u00e9 !<\/h2><\/div>\n\t\t\t\t     \t\t\t\t\t\t\t\t<div class=\"tg_horizontal_slide_content_desc\">Kinh nghi\u1ec7m\nCh\u1eafc ch\u1eafn l\u00e0 \u0111i\u1ec1u b\u1ea1n ch\u01b0a c\u00f3 n\u1ebfu \u0111\u00e2y l\u00e0 d\u1ef1 \u00e1n \u0111\u1ea7u ti\u00ean c\u1ee7a b\u1ea1n.\n\nN\u0103ng l\u1ef1c\nCh\u00fang t\u00f4i \u0111\u00e3 v\u00e0 \u0111ang t\u1ef1 l\u00e0m m\u1ecdi vi\u1ec7c t\u1eeb t\u00ednh to\u00e1n chi ph\u00ed, thi\u1ebft k\u1ebf, x\u00e2y d\u1ef1ng v\u00e0 qu\u1ea3n l\u00fd , m\u00f4i gi\u1edbi nh\u00e0 cho thu\u00ea n\u00ean h\u01a1n ai h\u1ebft, ch\u00fang t\u00f4i hi\u1ec3u m\u1ed1i lo c\u1ee7a b\u1ea1n l\u00e0 g\u00ec.\n\nTr\u00e1ch nhi\u1ec7m\nTo\u00e0n b\u1ed9 r\u1ee7i ro c\u1ee7a d\u1ef1 \u00e1n \u0111\u1ec1u \u0111\u01b0\u1ee3c ch\u00fang t\u00f4i g\u00e1nh v\u00e1c th\u00f4ng qua h\u00ecnh th\u1ee9c bao ti\u00eau \u0111\u1ea7u ra.\n<\/div>\n\t\t\t\t\t\t\t\t\t\t\t<\/div>\n\t\t\t\t<\/div>\n\t\t\t<\/div>\n\t\t\t\n\t\t\t\t\t\t<div class=\"tg_horizontal_slider_bg\" style=\"padding:40px;width:70%;\">\n\t\t\t\t<div class=\"tg_horizontal_slider_bg_two_cols\" style=\"background-image:url(https:\/\/sayconcept.com\/arc\/wp-content\/uploads\/2019\/01\/sayconcept-dautu-batdongsan-06.png);\"><\/div>\n\t\t\t\t\n\t\t\t\t<div class=\"tg_horizontal_slider_bg_two_cols last\">\n\t\t\t\t\t<div class=\"tg_horizontal_slider_bg_two_rows\" style=\"background-image:url();\"><\/div>\n\t\t\t\t\n\t\t\t\t\t<div class=\"tg_horizontal_slider_bg_two_rows last\" style=\"background-image:url();\"><\/div>\n\t\t\t\t<\/div>\n\t\t\t<\/div>\n\t\t\t\t\t\t\n\t\t<\/div>\n\t\t<div class=\"tg_horizontal_slider_cell\" style=\"height:700px;\">\n\t\t\t<div class=\"tg_horizontal_slider_content\" style=\"padding:40px;width:30%;\">\n\t\t\t\t<div class=\"tg_horizontal_slider_content_wrap\">\n\t\t\t\t\t<div class=\"tg_horizontal_slider_content_cell\">\n\t\t\t\t\t\t\t\t\t\t     \t\t<div class=\"tg_horizontal_slide_content_title\"><h2>B\u1eaft \u0111\u1ea7u th\u1ebf n\u00e0o<\/h2><\/div>\n\t\t\t\t     \t\t\t\t\t\t\t\t<div class=\"tg_horizontal_slide_content_desc\">Ch\u00fang ta s\u1ebd b\u1eaft \u0111\u1ea7u t\u1eeb \u0111\u00e2y:\n\nL\u00e0m g\u00ec \u0111\u1ec3 chu\u1ea9n b\u1ecb tr\u01b0\u1edbc khi b\u1eaft \u0111\u1ea7u x\u00e2y d\u1ef1ng nh\u00e0 cho thu\u00ea.\nhttps:\/\/sayconcept.com\/arc\/tu-van-dau-tu-nha-cho-thue\n\nThi\u1ebft k\u1ebf x\u00e2y d\u1ef1ng nh\u00e0 cho thu\u00ea th\u00ec c\u00f3 g\u00ec kh\u00e1c bi\u1ec7t\nhttps:\/\/sayconcept.com\/arc\/tu-van-thiet-ke\n\nBao ti\u00eau \u0111\u1ea7u ra l\u00e0 nh\u01b0 th\u1ebf n\u00e0o\nhttps:\/\/sayconcept.com\/arc\/quan-ly-bat-dong-san<\/div>\n\t\t\t\t\t\t\t\t\t\t\t<\/div>\n\t\t\t\t<\/div>\n\t\t\t<\/div>\n\t\t\t\n\t\t\t\t\t\t<div class=\"tg_horizontal_slider_bg\" style=\"padding:40px;width:70%;\">\n\t\t\t\t<div class=\"tg_horizontal_slider_bg_two_cols\" style=\"background-image:url(https:\/\/sayconcept.com\/arc\/wp-content\/uploads\/2019\/01\/sayconcept-dautu-batdongsan-07.jpg);\"><\/div>\n\t\t\t\t\n\t\t\t\t<div class=\"tg_horizontal_slider_bg_two_cols last\">\n\t\t\t\t\t<div class=\"tg_horizontal_slider_bg_two_rows\" style=\"background-image:url();\"><\/div>\n\t\t\t\t\n\t\t\t\t\t<div class=\"tg_horizontal_slider_bg_two_rows last\" style=\"background-image:url();\"><\/div>\n\t\t\t\t<\/div>\n\t\t\t<\/div>\n\t\t\t\t\t\t\n\t\t<\/div>\n\t\t<div class=\"tg_horizontal_slider_cell\" style=\"height:700px;\">\n\t\t\t<div class=\"tg_horizontal_slider_content\" style=\"padding:40px;width:30%;\">\n\t\t\t\t<div class=\"tg_horizontal_slider_content_wrap\">\n\t\t\t\t\t<div class=\"tg_horizontal_slider_content_cell\">\n\t\t\t\t\t\t\t\t\t\t     \t\t<div class=\"tg_horizontal_slide_content_title\"><h2>Nh\u1edb nh\u00e9<\/h2><\/div>\n\t\t\t\t     \t\t\t\t\t\t\t\t<div class=\"tg_horizontal_slide_content_desc\">Nh\u00e0 l\u00e0 n\u01a1i b\u1eaft \u0111\u1ea7u c\u1ee7a nh\u1eefng gi\u1ea5c m\u01a1 v\u00e0 hy v\u1ecdng<\/div>\n\t\t\t\t\t\t\t\t\t\t\t<\/div>\n\t\t\t\t<\/div>\n\t\t\t<\/div>\n\t\t\t\n\t\t\t\t\t\t<div class=\"tg_horizontal_slider_bg\" style=\"padding:40px;width:70%;\">\n\t\t\t\t<div class=\"tg_horizontal_slider_bg_two_cols\" style=\"background-image:url(https:\/\/sayconcept.com\/arc\/wp-content\/uploads\/2019\/01\/sayconcept-dautu-batdongsan-08.png);\"><\/div>\n\t\t\t\t\n\t\t\t\t<div class=\"tg_horizontal_slider_bg_two_cols last\">\n\t\t\t\t\t<div class=\"tg_horizontal_slider_bg_two_rows\" style=\"background-image:url();\"><\/div>\n\t\t\t\t\n\t\t\t\t\t<div class=\"tg_horizontal_slider_bg_two_rows last\" style=\"background-image:url();\"><\/div>\n\t\t\t\t<\/div>\n\t\t\t<\/div>\n\t\t\t\t\t\t\n\t\t<\/div>\n\t\t<div class=\"tg_horizontal_slider_cell\" style=\"height:700px;\">\n\t\t\t<div class=\"tg_horizontal_slider_content\" style=\"padding:40px;width:30%;\">\n\t\t\t\t<div class=\"tg_horizontal_slider_content_wrap\">\n\t\t\t\t\t<div class=\"tg_horizontal_slider_content_cell\">\n\t\t\t\t\t\t\t\t\t\t     \t\t<div class=\"tg_horizontal_slide_content_title\"><h2>C\u1ea3m \u01a1n<\/h2><\/div>\n\t\t\t\t     \t\t\t\t\t\t\t\t<div class=\"tg_horizontal_slide_content_desc\">Suy ngh\u0129 v\u00e0 g\u1ecdi cho ch\u00fang t\u00f4i\nSayconcept - 0813 138 168<\/div>\n\t\t\t\t\t\t\t\t\t\t\t<\/div>\n\t\t\t\t<\/div>\n\t\t\t<\/div>\n\t\t\t\n\t\t\t\t\t\t<div class=\"tg_horizontal_slider_bg\" style=\"padding:40px;width:70%;\">\n\t\t\t\t<div class=\"tg_horizontal_slider_bg_two_cols\" style=\"background-image:url(https:\/\/sayconcept.com\/arc\/wp-content\/uploads\/2019\/01\/sayconcept-dautu-batdongsan-09.jpg);\"><\/div>\n\t\t\t\t\n\t\t\t\t<div class=\"tg_horizontal_slider_bg_two_cols last\">\n\t\t\t\t\t<div class=\"tg_horizontal_slider_bg_two_rows\" style=\"background-image:url();\"><\/div>\n\t\t\t\t\n\t\t\t\t\t<div class=\"tg_horizontal_slider_bg_two_rows last\" style=\"background-image:url();\"><\/div>\n\t\t\t\t<\/div>\n\t\t\t<\/div>\n\t\t\t\t\t\t\n\t\t<\/div>\n<\/div>\n\t\t<\/div>\n\t\t\t\t<\/div>\n\t\t\t\t\t\t<\/div>\n\t\t\t\t\t<\/div>\n\t\t<\/div>\n\t\t\t\t\t\t\t\t<\/div>\n\t\t\t\t\t<\/div>\n\t\t<\/section>\n\t\t\t\t\t\t<\/div>\n\t\t\t\t\t\t<\/div>\n\t\t\t\t\t<\/div>\n\t\t","protected":false},"excerpt":{"rendered":"<p>Xin ch\u00e0o ! Ch\u00fang t\u00f4i l\u00e0m \u0111\u01b0\u1ee3c g\u00ec cho b\u1ea1n ? B\u1ea1n mu\u1ed1n g\u00ec ? B\u1ea1n mu\u1ed1n x\u00e2y c\u0103n h\u1ed9 d\u1ecbch v\u1ee5 cho thu\u00ea T\u1ea1i n\u01a1i \u0111\u00e2y, b\u1ea1n ch\u1ec9 c\u1ea7n n\u00f3i l\u00ean \u00fd t\u01b0\u1edfng v\u00e0 \u0111\u00e3 c01 m\u1ed9t m\u1ea3nh \u0111\u1ea5t [&hellip;]<\/p>\n","protected":false},"author":1,"featured_media":4414,"parent":0,"menu_order":0,"comment_status":"closed","ping_status":"closed","template":"","meta":[],"yoast_head":"<!-- This site is optimized with the Yoast SEO plugin v17.8 - https:\/\/yoast.com\/wordpress\/plugins\/seo\/ -->\n<title>T\u01b0 v\u1ea5n \u0111\u1ea7u t\u01b0 b\u1ea5t \u0111\u1ed9ng s\u1ea3n cho thu\u00ea - SAY concept<\/title>\n<meta name=\"description\" content=\"SAY CONCEPT - Thi\u1ebft k\u1ebf Ki\u1ebfn tr\u00fac N\u1ed9i th\u1ea5t C\u1ea3nh quang c\u00f4ng tr\u00ecnh d\u00e2n d\u1ee5ng - T\u01b0 v\u1ea5n \u0111\u1ea7u t\u01b0 - v\u1eadn h\u00e0nh b\u1ea5t \u0111\u1ed9ng s\u1ea3n cho thu\u00ea.\" \/>\n<meta name=\"robots\" content=\"index, follow, max-snippet:-1, max-image-preview:large, max-video-preview:-1\" \/>\n<link rel=\"canonical\" href=\"https:\/\/sayconcept.com\/arc\/dau-tu-bat-dong-san-cho-thue\/\" \/>\n<meta property=\"og:locale\" content=\"en_US\" \/>\n<meta property=\"og:type\" content=\"article\" \/>\n<meta property=\"og:title\" content=\"T\u01b0 v\u1ea5n \u0111\u1ea7u t\u01b0 b\u1ea5t \u0111\u1ed9ng s\u1ea3n cho thu\u00ea - SAY concept\" \/>\n<meta property=\"og:description\" content=\"SAY CONCEPT - Thi\u1ebft k\u1ebf Ki\u1ebfn tr\u00fac N\u1ed9i th\u1ea5t C\u1ea3nh quang c\u00f4ng tr\u00ecnh d\u00e2n d\u1ee5ng - T\u01b0 v\u1ea5n \u0111\u1ea7u t\u01b0 - v\u1eadn h\u00e0nh b\u1ea5t \u0111\u1ed9ng s\u1ea3n cho thu\u00ea.\" \/>\n<meta property=\"og:url\" content=\"https:\/\/sayconcept.com\/arc\/dau-tu-bat-dong-san-cho-thue\/\" \/>\n<meta property=\"og:site_name\" content=\"SAY concept\" \/>\n<meta property=\"article:publisher\" content=\"https:\/\/www.facebook.com\/Sayconcept\/\" \/>\n<meta property=\"article:modified_time\" content=\"2019-01-05T03:58:18+00:00\" \/>\n<meta property=\"og:image\" content=\"https:\/\/sayconcept.com\/arc\/wp-content\/uploads\/2019\/01\/sayconcept-dautu-batdongsan-08.png\" \/>\n\t<meta property=\"og:image:width\" content=\"1024\" \/>\n\t<meta property=\"og:image:height\" content=\"768\" \/>\n<meta name=\"twitter:card\" content=\"summary_large_image\" \/>\n<meta name=\"twitter:label1\" content=\"Est. reading time\" \/>\n\t<meta name=\"twitter:data1\" content=\"3 minutes\" \/>\n<script type=\"application\/ld+json\" class=\"yoast-schema-graph\">{\"@context\":\"https:\/\/schema.org\",\"@graph\":[{\"@type\":\"WebSite\",\"@id\":\"https:\/\/sayconcept.com\/arc\/#website\",\"url\":\"https:\/\/sayconcept.com\/arc\/\",\"name\":\"SAY concept\",\"description\":\"Thi\\u1ebft k\\u1ebf kh\\u00f4ng gian s\\u1ed1ng\",\"potentialAction\":[{\"@type\":\"SearchAction\",\"target\":{\"@type\":\"EntryPoint\",\"urlTemplate\":\"https:\/\/sayconcept.com\/arc\/?s={search_term_string}\"},\"query-input\":\"required name=search_term_string\"}],\"inLanguage\":\"en-US\"},{\"@type\":\"ImageObject\",\"@id\":\"https:\/\/sayconcept.com\/arc\/dau-tu-bat-dong-san-cho-thue\/#primaryimage\",\"inLanguage\":\"en-US\",\"url\":\"https:\/\/sayconcept.com\/arc\/wp-content\/uploads\/2019\/01\/sayconcept-dautu-batdongsan-08.png\",\"contentUrl\":\"https:\/\/sayconcept.com\/arc\/wp-content\/uploads\/2019\/01\/sayconcept-dautu-batdongsan-08.png\",\"width\":1024,\"height\":768,\"caption\":\"Nh\\u00e0 l\\u00e0 n\\u01a1i b\\u1eaft \\u0111\\u1ea7u c\\u1ee7a nh\\u1eefng gi\\u1ea5c m\\u01a1 v\\u00e0 hy v\\u1ecdng\"},{\"@type\":\"WebPage\",\"@id\":\"https:\/\/sayconcept.com\/arc\/dau-tu-bat-dong-san-cho-thue\/#webpage\",\"url\":\"https:\/\/sayconcept.com\/arc\/dau-tu-bat-dong-san-cho-thue\/\",\"name\":\"T\\u01b0 v\\u1ea5n \\u0111\\u1ea7u t\\u01b0 b\\u1ea5t \\u0111\\u1ed9ng s\\u1ea3n cho thu\\u00ea - SAY concept\",\"isPartOf\":{\"@id\":\"https:\/\/sayconcept.com\/arc\/#website\"},\"primaryImageOfPage\":{\"@id\":\"https:\/\/sayconcept.com\/arc\/dau-tu-bat-dong-san-cho-thue\/#primaryimage\"},\"datePublished\":\"2019-01-05T03:51:24+00:00\",\"dateModified\":\"2019-01-05T03:58:18+00:00\",\"description\":\"SAY CONCEPT - Thi\\u1ebft k\\u1ebf Ki\\u1ebfn tr\\u00fac N\\u1ed9i th\\u1ea5t C\\u1ea3nh quang c\\u00f4ng tr\\u00ecnh d\\u00e2n d\\u1ee5ng - T\\u01b0 v\\u1ea5n \\u0111\\u1ea7u t\\u01b0 - v\\u1eadn h\\u00e0nh b\\u1ea5t \\u0111\\u1ed9ng s\\u1ea3n cho thu\\u00ea.\",\"breadcrumb\":{\"@id\":\"https:\/\/sayconcept.com\/arc\/dau-tu-bat-dong-san-cho-thue\/#breadcrumb\"},\"inLanguage\":\"en-US\",\"potentialAction\":[{\"@type\":\"ReadAction\",\"target\":[\"https:\/\/sayconcept.com\/arc\/dau-tu-bat-dong-san-cho-thue\/\"]}]},{\"@type\":\"BreadcrumbList\",\"@id\":\"https:\/\/sayconcept.com\/arc\/dau-tu-bat-dong-san-cho-thue\/#breadcrumb\",\"itemListElement\":[{\"@type\":\"ListItem\",\"position\":1,\"name\":\"Home\",\"item\":\"https:\/\/sayconcept.com\/arc\/\"},{\"@type\":\"ListItem\",\"position\":2,\"name\":\"T\\u01b0 v\\u1ea5n \\u0111\\u1ea7u t\\u01b0 b\\u1ea5t \\u0111\\u1ed9ng s\\u1ea3n cho thu\\u00ea\"}]}]}<\/script>\n<!-- \/ Yoast SEO plugin. -->","yoast_head_json":{"title":"T\u01b0 v\u1ea5n \u0111\u1ea7u t\u01b0 b\u1ea5t \u0111\u1ed9ng s\u1ea3n cho thu\u00ea - SAY concept","description":"SAY CONCEPT - Thi\u1ebft k\u1ebf Ki\u1ebfn tr\u00fac N\u1ed9i th\u1ea5t C\u1ea3nh quang c\u00f4ng tr\u00ecnh d\u00e2n d\u1ee5ng - T\u01b0 v\u1ea5n \u0111\u1ea7u t\u01b0 - v\u1eadn h\u00e0nh b\u1ea5t \u0111\u1ed9ng s\u1ea3n cho thu\u00ea.","robots":{"index":"index","follow":"follow","max-snippet":"max-snippet:-1","max-image-preview":"max-image-preview:large","max-video-preview":"max-video-preview:-1"},"canonical":"https:\/\/sayconcept.com\/arc\/dau-tu-bat-dong-san-cho-thue\/","og_locale":"en_US","og_type":"article","og_title":"T\u01b0 v\u1ea5n \u0111\u1ea7u t\u01b0 b\u1ea5t \u0111\u1ed9ng s\u1ea3n cho thu\u00ea - SAY concept","og_description":"SAY CONCEPT - Thi\u1ebft k\u1ebf Ki\u1ebfn tr\u00fac N\u1ed9i th\u1ea5t C\u1ea3nh quang c\u00f4ng tr\u00ecnh d\u00e2n d\u1ee5ng - T\u01b0 v\u1ea5n \u0111\u1ea7u t\u01b0 - v\u1eadn h\u00e0nh b\u1ea5t \u0111\u1ed9ng s\u1ea3n cho thu\u00ea.","og_url":"https:\/\/sayconcept.com\/arc\/dau-tu-bat-dong-san-cho-thue\/","og_site_name":"SAY concept","article_publisher":"https:\/\/www.facebook.com\/Sayconcept\/","article_modified_time":"2019-01-05T03:58:18+00:00","og_image":[{"width":1024,"height":768,"url":"https:\/\/sayconcept.com\/arc\/wp-content\/uploads\/2019\/01\/sayconcept-dautu-batdongsan-08.png","type":"image\/png"}],"twitter_card":"summary_large_image","twitter_misc":{"Est. reading time":"3 minutes"},"schema":{"@context":"https:\/\/schema.org","@graph":[{"@type":"WebSite","@id":"https:\/\/sayconcept.com\/arc\/#website","url":"https:\/\/sayconcept.com\/arc\/","name":"SAY concept","description":"Thi\u1ebft k\u1ebf kh\u00f4ng gian s\u1ed1ng","potentialAction":[{"@type":"SearchAction","target":{"@type":"EntryPoint","urlTemplate":"https:\/\/sayconcept.com\/arc\/?s={search_term_string}"},"query-input":"required name=search_term_string"}],"inLanguage":"en-US"},{"@type":"ImageObject","@id":"https:\/\/sayconcept.com\/arc\/dau-tu-bat-dong-san-cho-thue\/#primaryimage","inLanguage":"en-US","url":"https:\/\/sayconcept.com\/arc\/wp-content\/uploads\/2019\/01\/sayconcept-dautu-batdongsan-08.png","contentUrl":"https:\/\/sayconcept.com\/arc\/wp-content\/uploads\/2019\/01\/sayconcept-dautu-batdongsan-08.png","width":1024,"height":768,"caption":"Nh\u00e0 l\u00e0 n\u01a1i b\u1eaft \u0111\u1ea7u c\u1ee7a nh\u1eefng gi\u1ea5c m\u01a1 v\u00e0 hy v\u1ecdng"},{"@type":"WebPage","@id":"https:\/\/sayconcept.com\/arc\/dau-tu-bat-dong-san-cho-thue\/#webpage","url":"https:\/\/sayconcept.com\/arc\/dau-tu-bat-dong-san-cho-thue\/","name":"T\u01b0 v\u1ea5n \u0111\u1ea7u t\u01b0 b\u1ea5t \u0111\u1ed9ng s\u1ea3n cho thu\u00ea - SAY concept","isPartOf":{"@id":"https:\/\/sayconcept.com\/arc\/#website"},"primaryImageOfPage":{"@id":"https:\/\/sayconcept.com\/arc\/dau-tu-bat-dong-san-cho-thue\/#primaryimage"},"datePublished":"2019-01-05T03:51:24+00:00","dateModified":"2019-01-05T03:58:18+00:00","description":"SAY CONCEPT - Thi\u1ebft k\u1ebf Ki\u1ebfn tr\u00fac N\u1ed9i th\u1ea5t C\u1ea3nh quang c\u00f4ng tr\u00ecnh d\u00e2n d\u1ee5ng - T\u01b0 v\u1ea5n \u0111\u1ea7u t\u01b0 - v\u1eadn h\u00e0nh b\u1ea5t \u0111\u1ed9ng s\u1ea3n cho thu\u00ea.","breadcrumb":{"@id":"https:\/\/sayconcept.com\/arc\/dau-tu-bat-dong-san-cho-thue\/#breadcrumb"},"inLanguage":"en-US","potentialAction":[{"@type":"ReadAction","target":["https:\/\/sayconcept.com\/arc\/dau-tu-bat-dong-san-cho-thue\/"]}]},{"@type":"BreadcrumbList","@id":"https:\/\/sayconcept.com\/arc\/dau-tu-bat-dong-san-cho-thue\/#breadcrumb","itemListElement":[{"@type":"ListItem","position":1,"name":"Home","item":"https:\/\/sayconcept.com\/arc\/"},{"@type":"ListItem","position":2,"name":"T\u01b0 v\u1ea5n \u0111\u1ea7u t\u01b0 b\u1ea5t \u0111\u1ed9ng s\u1ea3n cho thu\u00ea"}]}]}},"_links":{"self":[{"href":"https:\/\/sayconcept.com\/arc\/wp-json\/wp\/v2\/pages\/4404"}],"collection":[{"href":"https:\/\/sayconcept.com\/arc\/wp-json\/wp\/v2\/pages"}],"about":[{"href":"https:\/\/sayconcept.com\/arc\/wp-json\/wp\/v2\/types\/page"}],"author":[{"embeddable":true,"href":"https:\/\/sayconcept.com\/arc\/wp-json\/wp\/v2\/users\/1"}],"replies":[{"embeddable":true,"href":"https:\/\/sayconcept.com\/arc\/wp-json\/wp\/v2\/comments?post=4404"}],"version-history":[{"count":4,"href":"https:\/\/sayconcept.com\/arc\/wp-json\/wp\/v2\/pages\/4404\/revisions"}],"predecessor-version":[{"id":4419,"href":"https:\/\/sayconcept.com\/arc\/wp-json\/wp\/v2\/pages\/4404\/revisions\/4419"}],"wp:featuredmedia":[{"embeddable":true,"href":"https:\/\/sayconcept.com\/arc\/wp-json\/wp\/v2\/media\/4414"}],"wp:attachment":[{"href":"https:\/\/sayconcept.com\/arc\/wp-json\/wp\/v2\/media?parent=4404"}],"curies":[{"name":"wp","href":"https:\/\/api.w.org\/{rel}","templated":true}]}}