{"id":3069,"date":"2018-09-30T12:03:53","date_gmt":"2018-09-30T05:03:53","guid":{"rendered":"https:\/\/sayconcept.com\/arc\/?page_id=3069"},"modified":"2018-09-30T20:32:03","modified_gmt":"2018-09-30T13:32:03","slug":"nha-hang-au-co","status":"publish","type":"page","link":"https:\/\/sayconcept.com\/arc\/nha-hang-au-co\/","title":{"rendered":"D\u1ef0 \u00c1N  |  Nh\u00e0 h\u00e0ng Ti\u1ec7c c\u01b0\u1edbi \u00c2u C\u01a1"},"content":{"rendered":"\t\t<div data-elementor-type=\"wp-post\" data-elementor-id=\"3069\" class=\"elementor elementor-3069 elementor-bc-flex-widget\" data-elementor-settings=\"[]\">\n\t\t\t\t\t\t<div class=\"elementor-inner\">\n\t\t\t\t\t\t\t<div class=\"elementor-section-wrap\">\n\t\t\t\t\t\t\t<section class=\"elementor-section elementor-top-section elementor-element elementor-element-f5eb2ea elementor-section-stretched elementor-section-height-min-height elementor-section-boxed elementor-section-height-default elementor-section-items-middle\" data-id=\"f5eb2ea\" data-element_type=\"section\" data-settings=\"{&quot;stretch_section&quot;:&quot;section-stretched&quot;,&quot;background_background&quot;:&quot;classic&quot;,&quot;architecturer_ext_is_background_parallax&quot;:&quot;false&quot;,&quot;architecturer_ext_is_background_on_scroll&quot;:&quot;false&quot;}\">\n\t\t\t\t\t\t<div class=\"elementor-container elementor-column-gap-default\">\n\t\t\t\t\t\t\t<div class=\"elementor-row\">\n\t\t\t\t\t<div class=\"elementor-column elementor-col-100 elementor-top-column elementor-element elementor-element-5d068e1a\" data-id=\"5d068e1a\" data-element_type=\"column\" data-settings=\"{&quot;architecturer_ext_is_mobile_menu&quot;:&quot;false&quot;,&quot;architecturer_ext_is_scrollme&quot;:&quot;false&quot;,&quot;architecturer_ext_is_smoove&quot;:&quot;false&quot;,&quot;architecturer_ext_is_parallax_mouse&quot;:&quot;false&quot;,&quot;architecturer_ext_is_infinite&quot;:&quot;false&quot;,&quot;architecturer_ext_is_fadeout_animation&quot;:&quot;false&quot;}\">\n\t\t\t<div class=\"elementor-column-wrap\">\n\t\t\t\t\t\t\t<div class=\"elementor-widget-wrap\">\n\t\t\t\t\t\t\t\t<\/div>\n\t\t\t\t\t<\/div>\n\t\t<\/div>\n\t\t\t\t\t\t\t\t<\/div>\n\t\t\t\t\t<\/div>\n\t\t<\/section>\n\t\t\t\t<section class=\"elementor-section elementor-top-section elementor-element elementor-element-9be1e3b elementor-section-boxed elementor-section-height-default elementor-section-height-default\" data-id=\"9be1e3b\" data-element_type=\"section\" data-settings=\"{&quot;architecturer_ext_is_background_parallax&quot;:&quot;false&quot;,&quot;architecturer_ext_is_background_on_scroll&quot;:&quot;false&quot;}\">\n\t\t\t\t\t\t<div class=\"elementor-container elementor-column-gap-default\">\n\t\t\t\t\t\t\t<div class=\"elementor-row\">\n\t\t\t\t\t<div class=\"elementor-column elementor-col-100 elementor-top-column elementor-element elementor-element-43ababe9\" data-id=\"43ababe9\" data-element_type=\"column\" data-settings=\"{&quot;architecturer_ext_is_mobile_menu&quot;:&quot;false&quot;,&quot;architecturer_ext_is_scrollme&quot;:&quot;false&quot;,&quot;architecturer_ext_is_smoove&quot;:&quot;false&quot;,&quot;architecturer_ext_is_parallax_mouse&quot;:&quot;false&quot;,&quot;architecturer_ext_is_infinite&quot;:&quot;false&quot;,&quot;architecturer_ext_is_fadeout_animation&quot;:&quot;false&quot;}\">\n\t\t\t<div class=\"elementor-column-wrap elementor-element-populated\">\n\t\t\t\t\t\t\t<div class=\"elementor-widget-wrap\">\n\t\t\t\t\t\t<div class=\"elementor-element elementor-element-7353e3d0 elementor-widget elementor-widget-spacer\" data-id=\"7353e3d0\" data-element_type=\"widget\" data-settings=\"{&quot;architecturer_ext_is_mobile_menu&quot;:&quot;false&quot;,&quot;architecturer_ext_is_scrollme&quot;:&quot;false&quot;,&quot;architecturer_ext_is_smoove&quot;:&quot;false&quot;,&quot;architecturer_ext_is_parallax_mouse&quot;:&quot;false&quot;,&quot;architecturer_ext_is_infinite&quot;:&quot;false&quot;,&quot;architecturer_ext_is_fadeout_animation&quot;:&quot;false&quot;}\" data-widget_type=\"spacer.default\">\n\t\t\t\t<div class=\"elementor-widget-container\">\n\t\t\t\t\t<div class=\"elementor-spacer\">\n\t\t\t<div class=\"elementor-spacer-inner\"><\/div>\n\t\t<\/div>\n\t\t\t\t<\/div>\n\t\t\t\t<\/div>\n\t\t\t\t\t\t<\/div>\n\t\t\t\t\t<\/div>\n\t\t<\/div>\n\t\t\t\t\t\t\t\t<\/div>\n\t\t\t\t\t<\/div>\n\t\t<\/section>\n\t\t\t\t<section class=\"elementor-section elementor-top-section elementor-element elementor-element-73b3eb16 elementor-section-boxed elementor-section-height-default elementor-section-height-default\" data-id=\"73b3eb16\" data-element_type=\"section\" data-settings=\"{&quot;architecturer_ext_is_background_parallax&quot;:&quot;false&quot;,&quot;architecturer_ext_is_background_on_scroll&quot;:&quot;false&quot;}\">\n\t\t\t\t\t\t<div class=\"elementor-container elementor-column-gap-wider\">\n\t\t\t\t\t\t\t<div class=\"elementor-row\">\n\t\t\t\t\t<div class=\"elementor-column elementor-col-33 elementor-top-column elementor-element elementor-element-2d487cba\" data-id=\"2d487cba\" data-element_type=\"column\" data-settings=\"{&quot;architecturer_ext_is_mobile_menu&quot;:&quot;false&quot;,&quot;architecturer_ext_is_scrollme&quot;:&quot;false&quot;,&quot;architecturer_ext_is_smoove&quot;:&quot;false&quot;,&quot;architecturer_ext_is_parallax_mouse&quot;:&quot;false&quot;,&quot;architecturer_ext_is_infinite&quot;:&quot;false&quot;,&quot;architecturer_ext_is_fadeout_animation&quot;:&quot;false&quot;}\">\n\t\t\t<div class=\"elementor-column-wrap elementor-element-populated\">\n\t\t\t\t\t\t\t<div class=\"elementor-widget-wrap\">\n\t\t\t\t\t\t<div class=\"elementor-element elementor-element-7a97b72 elementor-widget elementor-widget-photographer-gallery-grid\" data-id=\"7a97b72\" data-element_type=\"widget\" data-settings=\"{&quot;architecturer_ext_is_mobile_menu&quot;:&quot;false&quot;,&quot;architecturer_ext_is_scrollme&quot;:&quot;false&quot;,&quot;architecturer_ext_is_smoove&quot;:&quot;false&quot;,&quot;architecturer_ext_is_parallax_mouse&quot;:&quot;false&quot;,&quot;architecturer_ext_is_infinite&quot;:&quot;false&quot;,&quot;architecturer_ext_is_fadeout_animation&quot;:&quot;false&quot;}\" data-widget_type=\"photographer-gallery-grid.default\">\n\t\t\t\t<div class=\"elementor-widget-container\">\n\t\t\t<div class=\"gallery_grid_content_wrapper layout_tg_one_cols \">\n\t\t<div class=\"gallery_grid_item tg_one_cols last gallery-grid-tilt \">\n\t\t\t\t\t\t\t<a class=\"tg_gallery_lightbox\" href=\"https:\/\/sayconcept.com\/arc\/wp-content\/uploads\/2018\/09\/sayconcept-nhahang-auco-sanvuon-02.jpg\" data-thumb=\"https:\/\/sayconcept.com\/arc\/wp-content\/uploads\/2018\/09\/sayconcept-nhahang-auco-sanvuon-02-300x225.jpg\" data-rel=\"tg_gallery7a97b72\" data-title=\"sayconcept-nhahang-auco-sanvuon-02\" >\n\t\t\t\t\t\t\t<img  src=\"https:\/\/sayconcept.com\/arc\/wp-content\/uploads\/2018\/09\/sayconcept-nhahang-auco-sanvuon-02.jpg\" class=\"\" alt=\"\" \/>\n\t\t\t\t\t\n\t\t\t\t<div class=\"bg_overlay\"><\/div>\n\t\t\t\t<div class=\"tg_gallery_grid_title\">sayconcept-nhahang-auco-sanvuon-02<\/div>\n\t\t\t\t\t\t\t<\/a>\n\t\t\t\t\t<\/div>\n\t\t<div class=\"gallery_grid_item tg_one_cols last gallery-grid-tilt \">\n\t\t\t\t\t\t\t<a class=\"tg_gallery_lightbox\" href=\"https:\/\/sayconcept.com\/arc\/wp-content\/uploads\/2018\/09\/sayconcept-nhahang-auco-sanhvip-06.jpg\" data-thumb=\"https:\/\/sayconcept.com\/arc\/wp-content\/uploads\/2018\/09\/sayconcept-nhahang-auco-sanhvip-06-300x225.jpg\" data-rel=\"tg_gallery7a97b72\" data-title=\"sayconcept-nhahang-auco-sanhvip-06\" >\n\t\t\t\t\t\t\t<img  src=\"https:\/\/sayconcept.com\/arc\/wp-content\/uploads\/2018\/09\/sayconcept-nhahang-auco-sanhvip-06.jpg\" class=\"\" alt=\"Nh\u00e0 h\u00e0ng ti\u1ec7c c\u01b0\u1edbi \u00e2u c\u01a1 - S\u1ea3nh ti\u1ec7c\" \/>\n\t\t\t\t\t\n\t\t\t\t<div class=\"bg_overlay\"><\/div>\n\t\t\t\t<div class=\"tg_gallery_grid_title\">sayconcept-nhahang-auco-sanhvip-06<\/div>\n\t\t\t\t\t\t\t<\/a>\n\t\t\t\t\t<\/div>\n\t\t<div class=\"gallery_grid_item tg_one_cols last gallery-grid-tilt \">\n\t\t\t\t\t\t\t<a class=\"tg_gallery_lightbox\" href=\"https:\/\/sayconcept.com\/arc\/wp-content\/uploads\/2018\/09\/sayconcept-nhahang-auco-sanhchinh-03.jpg\" data-thumb=\"https:\/\/sayconcept.com\/arc\/wp-content\/uploads\/2018\/09\/sayconcept-nhahang-auco-sanhchinh-03-300x175.jpg\" data-rel=\"tg_gallery7a97b72\" data-title=\"sayconcept-nhahang-auco-sanhchinh-03\" >\n\t\t\t\t\t\t\t<img  src=\"https:\/\/sayconcept.com\/arc\/wp-content\/uploads\/2018\/09\/sayconcept-nhahang-auco-sanhchinh-03.jpg\" class=\"\" alt=\"Nh\u00e0 h\u00e0ng ti\u1ec7c c\u01b0\u1edbi \u00e2u c\u01a1 - S\u1ea3nh \u0111\u00f3n kh\u00e1ch\" \/>\n\t\t\t\t\t\n\t\t\t\t<div class=\"bg_overlay\"><\/div>\n\t\t\t\t<div class=\"tg_gallery_grid_title\">sayconcept-nhahang-auco-sanhchinh-03<\/div>\n\t\t\t\t\t\t\t<\/a>\n\t\t\t\t\t<\/div>\n\t\t<div class=\"gallery_grid_item tg_one_cols last gallery-grid-tilt \">\n\t\t\t\t\t\t\t<a class=\"tg_gallery_lightbox\" href=\"https:\/\/sayconcept.com\/arc\/wp-content\/uploads\/2018\/09\/sayconcept-nhahang-auco-sanhvip-02.jpg\" data-thumb=\"https:\/\/sayconcept.com\/arc\/wp-content\/uploads\/2018\/09\/sayconcept-nhahang-auco-sanhvip-02-300x225.jpg\" data-rel=\"tg_gallery7a97b72\" data-title=\"sayconcept-nhahang-auco-sanhvip-02\" >\n\t\t\t\t\t\t\t<img  src=\"https:\/\/sayconcept.com\/arc\/wp-content\/uploads\/2018\/09\/sayconcept-nhahang-auco-sanhvip-02.jpg\" class=\"\" alt=\"Nh\u00e0 h\u00e0ng ti\u1ec7c c\u01b0\u1edbi \u00e2u c\u01a1 - S\u1ea3nh ti\u1ec7c\" \/>\n\t\t\t\t\t\n\t\t\t\t<div class=\"bg_overlay\"><\/div>\n\t\t\t\t<div class=\"tg_gallery_grid_title\">sayconcept-nhahang-auco-sanhvip-02<\/div>\n\t\t\t\t\t\t\t<\/a>\n\t\t\t\t\t<\/div>\n\t\t<div class=\"gallery_grid_item tg_one_cols last gallery-grid-tilt \">\n\t\t\t\t\t\t\t<a class=\"tg_gallery_lightbox\" href=\"https:\/\/sayconcept.com\/arc\/wp-content\/uploads\/2018\/09\/sayconcept-nhahang-auco-sanhvip-15.jpg\" data-thumb=\"https:\/\/sayconcept.com\/arc\/wp-content\/uploads\/2018\/09\/sayconcept-nhahang-auco-sanhvip-15-300x225.jpg\" data-rel=\"tg_gallery7a97b72\" data-title=\"sayconcept-nhahang-auco-sanhvip-15\" >\n\t\t\t\t\t\t\t<img  src=\"https:\/\/sayconcept.com\/arc\/wp-content\/uploads\/2018\/09\/sayconcept-nhahang-auco-sanhvip-15.jpg\" class=\"\" alt=\"Nh\u00e0 h\u00e0ng ti\u1ec7c c\u01b0\u1edbi \u00e2u c\u01a1 - S\u1ea3nh ti\u1ec7c\" \/>\n\t\t\t\t\t\n\t\t\t\t<div class=\"bg_overlay\"><\/div>\n\t\t\t\t<div class=\"tg_gallery_grid_title\">sayconcept-nhahang-auco-sanhvip-15<\/div>\n\t\t\t\t\t\t\t<\/a>\n\t\t\t\t\t<\/div>\n<br class=\"clear\"\/>\n<\/div>\n\t\t<\/div>\n\t\t\t\t<\/div>\n\t\t\t\t\t\t<\/div>\n\t\t\t\t\t<\/div>\n\t\t<\/div>\n\t\t\t\t<div class=\"elementor-column elementor-col-66 elementor-top-column elementor-element elementor-element-6173c5bf\" data-id=\"6173c5bf\" data-element_type=\"column\" data-settings=\"{&quot;architecturer_ext_is_mobile_menu&quot;:&quot;false&quot;,&quot;architecturer_ext_is_scrollme&quot;:&quot;false&quot;,&quot;architecturer_ext_is_smoove&quot;:&quot;false&quot;,&quot;architecturer_ext_is_parallax_mouse&quot;:&quot;false&quot;,&quot;architecturer_ext_is_infinite&quot;:&quot;false&quot;,&quot;architecturer_ext_is_fadeout_animation&quot;:&quot;false&quot;}\">\n\t\t\t<div class=\"elementor-column-wrap elementor-element-populated\">\n\t\t\t\t\t\t\t<div class=\"elementor-widget-wrap\">\n\t\t\t\t\t\t<div class=\"elementor-element elementor-element-6a077707 elementor-widget elementor-widget-heading\" data-id=\"6a077707\" data-element_type=\"widget\" data-settings=\"{&quot;architecturer_ext_is_mobile_menu&quot;:&quot;false&quot;,&quot;architecturer_ext_is_scrollme&quot;:&quot;false&quot;,&quot;architecturer_ext_is_smoove&quot;:&quot;false&quot;,&quot;architecturer_ext_is_parallax_mouse&quot;:&quot;false&quot;,&quot;architecturer_ext_is_infinite&quot;:&quot;false&quot;,&quot;architecturer_ext_is_fadeout_animation&quot;:&quot;false&quot;}\" data-widget_type=\"heading.default\">\n\t\t\t\t<div class=\"elementor-widget-container\">\n\t\t\t<h2 class=\"elementor-heading-title elementor-size-default\">Nh\u00e0 H\u00e0ng Ti\u1ec7c C\u01b0\u1edbi \u00c2u C\u01a1<\/h2>\t\t<\/div>\n\t\t\t\t<\/div>\n\t\t\t\t<div class=\"elementor-element elementor-element-41c23278 elementor-widget elementor-widget-spacer\" data-id=\"41c23278\" data-element_type=\"widget\" data-settings=\"{&quot;architecturer_ext_is_mobile_menu&quot;:&quot;false&quot;,&quot;architecturer_ext_is_scrollme&quot;:&quot;false&quot;,&quot;architecturer_ext_is_smoove&quot;:&quot;false&quot;,&quot;architecturer_ext_is_parallax_mouse&quot;:&quot;false&quot;,&quot;architecturer_ext_is_infinite&quot;:&quot;false&quot;,&quot;architecturer_ext_is_fadeout_animation&quot;:&quot;false&quot;}\" data-widget_type=\"spacer.default\">\n\t\t\t\t<div class=\"elementor-widget-container\">\n\t\t\t\t\t<div class=\"elementor-spacer\">\n\t\t\t<div class=\"elementor-spacer-inner\"><\/div>\n\t\t<\/div>\n\t\t\t\t<\/div>\n\t\t\t\t<\/div>\n\t\t\t\t<div class=\"elementor-element elementor-element-303f6566 elementor-widget elementor-widget-text-editor\" data-id=\"303f6566\" data-element_type=\"widget\" data-settings=\"{&quot;architecturer_ext_is_mobile_menu&quot;:&quot;false&quot;,&quot;architecturer_ext_is_scrollme&quot;:&quot;false&quot;,&quot;architecturer_ext_is_smoove&quot;:&quot;false&quot;,&quot;architecturer_ext_is_parallax_mouse&quot;:&quot;false&quot;,&quot;architecturer_ext_is_infinite&quot;:&quot;false&quot;,&quot;architecturer_ext_is_fadeout_animation&quot;:&quot;false&quot;}\" data-widget_type=\"text-editor.default\">\n\t\t\t\t<div class=\"elementor-widget-container\">\n\t\t\t\t\t\t\t\t<div class=\"elementor-text-editor elementor-clearfix\">\n\t\t\t\t<p><strong>V\u1ecb tr\u00ed :<\/strong>\u00a0\u00c2u c\u01a1 &#8211; T\u00e2n B\u00ecnh<\/p><p><strong>Quy m\u00f4:<\/strong>\u00a04 t\u1ea7ng<\/p><p>\u0110\u00e1p \u1ee9ng nhu c\u1ea7u t\u1ed5 ch\u1ee9c ti\u1ec7c c\u01b0\u1edbi &#8211; s\u1ef1 ki\u1ec7n<\/p>\t\t\t\t\t<\/div>\n\t\t\t\t\t\t<\/div>\n\t\t\t\t<\/div>\n\t\t\t\t<div class=\"elementor-element elementor-element-112b124f elementor-widget elementor-widget-spacer\" data-id=\"112b124f\" data-element_type=\"widget\" data-settings=\"{&quot;architecturer_ext_is_mobile_menu&quot;:&quot;false&quot;,&quot;architecturer_ext_is_scrollme&quot;:&quot;false&quot;,&quot;architecturer_ext_is_smoove&quot;:&quot;false&quot;,&quot;architecturer_ext_is_parallax_mouse&quot;:&quot;false&quot;,&quot;architecturer_ext_is_infinite&quot;:&quot;false&quot;,&quot;architecturer_ext_is_fadeout_animation&quot;:&quot;false&quot;}\" data-widget_type=\"spacer.default\">\n\t\t\t\t<div class=\"elementor-widget-container\">\n\t\t\t\t\t<div class=\"elementor-spacer\">\n\t\t\t<div class=\"elementor-spacer-inner\"><\/div>\n\t\t<\/div>\n\t\t\t\t<\/div>\n\t\t\t\t<\/div>\n\t\t\t\t<div class=\"elementor-element elementor-element-5681d9f1 elementor-widget elementor-widget-image\" data-id=\"5681d9f1\" data-element_type=\"widget\" data-settings=\"{&quot;architecturer_image_is_animation&quot;:&quot;false&quot;,&quot;architecturer_ext_is_mobile_menu&quot;:&quot;false&quot;,&quot;architecturer_ext_is_scrollme&quot;:&quot;false&quot;,&quot;architecturer_ext_is_smoove&quot;:&quot;false&quot;,&quot;architecturer_ext_is_parallax_mouse&quot;:&quot;false&quot;,&quot;architecturer_ext_is_infinite&quot;:&quot;false&quot;,&quot;architecturer_ext_is_fadeout_animation&quot;:&quot;false&quot;}\" data-widget_type=\"image.default\">\n\t\t\t\t<div class=\"elementor-widget-container\">\n\t\t\t\t\t\t\t\t<div class=\"elementor-image\">\n\t\t\t\t\t\t\t\t\t\t\t\t<img width=\"768\" height=\"1024\" src=\"https:\/\/sayconcept.com\/arc\/wp-content\/uploads\/2018\/09\/sayconcept-nhahang-auco-phoicanh-02-768x1024.jpg\" class=\"attachment-large size-large\" alt=\"Ph\u1ed1i c\u1ea3nh ch\u00ednh Nh\u00e0 h\u00e0ng Ti\u1ec7c c\u01b0\u1edbi \u00c2u C\u01a1Ph\u1ed1i c\u1ea3nh ch\u00ednh Nh\u00e0 h\u00e0ng Ti\u1ec7c c\u01b0\u1edbi \u00c2u C\u01a1\" loading=\"lazy\" srcset=\"https:\/\/sayconcept.com\/arc\/wp-content\/uploads\/2018\/09\/sayconcept-nhahang-auco-phoicanh-02-768x1024.jpg 768w, https:\/\/sayconcept.com\/arc\/wp-content\/uploads\/2018\/09\/sayconcept-nhahang-auco-phoicanh-02-600x800.jpg 600w, https:\/\/sayconcept.com\/arc\/wp-content\/uploads\/2018\/09\/sayconcept-nhahang-auco-phoicanh-02-225x300.jpg 225w, https:\/\/sayconcept.com\/arc\/wp-content\/uploads\/2018\/09\/sayconcept-nhahang-auco-phoicanh-02-440x587.jpg 440w, https:\/\/sayconcept.com\/arc\/wp-content\/uploads\/2018\/09\/sayconcept-nhahang-auco-phoicanh-02.jpg 1050w\" sizes=\"(max-width: 768px) 100vw, 768px\" \/>\t\t\t\t\t\t\t\t\t\t\t\t\t\t<\/div>\n\t\t\t\t\t\t<\/div>\n\t\t\t\t<\/div>\n\t\t\t\t\t\t<\/div>\n\t\t\t\t\t<\/div>\n\t\t<\/div>\n\t\t\t\t\t\t\t\t<\/div>\n\t\t\t\t\t<\/div>\n\t\t<\/section>\n\t\t\t\t\t\t<\/div>\n\t\t\t\t\t\t<\/div>\n\t\t\t\t\t<\/div>\n\t\t","protected":false},"excerpt":{"rendered":"<p>sayconcept-nhahang-auco-sanvuon-02 sayconcept-nhahang-auco-sanhvip-06 sayconcept-nhahang-auco-sanhchinh-03 sayconcept-nhahang-auco-sanhvip-02 sayconcept-nhahang-auco-sanhvip-15 Nh\u00e0 H\u00e0ng Ti\u1ec7c C\u01b0\u1edbi \u00c2u C\u01a1 V\u1ecb tr\u00ed :\u00a0\u00c2u c\u01a1 &#8211; T\u00e2n B\u00ecnh Quy m\u00f4:\u00a04 t\u1ea7ng \u0110\u00e1p \u1ee9ng nhu c\u1ea7u t\u1ed5 ch\u1ee9c ti\u1ec7c c\u01b0\u1edbi &#8211; s\u1ef1 ki\u1ec7n<\/p>\n","protected":false},"author":1,"featured_media":0,"parent":0,"menu_order":0,"comment_status":"closed","ping_status":"closed","template":"","meta":[],"yoast_head":"<!-- This site is optimized with the Yoast SEO plugin v17.8 - https:\/\/yoast.com\/wordpress\/plugins\/seo\/ -->\n<title>D\u1ef0 \u00c1N | Nh\u00e0 h\u00e0ng Ti\u1ec7c c\u01b0\u1edbi \u00c2u C\u01a1 - SAY concept<\/title>\n<meta name=\"robots\" content=\"index, follow, max-snippet:-1, max-image-preview:large, max-video-preview:-1\" \/>\n<link rel=\"canonical\" href=\"https:\/\/sayconcept.com\/arc\/nha-hang-au-co\/\" \/>\n<meta property=\"og:locale\" content=\"en_US\" \/>\n<meta property=\"og:type\" content=\"article\" \/>\n<meta property=\"og:title\" content=\"D\u1ef0 \u00c1N | Nh\u00e0 h\u00e0ng Ti\u1ec7c c\u01b0\u1edbi \u00c2u C\u01a1 - SAY concept\" \/>\n<meta property=\"og:description\" content=\"sayconcept-nhahang-auco-sanvuon-02 sayconcept-nhahang-auco-sanhvip-06 sayconcept-nhahang-auco-sanhchinh-03 sayconcept-nhahang-auco-sanhvip-02 sayconcept-nhahang-auco-sanhvip-15 Nh\u00e0 H\u00e0ng Ti\u1ec7c C\u01b0\u1edbi \u00c2u C\u01a1 V\u1ecb tr\u00ed :\u00a0\u00c2u c\u01a1 &#8211; T\u00e2n B\u00ecnh Quy m\u00f4:\u00a04 t\u1ea7ng \u0110\u00e1p \u1ee9ng nhu c\u1ea7u t\u1ed5 ch\u1ee9c ti\u1ec7c c\u01b0\u1edbi &#8211; s\u1ef1 ki\u1ec7n\" \/>\n<meta property=\"og:url\" content=\"https:\/\/sayconcept.com\/arc\/nha-hang-au-co\/\" \/>\n<meta property=\"og:site_name\" content=\"SAY concept\" \/>\n<meta property=\"article:publisher\" content=\"https:\/\/www.facebook.com\/Sayconcept\/\" \/>\n<meta property=\"article:modified_time\" content=\"2018-09-30T13:32:03+00:00\" \/>\n<meta property=\"og:image\" content=\"https:\/\/sayconcept.com\/arc\/wp-content\/uploads\/2018\/09\/sayconcept-nhahang-auco-sanvuon-02.jpg\" \/>\n<meta name=\"twitter:card\" content=\"summary_large_image\" \/>\n<script type=\"application\/ld+json\" class=\"yoast-schema-graph\">{\"@context\":\"https:\/\/schema.org\",\"@graph\":[{\"@type\":\"WebSite\",\"@id\":\"https:\/\/sayconcept.com\/arc\/#website\",\"url\":\"https:\/\/sayconcept.com\/arc\/\",\"name\":\"SAY concept\",\"description\":\"Thi\\u1ebft k\\u1ebf kh\\u00f4ng gian s\\u1ed1ng\",\"potentialAction\":[{\"@type\":\"SearchAction\",\"target\":{\"@type\":\"EntryPoint\",\"urlTemplate\":\"https:\/\/sayconcept.com\/arc\/?s={search_term_string}\"},\"query-input\":\"required name=search_term_string\"}],\"inLanguage\":\"en-US\"},{\"@type\":\"ImageObject\",\"@id\":\"https:\/\/sayconcept.com\/arc\/nha-hang-au-co\/#primaryimage\",\"inLanguage\":\"en-US\",\"url\":\"https:\/\/sayconcept.com\/arc\/wp-content\/uploads\/2018\/09\/sayconcept-nhahang-auco-sanvuon-02.jpg\",\"contentUrl\":\"https:\/\/sayconcept.com\/arc\/wp-content\/uploads\/2018\/09\/sayconcept-nhahang-auco-sanvuon-02.jpg\",\"width\":1400,\"height\":1050,\"caption\":\"Nh\\u00e0 h\\u00e0ng ti\\u1ec7c c\\u01b0\\u1edbi \\u00e2u c\\u01a1 - S\\u00e2n v\\u01b0\\u1eddn\"},{\"@type\":\"WebPage\",\"@id\":\"https:\/\/sayconcept.com\/arc\/nha-hang-au-co\/#webpage\",\"url\":\"https:\/\/sayconcept.com\/arc\/nha-hang-au-co\/\",\"name\":\"D\\u1ef0 \\u00c1N | Nh\\u00e0 h\\u00e0ng Ti\\u1ec7c c\\u01b0\\u1edbi \\u00c2u C\\u01a1 - SAY concept\",\"isPartOf\":{\"@id\":\"https:\/\/sayconcept.com\/arc\/#website\"},\"primaryImageOfPage\":{\"@id\":\"https:\/\/sayconcept.com\/arc\/nha-hang-au-co\/#primaryimage\"},\"datePublished\":\"2018-09-30T05:03:53+00:00\",\"dateModified\":\"2018-09-30T13:32:03+00:00\",\"breadcrumb\":{\"@id\":\"https:\/\/sayconcept.com\/arc\/nha-hang-au-co\/#breadcrumb\"},\"inLanguage\":\"en-US\",\"potentialAction\":[{\"@type\":\"ReadAction\",\"target\":[\"https:\/\/sayconcept.com\/arc\/nha-hang-au-co\/\"]}]},{\"@type\":\"BreadcrumbList\",\"@id\":\"https:\/\/sayconcept.com\/arc\/nha-hang-au-co\/#breadcrumb\",\"itemListElement\":[{\"@type\":\"ListItem\",\"position\":1,\"name\":\"Home\",\"item\":\"https:\/\/sayconcept.com\/arc\/\"},{\"@type\":\"ListItem\",\"position\":2,\"name\":\"D\\u1ef0 \\u00c1N | Nh\\u00e0 h\\u00e0ng Ti\\u1ec7c c\\u01b0\\u1edbi \\u00c2u C\\u01a1\"}]}]}<\/script>\n<!-- \/ Yoast SEO plugin. -->","yoast_head_json":{"title":"D\u1ef0 \u00c1N | Nh\u00e0 h\u00e0ng Ti\u1ec7c c\u01b0\u1edbi \u00c2u C\u01a1 - SAY concept","robots":{"index":"index","follow":"follow","max-snippet":"max-snippet:-1","max-image-preview":"max-image-preview:large","max-video-preview":"max-video-preview:-1"},"canonical":"https:\/\/sayconcept.com\/arc\/nha-hang-au-co\/","og_locale":"en_US","og_type":"article","og_title":"D\u1ef0 \u00c1N | Nh\u00e0 h\u00e0ng Ti\u1ec7c c\u01b0\u1edbi \u00c2u C\u01a1 - SAY concept","og_description":"sayconcept-nhahang-auco-sanvuon-02 sayconcept-nhahang-auco-sanhvip-06 sayconcept-nhahang-auco-sanhchinh-03 sayconcept-nhahang-auco-sanhvip-02 sayconcept-nhahang-auco-sanhvip-15 Nh\u00e0 H\u00e0ng Ti\u1ec7c C\u01b0\u1edbi \u00c2u C\u01a1 V\u1ecb tr\u00ed :\u00a0\u00c2u c\u01a1 &#8211; T\u00e2n B\u00ecnh Quy m\u00f4:\u00a04 t\u1ea7ng \u0110\u00e1p \u1ee9ng nhu c\u1ea7u t\u1ed5 ch\u1ee9c ti\u1ec7c c\u01b0\u1edbi &#8211; s\u1ef1 ki\u1ec7n","og_url":"https:\/\/sayconcept.com\/arc\/nha-hang-au-co\/","og_site_name":"SAY concept","article_publisher":"https:\/\/www.facebook.com\/Sayconcept\/","article_modified_time":"2018-09-30T13:32:03+00:00","og_image":[{"url":"https:\/\/sayconcept.com\/arc\/wp-content\/uploads\/2018\/09\/sayconcept-nhahang-auco-sanvuon-02.jpg"}],"twitter_card":"summary_large_image","schema":{"@context":"https:\/\/schema.org","@graph":[{"@type":"WebSite","@id":"https:\/\/sayconcept.com\/arc\/#website","url":"https:\/\/sayconcept.com\/arc\/","name":"SAY concept","description":"Thi\u1ebft k\u1ebf kh\u00f4ng gian s\u1ed1ng","potentialAction":[{"@type":"SearchAction","target":{"@type":"EntryPoint","urlTemplate":"https:\/\/sayconcept.com\/arc\/?s={search_term_string}"},"query-input":"required name=search_term_string"}],"inLanguage":"en-US"},{"@type":"ImageObject","@id":"https:\/\/sayconcept.com\/arc\/nha-hang-au-co\/#primaryimage","inLanguage":"en-US","url":"https:\/\/sayconcept.com\/arc\/wp-content\/uploads\/2018\/09\/sayconcept-nhahang-auco-sanvuon-02.jpg","contentUrl":"https:\/\/sayconcept.com\/arc\/wp-content\/uploads\/2018\/09\/sayconcept-nhahang-auco-sanvuon-02.jpg","width":1400,"height":1050,"caption":"Nh\u00e0 h\u00e0ng ti\u1ec7c c\u01b0\u1edbi \u00e2u c\u01a1 - S\u00e2n v\u01b0\u1eddn"},{"@type":"WebPage","@id":"https:\/\/sayconcept.com\/arc\/nha-hang-au-co\/#webpage","url":"https:\/\/sayconcept.com\/arc\/nha-hang-au-co\/","name":"D\u1ef0 \u00c1N | Nh\u00e0 h\u00e0ng Ti\u1ec7c c\u01b0\u1edbi \u00c2u C\u01a1 - SAY concept","isPartOf":{"@id":"https:\/\/sayconcept.com\/arc\/#website"},"primaryImageOfPage":{"@id":"https:\/\/sayconcept.com\/arc\/nha-hang-au-co\/#primaryimage"},"datePublished":"2018-09-30T05:03:53+00:00","dateModified":"2018-09-30T13:32:03+00:00","breadcrumb":{"@id":"https:\/\/sayconcept.com\/arc\/nha-hang-au-co\/#breadcrumb"},"inLanguage":"en-US","potentialAction":[{"@type":"ReadAction","target":["https:\/\/sayconcept.com\/arc\/nha-hang-au-co\/"]}]},{"@type":"BreadcrumbList","@id":"https:\/\/sayconcept.com\/arc\/nha-hang-au-co\/#breadcrumb","itemListElement":[{"@type":"ListItem","position":1,"name":"Home","item":"https:\/\/sayconcept.com\/arc\/"},{"@type":"ListItem","position":2,"name":"D\u1ef0 \u00c1N | Nh\u00e0 h\u00e0ng Ti\u1ec7c c\u01b0\u1edbi \u00c2u C\u01a1"}]}]}},"_links":{"self":[{"href":"https:\/\/sayconcept.com\/arc\/wp-json\/wp\/v2\/pages\/3069"}],"collection":[{"href":"https:\/\/sayconcept.com\/arc\/wp-json\/wp\/v2\/pages"}],"about":[{"href":"https:\/\/sayconcept.com\/arc\/wp-json\/wp\/v2\/types\/page"}],"author":[{"embeddable":true,"href":"https:\/\/sayconcept.com\/arc\/wp-json\/wp\/v2\/users\/1"}],"replies":[{"embeddable":true,"href":"https:\/\/sayconcept.com\/arc\/wp-json\/wp\/v2\/comments?post=3069"}],"version-history":[{"count":7,"href":"https:\/\/sayconcept.com\/arc\/wp-json\/wp\/v2\/pages\/3069\/revisions"}],"predecessor-version":[{"id":3099,"href":"https:\/\/sayconcept.com\/arc\/wp-json\/wp\/v2\/pages\/3069\/revisions\/3099"}],"wp:attachment":[{"href":"https:\/\/sayconcept.com\/arc\/wp-json\/wp\/v2\/media?parent=3069"}],"curies":[{"name":"wp","href":"https:\/\/api.w.org\/{rel}","templated":true}]}}